{"id":14048,"date":"2024-03-30T10:08:47","date_gmt":"2024-03-30T07:08:47","guid":{"rendered":"https:\/\/urolognet.com\/blog\/"},"modified":"2024-04-01T11:39:21","modified_gmt":"2024-04-01T08:39:21","slug":"blog","status":"publish","type":"page","link":"https:\/\/urolognet.com\/de\/blog\/","title":{"rendered":"Blog"},"content":{"rendered":"\t\t<div data-elementor-type=\"wp-page\" data-elementor-id=\"14048\" class=\"elementor elementor-14048 elementor-12650\" data-elementor-post-type=\"page\">\n\t\t\t\t<div class=\"elementor-element elementor-element-46d1d27 elementor-hidden-mobile elementor-hidden-tablet e-flex e-con-boxed e-con e-parent\" data-id=\"46d1d27\" data-element_type=\"container\" data-e-type=\"container\" data-settings=\"{&quot;background_background&quot;:&quot;classic&quot;,&quot;sticky&quot;:&quot;top&quot;,&quot;sticky_offset&quot;:135,&quot;sticky_on&quot;:[&quot;desktop&quot;,&quot;tablet&quot;,&quot;mobile&quot;],&quot;sticky_effects_offset&quot;:0,&quot;sticky_anchor_link_offset&quot;:0}\">\n\t\t\t\t\t<div class=\"e-con-inner\">\n\t\t\t\t\t<\/div>\n\t\t\t\t<\/div>\n\t\t<div class=\"elementor-element elementor-element-a1ce662 e-flex e-con-boxed e-con e-parent\" data-id=\"a1ce662\" data-element_type=\"container\" data-e-type=\"container\">\n\t\t\t\t\t<div class=\"e-con-inner\">\n\t\t\t\t<div class=\"elementor-element elementor-element-d6ebce5 elementor-grid-tablet-3 elementor-widget-tablet__width-initial elementor-grid-3 elementor-grid-mobile-1 elementor-posts--thumbnail-top elementor-card-shadow-yes elementor-posts__hover-gradient elementor-widget elementor-widget-posts\" data-id=\"d6ebce5\" data-element_type=\"widget\" data-e-type=\"widget\" data-settings=\"{&quot;cards_columns_tablet&quot;:&quot;3&quot;,&quot;pagination_type&quot;:&quot;prev_next&quot;,&quot;cards_columns&quot;:&quot;3&quot;,&quot;cards_columns_mobile&quot;:&quot;1&quot;,&quot;cards_row_gap&quot;:{&quot;unit&quot;:&quot;px&quot;,&quot;size&quot;:35,&quot;sizes&quot;:[]},&quot;cards_row_gap_tablet&quot;:{&quot;unit&quot;:&quot;px&quot;,&quot;size&quot;:&quot;&quot;,&quot;sizes&quot;:[]},&quot;cards_row_gap_mobile&quot;:{&quot;unit&quot;:&quot;px&quot;,&quot;size&quot;:&quot;&quot;,&quot;sizes&quot;:[]}}\" data-widget_type=\"posts.cards\">\n\t\t\t\t<div class=\"elementor-widget-container\">\n\t\t\t\t\t\t\t<div class=\"elementor-posts-container elementor-posts elementor-posts--skin-cards elementor-grid\">\n\t\t\t\t<article class=\"elementor-post elementor-grid-item post-14323 post type-post status-publish format-standard has-post-thumbnail hentry category-unkategorisiert\">\n\t\t\t<div class=\"elementor-post__card\">\n\t\t\t\t<a class=\"elementor-post__thumbnail__link\" href=\"https:\/\/urolognet.com\/de\/prostata-chirurgie-behandlungen\/\" tabindex=\"-1\" ><div class=\"elementor-post__thumbnail\"><img fetchpriority=\"high\" decoding=\"async\" width=\"798\" height=\"400\" src=\"https:\/\/urolognet.com\/wp-content\/uploads\/2022\/06\/Prostat-Ameliyati-Tedavileri.webp\" class=\"attachment-full size-full wp-image-13967\" alt=\"\" srcset=\"https:\/\/urolognet.com\/wp-content\/uploads\/2022\/06\/Prostat-Ameliyati-Tedavileri.webp 798w, https:\/\/urolognet.com\/wp-content\/uploads\/2022\/06\/Prostat-Ameliyati-Tedavileri-300x150.webp 300w, https:\/\/urolognet.com\/wp-content\/uploads\/2022\/06\/Prostat-Ameliyati-Tedavileri-768x385.webp 768w\" sizes=\"(max-width: 798px) 100vw, 798px\" title=\"\"><\/div><\/a>\n\t\t\t\t<div class=\"elementor-post__text\">\n\t\t\t\t<h3 class=\"elementor-post__title\">\n\t\t\t<a href=\"https:\/\/urolognet.com\/de\/prostata-chirurgie-behandlungen\/\" >\n\t\t\t\tProstata-Chirurgie Behandlungen\t\t\t<\/a>\n\t\t<\/h3>\n\t\t\t\t<div class=\"elementor-post__excerpt\">\n\t\t\t<p>Prostataoperationen k\u00f6nnen die Entfernung der Prostata, Prostatektomie, Strahlentherapie und Kryotherapie umfassen.<\/p>\n\t\t<\/div>\n\t\t\t\t<\/div>\n\t\t\t\t\t<\/div>\n\t\t<\/article>\n\t\t\t\t<article class=\"elementor-post elementor-grid-item post-14327 post type-post status-publish format-standard has-post-thumbnail hentry category-unkategorisiert\">\n\t\t\t<div class=\"elementor-post__card\">\n\t\t\t\t<a class=\"elementor-post__thumbnail__link\" href=\"https:\/\/urolognet.com\/de\/chirurgie-bei-steinleiden-des-harnsystems\/\" tabindex=\"-1\" ><div class=\"elementor-post__thumbnail\"><img decoding=\"async\" width=\"798\" height=\"400\" src=\"https:\/\/urolognet.com\/wp-content\/uploads\/2022\/06\/Uriner-Sistem-Tas-Hastaligi-Ameliyati.webp\" class=\"attachment-full size-full wp-image-13970\" alt=\"\" srcset=\"https:\/\/urolognet.com\/wp-content\/uploads\/2022\/06\/Uriner-Sistem-Tas-Hastaligi-Ameliyati.webp 798w, https:\/\/urolognet.com\/wp-content\/uploads\/2022\/06\/Uriner-Sistem-Tas-Hastaligi-Ameliyati-300x150.webp 300w, https:\/\/urolognet.com\/wp-content\/uploads\/2022\/06\/Uriner-Sistem-Tas-Hastaligi-Ameliyati-768x385.webp 768w\" sizes=\"(max-width: 798px) 100vw, 798px\" title=\"\"><\/div><\/a>\n\t\t\t\t<div class=\"elementor-post__text\">\n\t\t\t\t<h3 class=\"elementor-post__title\">\n\t\t\t<a href=\"https:\/\/urolognet.com\/de\/chirurgie-bei-steinleiden-des-harnsystems\/\" >\n\t\t\t\tChirurgie bei Steinleiden des Harnsystems\t\t\t<\/a>\n\t\t<\/h3>\n\t\t\t\t<div class=\"elementor-post__excerpt\">\n\t\t\t<p>Die Operation von Harnwegssteinen ist ein g\u00e4ngiges Verfahren, mit dem verschiedene Arten von Steinen im Harntrakt behandelt werden k\u00f6nnen.<\/p>\n\t\t<\/div>\n\t\t\t\t<\/div>\n\t\t\t\t\t<\/div>\n\t\t<\/article>\n\t\t\t\t<article class=\"elementor-post elementor-grid-item post-14337 post type-post status-publish format-standard has-post-thumbnail hentry category-unkategorisiert\">\n\t\t\t<div class=\"elementor-post__card\">\n\t\t\t\t<a class=\"elementor-post__thumbnail__link\" href=\"https:\/\/urolognet.com\/de\/penisverkruemmung-chirurgie-2022\/\" tabindex=\"-1\" ><div class=\"elementor-post__thumbnail\"><img decoding=\"async\" width=\"798\" height=\"400\" src=\"https:\/\/urolognet.com\/wp-content\/uploads\/2022\/06\/Penis-Egriligi-Ameliyati.webp\" class=\"attachment-full size-full wp-image-13973\" alt=\"\" srcset=\"https:\/\/urolognet.com\/wp-content\/uploads\/2022\/06\/Penis-Egriligi-Ameliyati.webp 798w, https:\/\/urolognet.com\/wp-content\/uploads\/2022\/06\/Penis-Egriligi-Ameliyati-300x150.webp 300w, https:\/\/urolognet.com\/wp-content\/uploads\/2022\/06\/Penis-Egriligi-Ameliyati-768x385.webp 768w\" sizes=\"(max-width: 798px) 100vw, 798px\" title=\"\"><\/div><\/a>\n\t\t\t\t<div class=\"elementor-post__text\">\n\t\t\t\t<h3 class=\"elementor-post__title\">\n\t\t\t<a href=\"https:\/\/urolognet.com\/de\/penisverkruemmung-chirurgie-2022\/\" >\n\t\t\t\tPenisverkr\u00fcmmung Chirurgie 2022\t\t\t<\/a>\n\t\t<\/h3>\n\t\t\t\t<div class=\"elementor-post__excerpt\">\n\t\t\t<p>Die Penisverkr\u00fcmmungschirurgie ist ein Verfahren, das zur Korrektur der Penisverkr\u00fcmmung eingesetzt werden kann.<\/p>\n\t\t<\/div>\n\t\t\t\t<\/div>\n\t\t\t\t\t<\/div>\n\t\t<\/article>\n\t\t\t\t<article class=\"elementor-post elementor-grid-item post-14341 post type-post status-publish format-standard has-post-thumbnail hentry category-unkategorisiert\">\n\t\t\t<div class=\"elementor-post__card\">\n\t\t\t\t<a class=\"elementor-post__thumbnail__link\" href=\"https:\/\/urolognet.com\/de\/vorzeitige-ejakulation-chirurgie-behandlung\/\" tabindex=\"-1\" ><div class=\"elementor-post__thumbnail\"><img loading=\"lazy\" decoding=\"async\" width=\"798\" height=\"400\" src=\"https:\/\/urolognet.com\/wp-content\/uploads\/2022\/06\/Erken-Bosalma-Ameliyati-Tedavisi.webp\" class=\"attachment-full size-full wp-image-13976\" alt=\"\" srcset=\"https:\/\/urolognet.com\/wp-content\/uploads\/2022\/06\/Erken-Bosalma-Ameliyati-Tedavisi.webp 798w, https:\/\/urolognet.com\/wp-content\/uploads\/2022\/06\/Erken-Bosalma-Ameliyati-Tedavisi-300x150.webp 300w, https:\/\/urolognet.com\/wp-content\/uploads\/2022\/06\/Erken-Bosalma-Ameliyati-Tedavisi-768x385.webp 768w\" sizes=\"(max-width: 798px) 100vw, 798px\" title=\"\"><\/div><\/a>\n\t\t\t\t<div class=\"elementor-post__text\">\n\t\t\t\t<h3 class=\"elementor-post__title\">\n\t\t\t<a href=\"https:\/\/urolognet.com\/de\/vorzeitige-ejakulation-chirurgie-behandlung\/\" >\n\t\t\t\tVorzeitige Ejakulation Chirurgie Behandlung\t\t\t<\/a>\n\t\t<\/h3>\n\t\t\t\t<div class=\"elementor-post__excerpt\">\n\t\t\t<p>Vorzeitige Ejakulation ist ein h\u00e4ufiges Problem, das 30 Prozent der M\u00e4nner betrifft.<\/p>\n\t\t<\/div>\n\t\t\t\t<\/div>\n\t\t\t\t\t<\/div>\n\t\t<\/article>\n\t\t\t\t<article class=\"elementor-post elementor-grid-item post-14345 post type-post status-publish format-standard has-post-thumbnail hentry category-unkategorisiert\">\n\t\t\t<div class=\"elementor-post__card\">\n\t\t\t\t<a class=\"elementor-post__thumbnail__link\" href=\"https:\/\/urolognet.com\/de\/sexuelle-unlust-chirurgie-behandlung\/\" tabindex=\"-1\" ><div class=\"elementor-post__thumbnail\"><img loading=\"lazy\" decoding=\"async\" width=\"798\" height=\"400\" src=\"https:\/\/urolognet.com\/wp-content\/uploads\/2022\/06\/Cinsel-Isteksizlik-Ameliyati-Tedavisi.webp\" class=\"attachment-full size-full wp-image-13979\" alt=\"\" srcset=\"https:\/\/urolognet.com\/wp-content\/uploads\/2022\/06\/Cinsel-Isteksizlik-Ameliyati-Tedavisi.webp 798w, https:\/\/urolognet.com\/wp-content\/uploads\/2022\/06\/Cinsel-Isteksizlik-Ameliyati-Tedavisi-300x150.webp 300w, https:\/\/urolognet.com\/wp-content\/uploads\/2022\/06\/Cinsel-Isteksizlik-Ameliyati-Tedavisi-768x385.webp 768w\" sizes=\"(max-width: 798px) 100vw, 798px\" title=\"\"><\/div><\/a>\n\t\t\t\t<div class=\"elementor-post__text\">\n\t\t\t\t<h3 class=\"elementor-post__title\">\n\t\t\t<a href=\"https:\/\/urolognet.com\/de\/sexuelle-unlust-chirurgie-behandlung\/\" >\n\t\t\t\tSexuelle Unlust Chirurgie Behandlung\t\t\t<\/a>\n\t\t<\/h3>\n\t\t\t\t<div class=\"elementor-post__excerpt\">\n\t\t\t<p>Die Operation der sexuellen Unlust ist die Behandlung von Menschen, die Schwierigkeiten haben, einen Orgasmus zu erreichen.<\/p>\n\t\t<\/div>\n\t\t\t\t<\/div>\n\t\t\t\t\t<\/div>\n\t\t<\/article>\n\t\t\t\t<article class=\"elementor-post elementor-grid-item post-14349 post type-post status-publish format-standard has-post-thumbnail hentry category-unkategorisiert\">\n\t\t\t<div class=\"elementor-post__card\">\n\t\t\t\t<a class=\"elementor-post__thumbnail__link\" href=\"https:\/\/urolognet.com\/de\/aktuelle-loesungen-fuer-vorzeitige-ejakulation\/\" tabindex=\"-1\" ><div class=\"elementor-post__thumbnail\"><img loading=\"lazy\" decoding=\"async\" width=\"798\" height=\"400\" src=\"https:\/\/urolognet.com\/wp-content\/uploads\/2022\/06\/Erken-Bosalmaya-Guncel-Cozumler.webp\" class=\"attachment-full size-full wp-image-13982\" alt=\"\" srcset=\"https:\/\/urolognet.com\/wp-content\/uploads\/2022\/06\/Erken-Bosalmaya-Guncel-Cozumler.webp 798w, https:\/\/urolognet.com\/wp-content\/uploads\/2022\/06\/Erken-Bosalmaya-Guncel-Cozumler-300x150.webp 300w, https:\/\/urolognet.com\/wp-content\/uploads\/2022\/06\/Erken-Bosalmaya-Guncel-Cozumler-768x385.webp 768w\" sizes=\"(max-width: 798px) 100vw, 798px\" title=\"\"><\/div><\/a>\n\t\t\t\t<div class=\"elementor-post__text\">\n\t\t\t\t<h3 class=\"elementor-post__title\">\n\t\t\t<a href=\"https:\/\/urolognet.com\/de\/aktuelle-loesungen-fuer-vorzeitige-ejakulation\/\" >\n\t\t\t\tAktuelle L\u00f6sungen f\u00fcr vorzeitige Ejakulation\t\t\t<\/a>\n\t\t<\/h3>\n\t\t\t\t<div class=\"elementor-post__excerpt\">\n\t\t\t<p>Die naheliegendste Option unter den L\u00f6sungsvorschl\u00e4gen ist die Operation der vorzeitigen Ejakulation.<\/p>\n\t\t<\/div>\n\t\t\t\t<\/div>\n\t\t\t\t\t<\/div>\n\t\t<\/article>\n\t\t\t\t<article class=\"elementor-post elementor-grid-item post-14353 post type-post status-publish format-standard has-post-thumbnail hentry category-unkategorisiert\">\n\t\t\t<div class=\"elementor-post__card\">\n\t\t\t\t<a class=\"elementor-post__thumbnail__link\" href=\"https:\/\/urolognet.com\/de\/die-wirksamsten-behandlungen-fuer-vorzeitige-ejakulation\/\" tabindex=\"-1\" ><div class=\"elementor-post__thumbnail\"><img loading=\"lazy\" decoding=\"async\" width=\"798\" height=\"400\" src=\"https:\/\/urolognet.com\/wp-content\/uploads\/2022\/06\/En-Etkili-Erken-Bosalma-Tedavileri.webp\" class=\"attachment-full size-full wp-image-13985\" alt=\"\" srcset=\"https:\/\/urolognet.com\/wp-content\/uploads\/2022\/06\/En-Etkili-Erken-Bosalma-Tedavileri.webp 798w, https:\/\/urolognet.com\/wp-content\/uploads\/2022\/06\/En-Etkili-Erken-Bosalma-Tedavileri-300x150.webp 300w, https:\/\/urolognet.com\/wp-content\/uploads\/2022\/06\/En-Etkili-Erken-Bosalma-Tedavileri-768x385.webp 768w\" sizes=\"(max-width: 798px) 100vw, 798px\" title=\"\"><\/div><\/a>\n\t\t\t\t<div class=\"elementor-post__text\">\n\t\t\t\t<h3 class=\"elementor-post__title\">\n\t\t\t<a href=\"https:\/\/urolognet.com\/de\/die-wirksamsten-behandlungen-fuer-vorzeitige-ejakulation\/\" >\n\t\t\t\tDie wirksamsten Behandlungen f\u00fcr vorzeitige Ejakulation\t\t\t<\/a>\n\t\t<\/h3>\n\t\t\t\t<div class=\"elementor-post__excerpt\">\n\t\t\t<p>Eine wirksame Behandlung h\u00e4ngt von Ihrer individuellen Situation ab.<\/p>\n\t\t<\/div>\n\t\t\t\t<\/div>\n\t\t\t\t\t<\/div>\n\t\t<\/article>\n\t\t\t\t<article class=\"elementor-post elementor-grid-item post-14357 post type-post status-publish format-standard has-post-thumbnail hentry category-unkategorisiert\">\n\t\t\t<div class=\"elementor-post__card\">\n\t\t\t\t<a class=\"elementor-post__thumbnail__link\" href=\"https:\/\/urolognet.com\/de\/aktuelle-operationen-zur-penisverdickung-2022\/\" tabindex=\"-1\" ><div class=\"elementor-post__thumbnail\"><img loading=\"lazy\" decoding=\"async\" width=\"798\" height=\"400\" src=\"https:\/\/urolognet.com\/wp-content\/uploads\/2022\/06\/Guncel-Penis-Kalinlastirma-Ameliyatlari.webp\" class=\"attachment-full size-full wp-image-13988\" alt=\"\" srcset=\"https:\/\/urolognet.com\/wp-content\/uploads\/2022\/06\/Guncel-Penis-Kalinlastirma-Ameliyatlari.webp 798w, https:\/\/urolognet.com\/wp-content\/uploads\/2022\/06\/Guncel-Penis-Kalinlastirma-Ameliyatlari-300x150.webp 300w, https:\/\/urolognet.com\/wp-content\/uploads\/2022\/06\/Guncel-Penis-Kalinlastirma-Ameliyatlari-768x385.webp 768w\" sizes=\"(max-width: 798px) 100vw, 798px\" title=\"\"><\/div><\/a>\n\t\t\t\t<div class=\"elementor-post__text\">\n\t\t\t\t<h3 class=\"elementor-post__title\">\n\t\t\t<a href=\"https:\/\/urolognet.com\/de\/aktuelle-operationen-zur-penisverdickung-2022\/\" >\n\t\t\t\tAktuelle Operationen zur Penisverdickung 2022\t\t\t<\/a>\n\t\t<\/h3>\n\t\t\t\t<div class=\"elementor-post__excerpt\">\n\t\t\t<p>Penisverdickungschirurgie ist auf dem Vormarsch mit viel besserer Technologie Verfahren.<\/p>\n\t\t<\/div>\n\t\t\t\t<\/div>\n\t\t\t\t\t<\/div>\n\t\t<\/article>\n\t\t\t\t<article class=\"elementor-post elementor-grid-item post-14361 post type-post status-publish format-standard has-post-thumbnail hentry category-unkategorisiert\">\n\t\t\t<div class=\"elementor-post__card\">\n\t\t\t\t<a class=\"elementor-post__thumbnail__link\" href=\"https:\/\/urolognet.com\/de\/aktuelle-methoden-zur-penisvergroesserung-2022\/\" tabindex=\"-1\" ><div class=\"elementor-post__thumbnail\"><img loading=\"lazy\" decoding=\"async\" width=\"798\" height=\"400\" src=\"https:\/\/urolognet.com\/wp-content\/uploads\/2022\/06\/Guncel-Penis-Buyutme-Yontemleri-.webp\" class=\"attachment-full size-full wp-image-13991\" alt=\"\" srcset=\"https:\/\/urolognet.com\/wp-content\/uploads\/2022\/06\/Guncel-Penis-Buyutme-Yontemleri-.webp 798w, https:\/\/urolognet.com\/wp-content\/uploads\/2022\/06\/Guncel-Penis-Buyutme-Yontemleri--300x150.webp 300w, https:\/\/urolognet.com\/wp-content\/uploads\/2022\/06\/Guncel-Penis-Buyutme-Yontemleri--768x385.webp 768w\" sizes=\"(max-width: 798px) 100vw, 798px\" title=\"\"><\/div><\/a>\n\t\t\t\t<div class=\"elementor-post__text\">\n\t\t\t\t<h3 class=\"elementor-post__title\">\n\t\t\t<a href=\"https:\/\/urolognet.com\/de\/aktuelle-methoden-zur-penisvergroesserung-2022\/\" >\n\t\t\t\tAktuelle Methoden zur Penisvergr\u00f6\u00dferung 2022\t\t\t<\/a>\n\t\t<\/h3>\n\t\t\t\t<div class=\"elementor-post__excerpt\">\n\t\t\t<p>Zum Thema Penisvergr\u00f6\u00dferung kann man viele Methoden und Techniken kennenlernen.<\/p>\n\t\t<\/div>\n\t\t\t\t<\/div>\n\t\t\t\t\t<\/div>\n\t\t<\/article>\n\t\t\t\t<article class=\"elementor-post elementor-grid-item post-14365 post type-post status-publish format-standard has-post-thumbnail hentry category-unkategorisiert\">\n\t\t\t<div class=\"elementor-post__card\">\n\t\t\t\t<a class=\"elementor-post__thumbnail__link\" href=\"https:\/\/urolognet.com\/de\/ursachen-und-behandlung-von-sexueller-unlust\/\" tabindex=\"-1\" ><div class=\"elementor-post__thumbnail\"><img loading=\"lazy\" decoding=\"async\" width=\"798\" height=\"400\" src=\"https:\/\/urolognet.com\/wp-content\/uploads\/2022\/06\/Cinsel-Isteksizlik-Neden-Olur-Ve-Tedavisi.webp\" class=\"attachment-full size-full wp-image-13994\" alt=\"\" srcset=\"https:\/\/urolognet.com\/wp-content\/uploads\/2022\/06\/Cinsel-Isteksizlik-Neden-Olur-Ve-Tedavisi.webp 798w, https:\/\/urolognet.com\/wp-content\/uploads\/2022\/06\/Cinsel-Isteksizlik-Neden-Olur-Ve-Tedavisi-300x150.webp 300w, https:\/\/urolognet.com\/wp-content\/uploads\/2022\/06\/Cinsel-Isteksizlik-Neden-Olur-Ve-Tedavisi-768x385.webp 768w\" sizes=\"(max-width: 798px) 100vw, 798px\" title=\"\"><\/div><\/a>\n\t\t\t\t<div class=\"elementor-post__text\">\n\t\t\t\t<h3 class=\"elementor-post__title\">\n\t\t\t<a href=\"https:\/\/urolognet.com\/de\/ursachen-und-behandlung-von-sexueller-unlust\/\" >\n\t\t\t\tUrsachen und Behandlung von sexueller Unlust\t\t\t<\/a>\n\t\t<\/h3>\n\t\t\t\t<div class=\"elementor-post__excerpt\">\n\t\t\t<p>Sexuelle Unlust ist ein Zustand, in dem eine Person aus verschiedenen Gr\u00fcnden keinen Geschlechtsverkehr haben m\u00f6chte.<\/p>\n\t\t<\/div>\n\t\t\t\t<\/div>\n\t\t\t\t\t<\/div>\n\t\t<\/article>\n\t\t\t\t<article class=\"elementor-post elementor-grid-item post-14369 post type-post status-publish format-standard has-post-thumbnail hentry category-unkategorisiert\">\n\t\t\t<div class=\"elementor-post__card\">\n\t\t\t\t<a class=\"elementor-post__thumbnail__link\" href=\"https:\/\/urolognet.com\/de\/effektive-penisoperationen-2022\/\" tabindex=\"-1\" ><div class=\"elementor-post__thumbnail\"><img loading=\"lazy\" decoding=\"async\" width=\"798\" height=\"400\" src=\"https:\/\/urolognet.com\/wp-content\/uploads\/2022\/06\/Etkili-Penis-Ameliyatlari.webp\" class=\"attachment-full size-full wp-image-13997\" alt=\"\" srcset=\"https:\/\/urolognet.com\/wp-content\/uploads\/2022\/06\/Etkili-Penis-Ameliyatlari.webp 798w, https:\/\/urolognet.com\/wp-content\/uploads\/2022\/06\/Etkili-Penis-Ameliyatlari-300x150.webp 300w, https:\/\/urolognet.com\/wp-content\/uploads\/2022\/06\/Etkili-Penis-Ameliyatlari-768x385.webp 768w\" sizes=\"(max-width: 798px) 100vw, 798px\" title=\"\"><\/div><\/a>\n\t\t\t\t<div class=\"elementor-post__text\">\n\t\t\t\t<h3 class=\"elementor-post__title\">\n\t\t\t<a href=\"https:\/\/urolognet.com\/de\/effektive-penisoperationen-2022\/\" >\n\t\t\t\tEffektive Penisoperationen 2022\t\t\t<\/a>\n\t\t<\/h3>\n\t\t\t\t<div class=\"elementor-post__excerpt\">\n\t\t\t<p>Es gibt viele Penisoperationen. Allerdings haben nicht alle von ihnen die gleiche Wirkung.<\/p>\n\t\t<\/div>\n\t\t\t\t<\/div>\n\t\t\t\t\t<\/div>\n\t\t<\/article>\n\t\t\t\t<article class=\"elementor-post elementor-grid-item post-14373 post type-post status-publish format-standard has-post-thumbnail hentry category-unkategorisiert\">\n\t\t\t<div class=\"elementor-post__card\">\n\t\t\t\t<a class=\"elementor-post__thumbnail__link\" href=\"https:\/\/urolognet.com\/de\/loesung-fuer-das-problem-der-sexuellen-unlust-bei-maennern-2022\/\" tabindex=\"-1\" ><div class=\"elementor-post__thumbnail\"><img loading=\"lazy\" decoding=\"async\" width=\"798\" height=\"400\" src=\"https:\/\/urolognet.com\/wp-content\/uploads\/2022\/06\/Erkeklerde-Cinsel-Isteksizlik-Sorununa-Cozum.webp\" class=\"attachment-full size-full wp-image-14000\" alt=\"\" srcset=\"https:\/\/urolognet.com\/wp-content\/uploads\/2022\/06\/Erkeklerde-Cinsel-Isteksizlik-Sorununa-Cozum.webp 798w, https:\/\/urolognet.com\/wp-content\/uploads\/2022\/06\/Erkeklerde-Cinsel-Isteksizlik-Sorununa-Cozum-300x150.webp 300w, https:\/\/urolognet.com\/wp-content\/uploads\/2022\/06\/Erkeklerde-Cinsel-Isteksizlik-Sorununa-Cozum-768x385.webp 768w\" sizes=\"(max-width: 798px) 100vw, 798px\" title=\"\"><\/div><\/a>\n\t\t\t\t<div class=\"elementor-post__text\">\n\t\t\t\t<h3 class=\"elementor-post__title\">\n\t\t\t<a href=\"https:\/\/urolognet.com\/de\/loesung-fuer-das-problem-der-sexuellen-unlust-bei-maennern-2022\/\" >\n\t\t\t\tL\u00f6sung f\u00fcr das Problem der sexuellen Unlust bei M\u00e4nnern 2022\t\t\t<\/a>\n\t\t<\/h3>\n\t\t\t\t<div class=\"elementor-post__excerpt\">\n\t\t\t<p>Seit Jahrhunderten gibt es Probleme mit sexueller Unlust bei M\u00e4nnern. F\u00fcr dieses bestehende Problem gibt es L\u00f6sungen.<\/p>\n\t\t<\/div>\n\t\t\t\t<\/div>\n\t\t\t\t\t<\/div>\n\t\t<\/article>\n\t\t\t\t<\/div>\n\t\t\n\t\t\t\t\t\t<\/div>\n\t\t\t\t<\/div>\n\t\t\t\t\t<\/div>\n\t\t\t\t<\/div>\n\t\t\t\t<\/div>\n\t\t","protected":false},"excerpt":{"rendered":"<p>Besuchen Sie den Urolognet-Blog, um die richtigen Informationen zur sexuellen Gesundheit zu erhalten. Treten Sie ein in ein gl\u00fcckliches Leben mit den Vorschl\u00e4gen und L\u00f6sungen unserer Experten.<\/p>\n","protected":false},"author":1,"featured_media":0,"parent":0,"menu_order":0,"comment_status":"closed","ping_status":"closed","template":"elementor_header_footer","meta":{"footnotes":""},"class_list":["post-14048","page","type-page","status-publish","hentry"],"_links":{"self":[{"href":"https:\/\/urolognet.com\/de\/wp-json\/wp\/v2\/pages\/14048","targetHints":{"allow":["GET"]}}],"collection":[{"href":"https:\/\/urolognet.com\/de\/wp-json\/wp\/v2\/pages"}],"about":[{"href":"https:\/\/urolognet.com\/de\/wp-json\/wp\/v2\/types\/page"}],"author":[{"embeddable":true,"href":"https:\/\/urolognet.com\/de\/wp-json\/wp\/v2\/users\/1"}],"replies":[{"embeddable":true,"href":"https:\/\/urolognet.com\/de\/wp-json\/wp\/v2\/comments?post=14048"}],"version-history":[{"count":0,"href":"https:\/\/urolognet.com\/de\/wp-json\/wp\/v2\/pages\/14048\/revisions"}],"wp:attachment":[{"href":"https:\/\/urolognet.com\/de\/wp-json\/wp\/v2\/media?parent=14048"}],"curies":[{"name":"wp","href":"https:\/\/api.w.org\/{rel}","templated":true}]}}