{"id":14056,"date":"2024-03-29T10:20:59","date_gmt":"2024-03-29T07:20:59","guid":{"rendered":"https:\/\/urolognet.com\/sexuelle-probleme\/"},"modified":"2024-04-01T11:42:29","modified_gmt":"2024-04-01T08:42:29","slug":"sexuelle-probleme","status":"publish","type":"page","link":"https:\/\/urolognet.com\/de\/sexuelle-probleme\/","title":{"rendered":"Sexuelle Probleme"},"content":{"rendered":"\t\t<div data-elementor-type=\"wp-page\" data-elementor-id=\"14056\" class=\"elementor elementor-14056 elementor-12440\" data-elementor-post-type=\"page\">\n\t\t\t\t<div class=\"elementor-element elementor-element-4af4c4b elementor-hidden-mobile elementor-hidden-tablet e-flex e-con-boxed e-con e-parent\" data-id=\"4af4c4b\" data-element_type=\"container\" data-e-type=\"container\" data-settings=\"{&quot;background_background&quot;:&quot;classic&quot;,&quot;sticky&quot;:&quot;top&quot;,&quot;sticky_offset&quot;:135,&quot;sticky_on&quot;:[&quot;desktop&quot;,&quot;tablet&quot;,&quot;mobile&quot;],&quot;sticky_effects_offset&quot;:0,&quot;sticky_anchor_link_offset&quot;:0}\">\n\t\t\t\t\t<div class=\"e-con-inner\">\n\t\t\t\t\t<\/div>\n\t\t\t\t<\/div>\n\t\t<div class=\"elementor-element elementor-element-197122e e-flex e-con-boxed e-con e-parent\" data-id=\"197122e\" data-element_type=\"container\" data-e-type=\"container\">\n\t\t\t\t\t<div class=\"e-con-inner\">\n\t\t\t\t<div class=\"elementor-element elementor-element-25929c3 elementor-cta--layout-image-above elementor-cta--mobile-layout-image-above elementor-cta--valign-middle elementor-widget__width-initial elementor-widget-mobile__width-initial elementor-cta--skin-classic elementor-animated-content elementor-widget elementor-widget-call-to-action\" data-id=\"25929c3\" data-element_type=\"widget\" data-e-type=\"widget\" data-widget_type=\"call-to-action.default\">\n\t\t\t\t<div class=\"elementor-widget-container\">\n\t\t\t\t\t\t\t<a class=\"elementor-cta\" href=\"https:\/\/urolognet.com\/cinsel-sorunlar\/erkek-cinsel-sorunlar\/\">\n\t\t\t\t\t<div class=\"elementor-cta__bg-wrapper\">\n\t\t\t\t<div class=\"elementor-cta__bg elementor-bg\" style=\"background-image: url(https:\/\/urolognet.com\/wp-content\/uploads\/2024\/03\/Erkek.webp);\" role=\"img\" aria-label=\"Erkek\"><\/div>\n\t\t\t\t<div class=\"elementor-cta__bg-overlay\"><\/div>\n\t\t\t<\/div>\n\t\t\t\t\t\t\t<div class=\"elementor-cta__content\">\n\t\t\t\t\n\t\t\t\t\t\t\t\t\t<h2 class=\"elementor-cta__title elementor-cta__content-item elementor-content-item\">\n\t\t\t\t\t\tSexuelle Probleme bei M\u00e4nnern\t\t\t\t\t<\/h2>\n\t\t\t\t\n\t\t\t\t\n\t\t\t\t\t\t\t<\/div>\n\t\t\t\t\t\t<\/a>\n\t\t\t\t\t\t<\/div>\n\t\t\t\t<\/div>\n\t\t\t\t<div class=\"elementor-element elementor-element-c4476bf elementor-cta--layout-image-above elementor-cta--mobile-layout-image-above elementor-cta--valign-middle elementor-widget__width-initial elementor-widget-mobile__width-initial elementor-cta--skin-classic elementor-animated-content elementor-widget elementor-widget-call-to-action\" data-id=\"c4476bf\" data-element_type=\"widget\" data-e-type=\"widget\" data-widget_type=\"call-to-action.default\">\n\t\t\t\t<div class=\"elementor-widget-container\">\n\t\t\t\t\t\t\t<a class=\"elementor-cta\" href=\"https:\/\/urolognet.com\/cinsel-sorunlar\/kadin-cinsel-sorunlar\/\">\n\t\t\t\t\t<div class=\"elementor-cta__bg-wrapper\">\n\t\t\t\t<div class=\"elementor-cta__bg elementor-bg\" style=\"background-image: url(https:\/\/urolognet.com\/wp-content\/uploads\/2024\/03\/Kadin.webp);\" role=\"img\" aria-label=\"Kad\u0131n\"><\/div>\n\t\t\t\t<div class=\"elementor-cta__bg-overlay\"><\/div>\n\t\t\t<\/div>\n\t\t\t\t\t\t\t<div class=\"elementor-cta__content\">\n\t\t\t\t\n\t\t\t\t\t\t\t\t\t<h2 class=\"elementor-cta__title elementor-cta__content-item elementor-content-item\">\n\t\t\t\t\t\tSexuelle Probleme der Frau\t\t\t\t\t<\/h2>\n\t\t\t\t\n\t\t\t\t\n\t\t\t\t\t\t\t<\/div>\n\t\t\t\t\t\t<\/a>\n\t\t\t\t\t\t<\/div>\n\t\t\t\t<\/div>\n\t\t\t\t\t<\/div>\n\t\t\t\t<\/div>\n\t\t\t\t<\/div>\n\t\t","protected":false},"excerpt":{"rendered":"<p>Suchen Sie fachkundige Unterst\u00fctzung bei sexuellen Problemen. Auf der Urolognet-Seite finden Sie die Empfehlungen und Behandlungsm\u00f6glichkeiten von Spezialisten f\u00fcr sexuelle Gesundheit.<\/p>\n","protected":false},"author":1,"featured_media":0,"parent":0,"menu_order":0,"comment_status":"closed","ping_status":"closed","template":"elementor_header_footer","meta":{"footnotes":""},"class_list":["post-14056","page","type-page","status-publish","hentry"],"_links":{"self":[{"href":"https:\/\/urolognet.com\/de\/wp-json\/wp\/v2\/pages\/14056","targetHints":{"allow":["GET"]}}],"collection":[{"href":"https:\/\/urolognet.com\/de\/wp-json\/wp\/v2\/pages"}],"about":[{"href":"https:\/\/urolognet.com\/de\/wp-json\/wp\/v2\/types\/page"}],"author":[{"embeddable":true,"href":"https:\/\/urolognet.com\/de\/wp-json\/wp\/v2\/users\/1"}],"replies":[{"embeddable":true,"href":"https:\/\/urolognet.com\/de\/wp-json\/wp\/v2\/comments?post=14056"}],"version-history":[{"count":0,"href":"https:\/\/urolognet.com\/de\/wp-json\/wp\/v2\/pages\/14056\/revisions"}],"wp:attachment":[{"href":"https:\/\/urolognet.com\/de\/wp-json\/wp\/v2\/media?parent=14056"}],"curies":[{"name":"wp","href":"https:\/\/api.w.org\/{rel}","templated":true}]}}