{"id":14064,"date":"2024-03-29T10:21:24","date_gmt":"2024-03-29T07:21:24","guid":{"rendered":"https:\/\/urolognet.com\/sexuelle-probleme\/sexuelle-probleme-bei-maennern\/"},"modified":"2024-04-01T11:46:00","modified_gmt":"2024-04-01T08:46:00","slug":"sexuelle-probleme-bei-maennern","status":"publish","type":"page","link":"https:\/\/urolognet.com\/de\/sexuelle-probleme\/sexuelle-probleme-bei-maennern\/","title":{"rendered":"Sexuelle Probleme bei M\u00e4nnern"},"content":{"rendered":"\t\t<div data-elementor-type=\"wp-page\" data-elementor-id=\"14064\" class=\"elementor elementor-14064 elementor-12442\" data-elementor-post-type=\"page\">\n\t\t\t\t<div class=\"elementor-element elementor-element-8745062 elementor-hidden-mobile elementor-hidden-tablet e-flex e-con-boxed e-con e-parent\" data-id=\"8745062\" data-element_type=\"container\" data-e-type=\"container\" data-settings=\"{&quot;background_background&quot;:&quot;classic&quot;,&quot;sticky&quot;:&quot;top&quot;,&quot;sticky_offset&quot;:135,&quot;sticky_on&quot;:[&quot;desktop&quot;,&quot;tablet&quot;,&quot;mobile&quot;],&quot;sticky_effects_offset&quot;:0,&quot;sticky_anchor_link_offset&quot;:0}\">\n\t\t\t\t\t<div class=\"e-con-inner\">\n\t\t\t\t\t<\/div>\n\t\t\t\t<\/div>\n\t\t<div class=\"elementor-element elementor-element-d6043f4 e-flex e-con-boxed e-con e-parent\" data-id=\"d6043f4\" data-element_type=\"container\" data-e-type=\"container\">\n\t\t\t\t\t<div class=\"e-con-inner\">\n\t\t\t\t<div class=\"elementor-element elementor-element-f925287 elementor-cta--layout-image-above elementor-cta--mobile-layout-image-above elementor-cta--valign-middle elementor-widget__width-initial elementor-widget-mobile__width-initial elementor-cta--skin-classic elementor-animated-content elementor-widget elementor-widget-call-to-action\" data-id=\"f925287\" data-element_type=\"widget\" data-e-type=\"widget\" data-widget_type=\"call-to-action.default\">\n\t\t\t\t<div class=\"elementor-widget-container\">\n\t\t\t\t\t\t\t<a class=\"elementor-cta\" href=\"https:\/\/urolognet.com\/cinsel-sorunlar\/erkek-cinsel-sorunlar\/erken-bosalma\/\">\n\t\t\t\t\t<div class=\"elementor-cta__bg-wrapper\">\n\t\t\t\t<div class=\"elementor-cta__bg elementor-bg\" style=\"background-image: url(https:\/\/urolognet.com\/wp-content\/uploads\/2024\/03\/Erken-Bosalma.webp);\" role=\"img\" aria-label=\"Erken Bo\u015falma\"><\/div>\n\t\t\t\t<div class=\"elementor-cta__bg-overlay\"><\/div>\n\t\t\t<\/div>\n\t\t\t\t\t\t\t<div class=\"elementor-cta__content\">\n\t\t\t\t\n\t\t\t\t\t\t\t\t\t<h2 class=\"elementor-cta__title elementor-cta__content-item elementor-content-item\">\n\t\t\t\t\t\tVorzeitige Ejakulation\t\t\t\t\t<\/h2>\n\t\t\t\t\n\t\t\t\t\t\t\t\t\t<div class=\"elementor-cta__description elementor-cta__content-item elementor-content-item\">\n\t\t\t\t\t\t<p>Machen Sie jetzt einen Schritt zur dauerhaften L\u00f6sung Ihres Problems der vorzeitigen Ejakulation!<\/p>\n\t\t\t\t\t<\/div>\n\t\t\t\t\n\t\t\t\t\t\t\t<\/div>\n\t\t\t\t\t\t<\/a>\n\t\t\t\t\t\t<\/div>\n\t\t\t\t<\/div>\n\t\t\t\t<div class=\"elementor-element elementor-element-a4860d1 elementor-cta--layout-image-above elementor-cta--mobile-layout-image-above elementor-cta--valign-middle elementor-widget__width-initial elementor-widget-mobile__width-initial elementor-cta--skin-classic elementor-animated-content elementor-widget elementor-widget-call-to-action\" data-id=\"a4860d1\" data-element_type=\"widget\" data-e-type=\"widget\" data-widget_type=\"call-to-action.default\">\n\t\t\t\t<div class=\"elementor-widget-container\">\n\t\t\t\t\t\t\t<a class=\"elementor-cta\" href=\"https:\/\/urolognet.com\/cinsel-sorunlar\/erkek-cinsel-sorunlar\/cinsel-isteksizlik\/\">\n\t\t\t\t\t<div class=\"elementor-cta__bg-wrapper\">\n\t\t\t\t<div class=\"elementor-cta__bg elementor-bg\" style=\"background-image: url(https:\/\/urolognet.com\/wp-content\/uploads\/2024\/03\/Erkek-Cinsel-Isteksizlik.webp);\" role=\"img\" aria-label=\"Erkek Cinsel \u0130steksizlik\"><\/div>\n\t\t\t\t<div class=\"elementor-cta__bg-overlay\"><\/div>\n\t\t\t<\/div>\n\t\t\t\t\t\t\t<div class=\"elementor-cta__content\">\n\t\t\t\t\n\t\t\t\t\t\t\t\t\t<h2 class=\"elementor-cta__title elementor-cta__content-item elementor-content-item\">\n\t\t\t\t\t\tSexuelle Abneigung\t\t\t\t\t<\/h2>\n\t\t\t\t\n\t\t\t\t\t\t\t\t\t<div class=\"elementor-cta__description elementor-cta__content-item elementor-content-item\">\n\t\t\t\t\t\t<p>Wir bieten personalisierte Behandlungsm\u00f6glichkeiten f\u00fcr sexuelle Unlust.<\/p>\n\t\t\t\t\t<\/div>\n\t\t\t\t\n\t\t\t\t\t\t\t<\/div>\n\t\t\t\t\t\t<\/a>\n\t\t\t\t\t\t<\/div>\n\t\t\t\t<\/div>\n\t\t\t\t<div class=\"elementor-element elementor-element-1642229 elementor-cta--layout-image-above elementor-cta--mobile-layout-image-above elementor-cta--valign-middle elementor-widget__width-initial elementor-widget-mobile__width-initial elementor-cta--skin-classic elementor-animated-content elementor-widget elementor-widget-call-to-action\" data-id=\"1642229\" data-element_type=\"widget\" data-e-type=\"widget\" data-widget_type=\"call-to-action.default\">\n\t\t\t\t<div class=\"elementor-widget-container\">\n\t\t\t\t\t\t\t<a class=\"elementor-cta\" href=\"https:\/\/urolognet.com\/cinsel-sorunlar\/erkek-cinsel-sorunlar\/sertlesme-sorunu\/\">\n\t\t\t\t\t<div class=\"elementor-cta__bg-wrapper\">\n\t\t\t\t<div class=\"elementor-cta__bg elementor-bg\" style=\"background-image: url(https:\/\/urolognet.com\/wp-content\/uploads\/2024\/03\/Sertlesme-Sorunu.webp);\" role=\"img\" aria-label=\"Sertle\u015fme Sorunu\"><\/div>\n\t\t\t\t<div class=\"elementor-cta__bg-overlay\"><\/div>\n\t\t\t<\/div>\n\t\t\t\t\t\t\t<div class=\"elementor-cta__content\">\n\t\t\t\t\n\t\t\t\t\t\t\t\t\t<h2 class=\"elementor-cta__title elementor-cta__content-item elementor-content-item\">\n\t\t\t\t\t\tErektile Dysfunktion\t\t\t\t\t<\/h2>\n\t\t\t\t\n\t\t\t\t\t\t\t\t\t<div class=\"elementor-cta__description elementor-cta__content-item elementor-content-item\">\n\t\t\t\t\t\t<p>Holen Sie sich fachkundige Hilfe bei erektiler Dysfunktion.<\/p>\n\t\t\t\t\t<\/div>\n\t\t\t\t\n\t\t\t\t\t\t\t<\/div>\n\t\t\t\t\t\t<\/a>\n\t\t\t\t\t\t<\/div>\n\t\t\t\t<\/div>\n\t\t\t\t<div class=\"elementor-element elementor-element-4b06aff elementor-cta--layout-image-above elementor-cta--mobile-layout-image-above elementor-cta--valign-middle elementor-widget__width-initial elementor-widget-mobile__width-initial elementor-cta--skin-classic elementor-animated-content elementor-widget elementor-widget-call-to-action\" data-id=\"4b06aff\" data-element_type=\"widget\" data-e-type=\"widget\" data-widget_type=\"call-to-action.default\">\n\t\t\t\t<div class=\"elementor-widget-container\">\n\t\t\t\t\t\t\t<a class=\"elementor-cta\" href=\"https:\/\/urolognet.com\/cinsel-sorunlar\/erkek-cinsel-sorunlar\/prostat-tedavisi\/\">\n\t\t\t\t\t<div class=\"elementor-cta__bg-wrapper\">\n\t\t\t\t<div class=\"elementor-cta__bg elementor-bg\" style=\"background-image: url(https:\/\/urolognet.com\/wp-content\/uploads\/2024\/03\/Prostat.webp);\" role=\"img\" aria-label=\"Prostat\"><\/div>\n\t\t\t\t<div class=\"elementor-cta__bg-overlay\"><\/div>\n\t\t\t<\/div>\n\t\t\t\t\t\t\t<div class=\"elementor-cta__content\">\n\t\t\t\t\n\t\t\t\t\t\t\t\t\t<h2 class=\"elementor-cta__title elementor-cta__content-item elementor-content-item\">\n\t\t\t\t\t\tProstata-Behandlung\t\t\t\t\t<\/h2>\n\t\t\t\t\n\t\t\t\t\t\t\t\t\t<div class=\"elementor-cta__description elementor-cta__content-item elementor-content-item\">\n\t\t\t\t\t\t<p>Sch\u00fctzen Sie Ihre Gesundheit und verbessern Sie Ihre Lebensqualit\u00e4t mit einer Prostatabehandlung.<\/p>\n\t\t\t\t\t<\/div>\n\t\t\t\t\n\t\t\t\t\t\t\t<\/div>\n\t\t\t\t\t\t<\/a>\n\t\t\t\t\t\t<\/div>\n\t\t\t\t<\/div>\n\t\t\t\t<div class=\"elementor-element elementor-element-8c16a45 elementor-cta--layout-image-above elementor-cta--mobile-layout-image-above elementor-cta--valign-middle elementor-widget__width-initial elementor-widget-mobile__width-initial elementor-cta--skin-classic elementor-animated-content elementor-widget elementor-widget-call-to-action\" data-id=\"8c16a45\" data-element_type=\"widget\" data-e-type=\"widget\" data-widget_type=\"call-to-action.default\">\n\t\t\t\t<div class=\"elementor-widget-container\">\n\t\t\t\t\t\t\t<a class=\"elementor-cta\" href=\"https:\/\/urolognet.com\/cinsel-sorunlar\/erkek-cinsel-sorunlar\/kisirlik-tedavisi\/\">\n\t\t\t\t\t<div class=\"elementor-cta__bg-wrapper\">\n\t\t\t\t<div class=\"elementor-cta__bg elementor-bg\" style=\"background-image: url(https:\/\/urolognet.com\/wp-content\/uploads\/2024\/03\/Kisirlik-Tedavisi.webp);\" role=\"img\" aria-label=\"K\u0131s\u0131rl\u0131k Tedavisi\"><\/div>\n\t\t\t\t<div class=\"elementor-cta__bg-overlay\"><\/div>\n\t\t\t<\/div>\n\t\t\t\t\t\t\t<div class=\"elementor-cta__content\">\n\t\t\t\t\n\t\t\t\t\t\t\t\t\t<h2 class=\"elementor-cta__title elementor-cta__content-item elementor-content-item\">\n\t\t\t\t\t\tUnfruchtbarkeitsbehandlung\t\t\t\t\t<\/h2>\n\t\t\t\t\n\t\t\t\t\t\t\t\t\t<div class=\"elementor-cta__description elementor-cta__content-item elementor-content-item\">\n\t\t\t\t\t\t<p>Verwirklichen Sie Ihren Traum von der Gr\u00fcndung einer Familie mit einer Unfruchtbarkeitsbehandlung.<\/p>\n\t\t\t\t\t<\/div>\n\t\t\t\t\n\t\t\t\t\t\t\t<\/div>\n\t\t\t\t\t\t<\/a>\n\t\t\t\t\t\t<\/div>\n\t\t\t\t<\/div>\n\t\t\t\t\t<\/div>\n\t\t\t\t<\/div>\n\t\t\t\t<\/div>\n\t\t","protected":false},"excerpt":{"rendered":"<p>Machen Sie sich Sorgen um die sexuelle Gesundheit von M\u00e4nnern? Treten Sie unter der Anleitung unserer Experten auf der Urolognet-Seite in ein gesundes Sexualleben ein.<\/p>\n","protected":false},"author":1,"featured_media":0,"parent":14056,"menu_order":0,"comment_status":"closed","ping_status":"closed","template":"elementor_header_footer","meta":{"footnotes":""},"class_list":["post-14064","page","type-page","status-publish","hentry"],"_links":{"self":[{"href":"https:\/\/urolognet.com\/de\/wp-json\/wp\/v2\/pages\/14064","targetHints":{"allow":["GET"]}}],"collection":[{"href":"https:\/\/urolognet.com\/de\/wp-json\/wp\/v2\/pages"}],"about":[{"href":"https:\/\/urolognet.com\/de\/wp-json\/wp\/v2\/types\/page"}],"author":[{"embeddable":true,"href":"https:\/\/urolognet.com\/de\/wp-json\/wp\/v2\/users\/1"}],"replies":[{"embeddable":true,"href":"https:\/\/urolognet.com\/de\/wp-json\/wp\/v2\/comments?post=14064"}],"version-history":[{"count":0,"href":"https:\/\/urolognet.com\/de\/wp-json\/wp\/v2\/pages\/14064\/revisions"}],"up":[{"embeddable":true,"href":"https:\/\/urolognet.com\/de\/wp-json\/wp\/v2\/pages\/14056"}],"wp:attachment":[{"href":"https:\/\/urolognet.com\/de\/wp-json\/wp\/v2\/media?parent=14064"}],"curies":[{"name":"wp","href":"https:\/\/api.w.org\/{rel}","templated":true}]}}