{"id":14128,"date":"2024-03-29T15:41:51","date_gmt":"2024-03-29T12:41:51","guid":{"rendered":"https:\/\/urolognet.com\/sexuelle-probleme\/sexuelle-probleme-der-frau\/benetzungsprobleme\/"},"modified":"2024-04-01T15:33:52","modified_gmt":"2024-04-01T12:33:52","slug":"benetzungsprobleme","status":"publish","type":"page","link":"https:\/\/urolognet.com\/de\/sexuelle-probleme\/sexuelle-probleme-der-frau\/benetzungsprobleme\/","title":{"rendered":"Benetzungsprobleme"},"content":{"rendered":"\t\t<div data-elementor-type=\"wp-page\" data-elementor-id=\"14128\" class=\"elementor elementor-14128 elementor-12558\" data-elementor-post-type=\"page\">\n\t\t\t\t<div class=\"elementor-element elementor-element-ed40eed elementor-hidden-mobile elementor-hidden-tablet e-flex e-con-boxed e-con e-parent\" data-id=\"ed40eed\" data-element_type=\"container\" data-e-type=\"container\" data-settings=\"{&quot;background_background&quot;:&quot;classic&quot;,&quot;sticky&quot;:&quot;top&quot;,&quot;sticky_offset&quot;:135,&quot;sticky_on&quot;:[&quot;desktop&quot;,&quot;tablet&quot;,&quot;mobile&quot;],&quot;sticky_effects_offset&quot;:0,&quot;sticky_anchor_link_offset&quot;:0}\">\n\t\t\t\t\t<div class=\"e-con-inner\">\n\t\t\t\t\t<\/div>\n\t\t\t\t<\/div>\n\t\t<div class=\"elementor-element elementor-element-a76b38b e-flex e-con-boxed e-con e-parent\" data-id=\"a76b38b\" data-element_type=\"container\" data-e-type=\"container\">\n\t\t\t\t\t<div class=\"e-con-inner\">\n\t\t<div class=\"elementor-element elementor-element-8dcc387 e-con-full elementor-hidden-tablet elementor-hidden-mobile e-flex e-con e-child\" data-id=\"8dcc387\" data-element_type=\"container\" data-e-type=\"container\">\n\t\t\t\t<div class=\"elementor-element elementor-element-831b8d5 elementor-widget elementor-widget-heading\" data-id=\"831b8d5\" data-element_type=\"widget\" data-e-type=\"widget\" data-widget_type=\"heading.default\">\n\t\t\t\t<div class=\"elementor-widget-container\">\n\t\t\t\t\t<div class=\"elementor-heading-title elementor-size-default\">Frauenthemen<\/div>\t\t\t\t<\/div>\n\t\t\t\t<\/div>\n\t\t\t\t<div class=\"elementor-element elementor-element-c462a99 elementor-nav-menu__text-align-aside elementor-widget elementor-widget-nav-menu\" data-id=\"c462a99\" data-element_type=\"widget\" data-e-type=\"widget\" data-settings=\"{&quot;layout&quot;:&quot;dropdown&quot;,&quot;submenu_icon&quot;:{&quot;value&quot;:&quot;&lt;i class=\\&quot;\\&quot;&gt;&lt;\\\/i&gt;&quot;,&quot;library&quot;:&quot;&quot;}}\" data-widget_type=\"nav-menu.default\">\n\t\t\t\t<div class=\"elementor-widget-container\">\n\t\t\t\t\t\t\t\t<nav class=\"elementor-nav-menu--dropdown elementor-nav-menu__container\" aria-hidden=\"true\">\n\t\t\t\t<ul id=\"menu-2-c462a99\" class=\"elementor-nav-menu\"><li class=\"menu-item menu-item-type-post_type menu-item-object-page menu-item-12645\"><a href=\"https:\/\/urolognet.com\/cinsel-sorunlar\/kadin-cinsel-sorunlar\/vajinusmus\/\" class=\"elementor-item\" tabindex=\"-1\">Vaginusmus<\/a><\/li>\n<li class=\"menu-item menu-item-type-post_type menu-item-object-page menu-item-12643\"><a href=\"https:\/\/urolognet.com\/cinsel-sorunlar\/kadin-cinsel-sorunlar\/o-shot-orgazm-asisi\/\" class=\"elementor-item\" tabindex=\"-1\">O-Spritze Orgasmus-Impfstoff<\/a><\/li>\n<li class=\"menu-item menu-item-type-post_type menu-item-object-page menu-item-12644\"><a href=\"https:\/\/urolognet.com\/cinsel-sorunlar\/kadin-cinsel-sorunlar\/vajinal-akinti-ve-koku\/\" class=\"elementor-item\" tabindex=\"-1\">Ausfluss und Geruch aus der Scheide<\/a><\/li>\n<li class=\"menu-item menu-item-type-post_type menu-item-object-page menu-item-12640\"><a href=\"https:\/\/urolognet.com\/cinsel-sorunlar\/kadin-cinsel-sorunlar\/cinsel-isteksizlik\/\" class=\"elementor-item\" tabindex=\"-1\">Sexuelle Abneigung<\/a><\/li>\n<li class=\"menu-item menu-item-type-post_type menu-item-object-page menu-item-12639\"><a href=\"https:\/\/urolognet.com\/cinsel-sorunlar\/kadin-cinsel-sorunlar\/anorgazmi\/\" class=\"elementor-item\" tabindex=\"-1\">Anorgasmie<\/a><\/li>\n<li class=\"menu-item menu-item-type-post_type menu-item-object-page menu-item-12641\"><a href=\"https:\/\/urolognet.com\/cinsel-sorunlar\/kadin-cinsel-sorunlar\/islanma-problemleri\/\" class=\"elementor-item\" tabindex=\"-1\">Benetzungsprobleme<\/a><\/li>\n<li class=\"menu-item menu-item-type-post_type menu-item-object-page menu-item-12642\"><a href=\"https:\/\/urolognet.com\/cinsel-sorunlar\/kadin-cinsel-sorunlar\/kegel-egzersizleri\/\" class=\"elementor-item\" tabindex=\"-1\">Kegel-\u00dcbungen<\/a><\/li>\n<\/ul>\t\t\t<\/nav>\n\t\t\t\t\t\t<\/div>\n\t\t\t\t<\/div>\n\t\t<div class=\"elementor-element elementor-element-8154038 e-con-full e-flex e-con e-child\" data-id=\"8154038\" data-element_type=\"container\" data-e-type=\"container\" data-settings=\"{&quot;background_background&quot;:&quot;classic&quot;,&quot;sticky&quot;:&quot;top&quot;,&quot;sticky_offset&quot;:170,&quot;sticky_parent&quot;:&quot;yes&quot;,&quot;sticky_on&quot;:[&quot;desktop&quot;,&quot;tablet&quot;,&quot;mobile&quot;],&quot;sticky_effects_offset&quot;:0,&quot;sticky_anchor_link_offset&quot;:0}\">\n\t\t<div class=\"elementor-element elementor-element-f1d57f6 e-con-full e-flex e-con e-child\" data-id=\"f1d57f6\" data-element_type=\"container\" data-e-type=\"container\" data-settings=\"{&quot;background_background&quot;:&quot;classic&quot;}\">\n\t\t\t\t<div class=\"elementor-element elementor-element-65fcbe2 elementor-widget elementor-widget-heading\" data-id=\"65fcbe2\" data-element_type=\"widget\" data-e-type=\"widget\" data-widget_type=\"heading.default\">\n\t\t\t\t<div class=\"elementor-widget-container\">\n\t\t\t\t\t<div class=\"elementor-heading-title elementor-size-default\">Antragsformular<\/div>\t\t\t\t<\/div>\n\t\t\t\t<\/div>\n\t\t\t\t<div class=\"elementor-element elementor-element-bd3cc25 elementor-widget elementor-widget-heading\" data-id=\"bd3cc25\" data-element_type=\"widget\" data-e-type=\"widget\" data-widget_type=\"heading.default\">\n\t\t\t\t<div class=\"elementor-widget-container\">\n\t\t\t\t\t<div class=\"elementor-heading-title elementor-size-default\">Kontaktieren Sie uns<\/div>\t\t\t\t<\/div>\n\t\t\t\t<\/div>\n\t\t\t\t<div class=\"elementor-element elementor-element-c36eb63 elementor-widget__width-initial elementor-widget-mobile__width-initial elementor-button-align-stretch elementor-widget elementor-widget-global elementor-global-14494 elementor-global-12293 elementor-widget-form\" data-id=\"c36eb63\" data-element_type=\"widget\" data-e-type=\"widget\" data-settings=\"{&quot;step_next_label&quot;:&quot;Weiter&quot;,&quot;step_previous_label&quot;:&quot;Vorherige&quot;,&quot;button_width&quot;:&quot;100&quot;,&quot;step_type&quot;:&quot;number_text&quot;,&quot;step_icon_shape&quot;:&quot;circle&quot;}\" data-widget_type=\"form.default\">\n\t\t\t\t<div class=\"elementor-widget-container\">\n\t\t\t\t\t\t\t<form class=\"elementor-form\" method=\"post\" name=\"New Form\">\n\t\t\t<input type=\"hidden\" name=\"post_id\" value=\"14128\"\/>\n\t\t\t<input type=\"hidden\" name=\"form_id\" value=\"c36eb63\"\/>\n\t\t\t<input type=\"hidden\" name=\"referer_title\" value=\"\" \/>\n\n\t\t\t\n\t\t\t<div class=\"elementor-form-fields-wrapper elementor-labels-\">\n\t\t\t\t\t\t\t\t<div class=\"elementor-field-type-text elementor-field-group elementor-column elementor-field-group-name elementor-col-50 elementor-field-required\">\n\t\t\t\t\t\t\t\t\t\t\t\t<label for=\"form-field-name\" class=\"elementor-field-label elementor-screen-only\">\n\t\t\t\t\t\t\t\tIhr Name\t\t\t\t\t\t\t<\/label>\n\t\t\t\t\t\t\t\t\t\t\t\t\t\t<input size=\"1\" type=\"text\" name=\"form_fields[name]\" id=\"form-field-name\" class=\"elementor-field elementor-size-md  elementor-field-textual\" placeholder=\"Ihr Name\" required=\"required\">\n\t\t\t\t\t\t\t\t\t\t\t<\/div>\n\t\t\t\t\t\t\t\t<div class=\"elementor-field-type-text elementor-field-group elementor-column elementor-field-group-field_67d5a4d elementor-col-50 elementor-field-required\">\n\t\t\t\t\t\t\t\t\t\t\t\t<label for=\"form-field-field_67d5a4d\" class=\"elementor-field-label elementor-screen-only\">\n\t\t\t\t\t\t\t\tIhr Nachname\t\t\t\t\t\t\t<\/label>\n\t\t\t\t\t\t\t\t\t\t\t\t\t\t<input size=\"1\" type=\"text\" name=\"form_fields[field_67d5a4d]\" id=\"form-field-field_67d5a4d\" class=\"elementor-field elementor-size-md  elementor-field-textual\" placeholder=\"Ihr Nachname\" required=\"required\">\n\t\t\t\t\t\t\t\t\t\t\t<\/div>\n\t\t\t\t\t\t\t\t<div class=\"elementor-field-type-text elementor-field-group elementor-column elementor-field-group-field_9d798d9 elementor-col-50 elementor-field-required\">\n\t\t\t\t\t\t\t\t\t\t\t\t<label for=\"form-field-field_9d798d9\" class=\"elementor-field-label elementor-screen-only\">\n\t\t\t\t\t\t\t\tIhr Telefon\t\t\t\t\t\t\t<\/label>\n\t\t\t\t\t\t\t\t\t\t\t\t\t\t<input size=\"1\" type=\"text\" name=\"form_fields[field_9d798d9]\" id=\"form-field-field_9d798d9\" class=\"elementor-field elementor-size-md  elementor-field-textual\" placeholder=\"Ihr Telefon\" required=\"required\">\n\t\t\t\t\t\t\t\t\t\t\t<\/div>\n\t\t\t\t\t\t\t\t<div class=\"elementor-field-type-email elementor-field-group elementor-column elementor-field-group-email elementor-col-50 elementor-field-required\">\n\t\t\t\t\t\t\t\t\t\t\t\t<label for=\"form-field-email\" class=\"elementor-field-label elementor-screen-only\">\n\t\t\t\t\t\t\t\tEmail\t\t\t\t\t\t\t<\/label>\n\t\t\t\t\t\t\t\t\t\t\t\t\t\t<input size=\"1\" type=\"email\" name=\"form_fields[email]\" id=\"form-field-email\" class=\"elementor-field elementor-size-md  elementor-field-textual\" placeholder=\"Email\" required=\"required\">\n\t\t\t\t\t\t\t\t\t\t\t<\/div>\n\t\t\t\t\t\t\t\t<div class=\"elementor-field-type-textarea elementor-field-group elementor-column elementor-field-group-message elementor-col-100 elementor-field-required\">\n\t\t\t\t\t\t\t\t\t\t\t\t<label for=\"form-field-message\" class=\"elementor-field-label elementor-screen-only\">\n\t\t\t\t\t\t\t\tIhre Nachricht\t\t\t\t\t\t\t<\/label>\n\t\t\t\t\t\t<textarea class=\"elementor-field-textual elementor-field  elementor-size-md\" name=\"form_fields[message]\" id=\"form-field-message\" rows=\"4\" placeholder=\"Ihre Nachricht\" required=\"required\"><\/textarea>\t\t\t\t<\/div>\n\t\t\t\t\t\t\t\t<div class=\"elementor-field-type-recaptcha_v3 elementor-field-group elementor-column elementor-field-group-field_7a2265e elementor-col-100 recaptcha_v3-bottomright\">\n\t\t\t\t\t<div class=\"elementor-field\" id=\"form-field-field_7a2265e\"><div class=\"elementor-g-recaptcha\" data-sitekey=\"6LdjVaYpAAAAAGyRwcsnwA1DePtJXazZ67y1ANe_\" data-type=\"v3\" data-action=\"Form\" data-badge=\"bottomright\" data-size=\"invisible\"><\/div><\/div>\t\t\t\t<\/div>\n\t\t\t\t\t\t\t\t<div class=\"elementor-field-group elementor-column elementor-field-type-submit elementor-col-100 e-form__buttons\">\n\t\t\t\t\t<button class=\"elementor-button elementor-size-sm\" type=\"submit\">\n\t\t\t\t\t\t<span class=\"elementor-button-content-wrapper\">\n\t\t\t\t\t\t\t\t\t\t\t\t\t\t\t\t\t\t\t\t\t\t<span class=\"elementor-button-text\">Senden<\/span>\n\t\t\t\t\t\t\t\t\t\t\t\t\t<\/span>\n\t\t\t\t\t<\/button>\n\t\t\t\t<\/div>\n\t\t\t<\/div>\n\t\t<\/form>\n\t\t\t\t\t\t<\/div>\n\t\t\t\t<\/div>\n\t\t\t\t<\/div>\n\t\t<div class=\"elementor-element elementor-element-bc696d8 e-con-full e-flex e-con e-child\" data-id=\"bc696d8\" data-element_type=\"container\" data-e-type=\"container\" data-settings=\"{&quot;background_background&quot;:&quot;classic&quot;}\">\n\t\t\t\t<div class=\"elementor-element elementor-element-2cd1cea elementor-view-stacked elementor-shape-square elementor-position-inline-start elementor-mobile-position-block-start elementor-widget elementor-widget-global elementor-global-14488 elementor-global-12296 elementor-widget-icon-box\" data-id=\"2cd1cea\" data-element_type=\"widget\" data-e-type=\"widget\" data-widget_type=\"icon-box.default\">\n\t\t\t\t<div class=\"elementor-widget-container\">\n\t\t\t\t\t\t\t<div class=\"elementor-icon-box-wrapper\">\n\n\t\t\t\t\t\t<div class=\"elementor-icon-box-icon\">\n\t\t\t\t<span  class=\"elementor-icon\">\n\t\t\t\t<i aria-hidden=\"true\" class=\"fas fa-phone-alt\"><\/i>\t\t\t\t<\/span>\n\t\t\t<\/div>\n\t\t\t\n\t\t\t\t\t\t<div class=\"elementor-icon-box-content\">\n\n\t\t\t\t\t\t\t\t\t<div class=\"elementor-icon-box-title\">\n\t\t\t\t\t\t<span  >\n\t\t\t\t\t\t\tJetzt anrufen\t\t\t\t\t\t<\/span>\n\t\t\t\t\t<\/div>\n\t\t\t\t\n\t\t\t\t\t\t\t\t\t<p class=\"elementor-icon-box-description\">\n\t\t\t\t\t\t+90 535 463 53 33\t\t\t\t\t<\/p>\n\t\t\t\t\n\t\t\t<\/div>\n\t\t\t\n\t\t<\/div>\n\t\t\t\t\t\t<\/div>\n\t\t\t\t<\/div>\n\t\t\t\t<\/div>\n\t\t<div class=\"elementor-element elementor-element-73bd83c e-con-full e-flex e-con e-child\" data-id=\"73bd83c\" data-element_type=\"container\" data-e-type=\"container\" data-settings=\"{&quot;background_background&quot;:&quot;classic&quot;}\">\n\t\t\t\t<div class=\"elementor-element elementor-element-6cdfa26 elementor-widget elementor-widget-heading\" data-id=\"6cdfa26\" data-element_type=\"widget\" data-e-type=\"widget\" data-widget_type=\"heading.default\">\n\t\t\t\t<div class=\"elementor-widget-container\">\n\t\t\t\t\t<div class=\"elementor-heading-title elementor-size-default\">Folgen Sie uns<\/div>\t\t\t\t<\/div>\n\t\t\t\t<\/div>\n\t\t\t\t<div class=\"elementor-element elementor-element-5a42308 elementor-shape-rounded elementor-grid-0 e-grid-align-center elementor-widget elementor-widget-global elementor-global-14482 elementor-global-12299 elementor-widget-social-icons\" data-id=\"5a42308\" data-element_type=\"widget\" data-e-type=\"widget\" data-widget_type=\"social-icons.default\">\n\t\t\t\t<div class=\"elementor-widget-container\">\n\t\t\t\t\t\t\t<div class=\"elementor-social-icons-wrapper elementor-grid\" role=\"list\">\n\t\t\t\t\t\t\t<span class=\"elementor-grid-item\" role=\"listitem\">\n\t\t\t\t\t<a class=\"elementor-icon elementor-social-icon elementor-social-icon-facebook elementor-repeater-item-9c5f75f\" href=\"https:\/\/www.facebook.com\/doktorcemozluk\" target=\"_blank\" rel=\"noopener\">\n\t\t\t\t\t\t<span class=\"elementor-screen-only\">Facebook<\/span>\n\t\t\t\t\t\t<i aria-hidden=\"true\" class=\"fab fa-facebook\"><\/i>\t\t\t\t\t<\/a>\n\t\t\t\t<\/span>\n\t\t\t\t\t\t\t<span class=\"elementor-grid-item\" role=\"listitem\">\n\t\t\t\t\t<a class=\"elementor-icon elementor-social-icon elementor-social-icon-instagram elementor-repeater-item-90b8afb\" href=\"https:\/\/www.instagram.com\/drcemozluk\/\" target=\"_blank\" rel=\"noopener\">\n\t\t\t\t\t\t<span class=\"elementor-screen-only\">Instagram<\/span>\n\t\t\t\t\t\t<i aria-hidden=\"true\" class=\"fab fa-instagram\"><\/i>\t\t\t\t\t<\/a>\n\t\t\t\t<\/span>\n\t\t\t\t\t\t\t<span class=\"elementor-grid-item\" role=\"listitem\">\n\t\t\t\t\t<a class=\"elementor-icon elementor-social-icon elementor-social-icon-youtube elementor-repeater-item-4b7d7ce\" href=\"https:\/\/www.youtube.com\/@op.dr.cemozluk5132\" target=\"_blank\" rel=\"noopener\">\n\t\t\t\t\t\t<span class=\"elementor-screen-only\">Youtube<\/span>\n\t\t\t\t\t\t<i aria-hidden=\"true\" class=\"fab fa-youtube\"><\/i>\t\t\t\t\t<\/a>\n\t\t\t\t<\/span>\n\t\t\t\t\t<\/div>\n\t\t\t\t\t\t<\/div>\n\t\t\t\t<\/div>\n\t\t\t\t<\/div>\n\t\t<div class=\"elementor-element elementor-element-5c747cd e-con-full e-flex e-con e-child\" data-id=\"5c747cd\" data-element_type=\"container\" data-e-type=\"container\" data-settings=\"{&quot;background_background&quot;:&quot;classic&quot;}\">\n\t\t\t\t<div class=\"elementor-element elementor-element-e7453fc elementor-position-inline-start elementor-view-default elementor-mobile-position-block-start elementor-widget elementor-widget-global elementor-global-14476 elementor-global-12302 elementor-widget-icon-box\" data-id=\"e7453fc\" data-element_type=\"widget\" data-e-type=\"widget\" data-widget_type=\"icon-box.default\">\n\t\t\t\t<div class=\"elementor-widget-container\">\n\t\t\t\t\t\t\t<div class=\"elementor-icon-box-wrapper\">\n\n\t\t\t\t\t\t<div class=\"elementor-icon-box-icon\">\n\t\t\t\t<a href=\"http:\/\/wa.me\/905354635333\" class=\"elementor-icon\" tabindex=\"-1\" aria-label=\"Kontakt \u00fcber WhatsApp\" target=\"_blank\" rel=\"noopener\">\n\t\t\t\t<i aria-hidden=\"true\" class=\"fab fa-whatsapp\"><\/i>\t\t\t\t<\/a>\n\t\t\t<\/div>\n\t\t\t\n\t\t\t\t\t\t<div class=\"elementor-icon-box-content\">\n\n\t\t\t\t\t\t\t\t\t<div class=\"elementor-icon-box-title\">\n\t\t\t\t\t\t<a href=\"http:\/\/wa.me\/905354635333\" target=\"_blank\" rel=\"noopener\">\n\t\t\t\t\t\t\tKontakt \u00fcber WhatsApp\t\t\t\t\t\t<\/a>\n\t\t\t\t\t<\/div>\n\t\t\t\t\n\t\t\t\t\n\t\t\t<\/div>\n\t\t\t\n\t\t<\/div>\n\t\t\t\t\t\t<\/div>\n\t\t\t\t<\/div>\n\t\t\t\t<\/div>\n\t\t\t\t<\/div>\n\t\t\t\t<\/div>\n\t\t<div class=\"elementor-element elementor-element-29bed12 e-con-full e-flex e-con e-child\" data-id=\"29bed12\" data-element_type=\"container\" data-e-type=\"container\">\n\t\t\t\t<div class=\"elementor-element elementor-element-9fde88a elementor-widget elementor-widget-image\" data-id=\"9fde88a\" data-element_type=\"widget\" data-e-type=\"widget\" data-widget_type=\"image.default\">\n\t\t\t\t<div class=\"elementor-widget-container\">\n\t\t\t\t\t\t\t\t\t\t\t\t\t\t\t<img fetchpriority=\"high\" decoding=\"async\" width=\"798\" height=\"400\" src=\"https:\/\/urolognet.com\/wp-content\/uploads\/2024\/03\/Islanma-Problemleri.webp\" class=\"attachment-full size-full wp-image-12561\" alt=\"\" srcset=\"https:\/\/urolognet.com\/wp-content\/uploads\/2024\/03\/Islanma-Problemleri.webp 798w, https:\/\/urolognet.com\/wp-content\/uploads\/2024\/03\/Islanma-Problemleri-300x150.webp 300w, https:\/\/urolognet.com\/wp-content\/uploads\/2024\/03\/Islanma-Problemleri-768x385.webp 768w\" sizes=\"(max-width: 798px) 100vw, 798px\" title=\"\">\t\t\t\t\t\t\t\t\t\t\t\t\t\t\t<\/div>\n\t\t\t\t<\/div>\n\t\t\t\t<div class=\"elementor-element elementor-element-30cdb90 elementor-widget elementor-widget-heading\" data-id=\"30cdb90\" data-element_type=\"widget\" data-e-type=\"widget\" data-widget_type=\"heading.default\">\n\t\t\t\t<div class=\"elementor-widget-container\">\n\t\t\t\t\t<h1 class=\"elementor-heading-title elementor-size-default\">Benetzungsprobleme<\/h1>\t\t\t\t<\/div>\n\t\t\t\t<\/div>\n\t\t\t\t<div class=\"elementor-element elementor-element-2f5fa10 elementor-widget elementor-widget-text-editor\" data-id=\"2f5fa10\" data-element_type=\"widget\" data-e-type=\"widget\" data-widget_type=\"text-editor.default\">\n\t\t\t\t<div class=\"elementor-widget-container\">\n\t\t\t\t\t\t\t\t\t<p>F\u00fcr Frauen ist die Vagina ein perfekt gestaltetes und funktionelles Organ. In manchen F\u00e4llen kann es jedoch zu Benetzungsproblemen kommen, die oft als Trockenheit bezeichnet werden. Vaginale Trockenheit ist die Folge einer St\u00f6rung des nat\u00fcrlichen Feuchtigkeitshaushalts der Vagina. Dies ist ein Problem, das Frauen beim Geschlechtsverkehr Unbehagen und Schwierigkeiten bereitet.<\/p>\n<p>Die Vagina hat eine Struktur, die sich w\u00e4hrend der Wehen oder beim Geschlechtsverkehr ausdehnt und streckt. Diese Elastizit\u00e4t erm\u00f6glicht eine gesunde Funktion der Vagina. Die Vaginalwand hat eine gezackte Struktur, die das Lustempfinden beim Geschlechtsverkehr erh\u00f6ht. Die Dr\u00fcsen am Scheideneingang sorgen f\u00fcr eine nat\u00fcrliche Befeuchtung der Vagina. Die Bartolin-Dr\u00fcsen, vor allem am Scheideneingang, tragen zu erh\u00f6hter N\u00e4sse bei. Diese Dr\u00fcsen spielen eine wichtige Rolle bei der Vorbeugung von Problemen wie Scheidentrockenheit und Reizungen.<\/p>\n<p>Es gibt verschiedene L\u00f6sungen f\u00fcr Frauen, die Probleme mit Scheidentrockenheit haben. Zun\u00e4chst ist es wichtig, in Absprache mit Ihrem Arzt einen geeigneten Behandlungsplan aufzustellen. Dieser Behandlungsplan zielt darauf ab, das nat\u00fcrliche Feuchtigkeitsgleichgewicht der Vagina wiederherzustellen. Hormonelle Behandlungen, vaginale Feuchtigkeitscremes und Gleitmittel k\u00f6nnen helfen, Scheidentrockenheit zu lindern. Dar\u00fcber hinaus k\u00f6nnen auch \u00c4nderungen des Lebensstils die vaginale Gesundheit unterst\u00fctzen. Regelm\u00e4\u00dfige Bewegung, gesunde Ern\u00e4hrung und die Vermeidung von Stress k\u00f6nnen helfen, Scheidentrockenheit zu verhindern.<\/p>\n<p>In unserer Klinik bieten wir unseren Patientinnen den besten Service durch ein Team, das auf Fragen der Vaginalgesundheit spezialisiert ist. Wenn Sie unter Problemen wie Einn\u00e4ssen leiden, k\u00f6nnen Sie sich an uns wenden, damit wir einen geeigneten und wirksamen Behandlungsplan f\u00fcr Sie erstellen k\u00f6nnen. Wir hei\u00dfen Sie in unserer Klinik f\u00fcr ein gesundes Vaginalleben willkommen.<\/p>\n\t\t\t\t\t\t\t\t<\/div>\n\t\t\t\t<\/div>\n\t\t\t\t<div class=\"elementor-element elementor-element-50326c9 elementor-widget elementor-widget-heading\" data-id=\"50326c9\" data-element_type=\"widget\" data-e-type=\"widget\" data-widget_type=\"heading.default\">\n\t\t\t\t<div class=\"elementor-widget-container\">\n\t\t\t\t\t<h2 class=\"elementor-heading-title elementor-size-default\">Wodurch wird das Problem der Benetzung verursacht?<\/h2>\t\t\t\t<\/div>\n\t\t\t\t<\/div>\n\t\t\t\t<div class=\"elementor-element elementor-element-30bb4c9 elementor-widget elementor-widget-text-editor\" data-id=\"30bb4c9\" data-element_type=\"widget\" data-e-type=\"widget\" data-widget_type=\"text-editor.default\">\n\t\t\t\t<div class=\"elementor-widget-container\">\n\t\t\t\t\t\t\t\t\t<p>Das Problem des Einn\u00e4ssens bei Frauen ist in der Regel auf eine St\u00f6rung des nat\u00fcrlichen Feuchtigkeitshaushalts der Vagina zur\u00fcckzuf\u00fchren. Dies kann sich als fehlendes Einn\u00e4ssen beim Geschlechtsverkehr oder bei der Selbstbefriedigung \u00e4u\u00dfern. Die Ursache f\u00fcr das Problem der N\u00e4sse ist in der Regel auf Probleme in den Vaginaldr\u00fcsen zur\u00fcckzuf\u00fchren. Die meisten Frauen erleben dieses Problem in den Wechseljahren, da Scheidentrockenheit h\u00e4ufig mit den Wechseljahren einhergeht.<\/p>\n<p>In der Zeit nach der Geburt kann es aufgrund des Anstiegs der Milchhormone zu einem R\u00fcckgang der Scheidensekretion kommen, was zu Problemen beim Einn\u00e4ssen f\u00fchren kann. Hormonelle Ver\u00e4nderungen in den Wechseljahren und in der Zeit nach der Geburt k\u00f6nnen das Problem der Scheidentrockenheit ausl\u00f6sen. Dar\u00fcber hinaus k\u00f6nnen auch die Nebenwirkungen bestimmter Medikamente, psychische Probleme, Schwierigkeiten bei der sexuellen Erregung und Unlust zu Scheidentrockenheit f\u00fchren.<\/p>\n<p>In unserer Klinik bewerten wir die Benetzungsprobleme unserer Patienten im Detail. Wir untersuchen den Zustand eines jeden Patienten und bestimmen die am besten geeignete Behandlungsmethode, indem wir die Ursachen ermitteln. Wir helfen unseren Patientinnen mit verschiedenen Behandlungsm\u00f6glichkeiten wie Hormonbehandlungen, vaginalen Feuchtigkeitsmitteln und Gleitmitteln, ein gesundes Scheidenleben zu f\u00fchren. Wir informieren unsere Patienten auch \u00fcber \u00c4nderungen des Lebensstils und die vorsichtige Einnahme von Medikamenten.<\/p>\n<p>Wenn auch Sie Probleme mit dem Einn\u00e4ssen haben, machen Sie sich keine Sorgen. In unserer Klinik erstellen wir einen speziellen Behandlungsplan f\u00fcr Sie und l\u00f6sen Ihr Problem. Kontaktieren Sie uns f\u00fcr ein gesundes Vaginalleben, wir helfen Ihnen gerne.<\/p>\n\t\t\t\t\t\t\t\t<\/div>\n\t\t\t\t<\/div>\n\t\t\t\t<div class=\"elementor-element elementor-element-7d562e3 elementor-widget elementor-widget-heading\" data-id=\"7d562e3\" data-element_type=\"widget\" data-e-type=\"widget\" data-widget_type=\"heading.default\">\n\t\t\t\t<div class=\"elementor-widget-container\">\n\t\t\t\t\t<h2 class=\"elementor-heading-title elementor-size-default\">Behandlung von Vaginatrockenheit<\/h2>\t\t\t\t<\/div>\n\t\t\t\t<\/div>\n\t\t\t\t<div class=\"elementor-element elementor-element-5c8b122 elementor-widget elementor-widget-text-editor\" data-id=\"5c8b122\" data-element_type=\"widget\" data-e-type=\"widget\" data-widget_type=\"text-editor.default\">\n\t\t\t\t<div class=\"elementor-widget-container\">\n\t\t\t\t\t\t\t\t\t<p>Das Problem der vaginalen Trockenheit bei Frauen ist ein Zustand, der das Sexualleben negativ beeinflusst und Unbehagen verursacht. Es ist jedoch m\u00f6glich, dieses Problem zu behandeln, und wir helfen unseren Patienten in dieser Hinsicht mit den verschiedenen Dienstleistungen, die wir in unserer Klinik anbieten.<\/p>\n<p>Der erste Schritt bei der Behandlung von Scheidentrockenheit besteht darin, die Ursache des Problems zu ermitteln. Nach der Auswertung der Symptome unserer Patienten und der Durchf\u00fchrung der erforderlichen Untersuchungen ermitteln wir die Ursachen der Trockenheit. Verschiedene Ursachen wie Wechseljahre, Wochenbett, hormonelle Ver\u00e4nderungen, Nebenwirkungen bestimmter Medikamente und psychologische Faktoren k\u00f6nnen zu Scheidentrockenheit f\u00fchren. Die Ermittlung dieser Ursachen ist wichtig f\u00fcr die korrekte Planung des Behandlungsprozesses.<\/p>\n<p>Zu den Behandlungsm\u00f6glichkeiten geh\u00f6ren Hormontherapien, vaginale Feuchtigkeitscremes, Gleitmittel und \u00c4nderungen der Lebensweise. Hormonelle Behandlungen k\u00f6nnen helfen, das hormonelle Ungleichgewicht im K\u00f6rper zu regulieren, w\u00e4hrend vaginale Feuchtigkeits- und Gleitmittel die Trockenheit durch Befeuchtung des Vaginalgewebes lindern. Dar\u00fcber hinaus k\u00f6nnen auch \u00c4nderungen der Lebensweise wie die \u00dcberpr\u00fcfung der Ern\u00e4hrungsgewohnheiten, die Erh\u00f6hung des Wasserkonsums und die Vermeidung von Stress den Behandlungsprozess unterst\u00fctzen.<\/p>\n<p>In unserer Klinik bieten wir die wirksamste Behandlung zur L\u00f6sung des Problems der Scheidentrockenheit an, indem wir f\u00fcr jede Patientin einen speziellen Behandlungsplan erstellen. Mit unseren erfahrenen \u00c4rzten und fachkundigen Mitarbeitern wollen wir unseren Patienten helfen, ein gesundes Sexualleben zu f\u00fchren. Rufen Sie uns an, um einen speziellen Behandlungsplan f\u00fcr Sie zu erstellen und Ihr Problem zu l\u00f6sen, lassen Sie uns die ersten Schritte f\u00fcr ein gesundes Vaginalleben unternehmen.<\/p>\n\t\t\t\t\t\t\t\t<\/div>\n\t\t\t\t<\/div>\n\t\t\t\t<\/div>\n\t\t\t\t\t<\/div>\n\t\t\t\t<\/div>\n\t\t\t\t<\/div>\n\t\t","protected":false},"excerpt":{"rendered":"<p>F\u00fcr Frauen ist die Vagina ein perfekt gestaltetes und funktionelles Organ. In manchen F\u00e4llen kann es jedoch zu Benetzungsproblemen kommen, die oft als Trockenheit bezeichnet werden. <\/p>\n","protected":false},"author":1,"featured_media":13949,"parent":14108,"menu_order":0,"comment_status":"closed","ping_status":"closed","template":"elementor_header_footer","meta":{"footnotes":""},"class_list":["post-14128","page","type-page","status-publish","has-post-thumbnail","hentry"],"_links":{"self":[{"href":"https:\/\/urolognet.com\/de\/wp-json\/wp\/v2\/pages\/14128","targetHints":{"allow":["GET"]}}],"collection":[{"href":"https:\/\/urolognet.com\/de\/wp-json\/wp\/v2\/pages"}],"about":[{"href":"https:\/\/urolognet.com\/de\/wp-json\/wp\/v2\/types\/page"}],"author":[{"embeddable":true,"href":"https:\/\/urolognet.com\/de\/wp-json\/wp\/v2\/users\/1"}],"replies":[{"embeddable":true,"href":"https:\/\/urolognet.com\/de\/wp-json\/wp\/v2\/comments?post=14128"}],"version-history":[{"count":0,"href":"https:\/\/urolognet.com\/de\/wp-json\/wp\/v2\/pages\/14128\/revisions"}],"up":[{"embeddable":true,"href":"https:\/\/urolognet.com\/de\/wp-json\/wp\/v2\/pages\/14108"}],"wp:featuredmedia":[{"embeddable":true,"href":"https:\/\/urolognet.com\/de\/wp-json\/wp\/v2\/media\/13949"}],"wp:attachment":[{"href":"https:\/\/urolognet.com\/de\/wp-json\/wp\/v2\/media?parent=14128"}],"curies":[{"name":"wp","href":"https:\/\/api.w.org\/{rel}","templated":true}]}}