{"id":14170,"date":"2024-03-28T09:59:39","date_gmt":"2024-03-28T06:59:39","guid":{"rendered":"https:\/\/urolognet.com\/genitale-aesthetik\/"},"modified":"2024-04-02T08:55:48","modified_gmt":"2024-04-02T05:55:48","slug":"genitale-aesthetik","status":"publish","type":"page","link":"https:\/\/urolognet.com\/de\/genitale-aesthetik\/","title":{"rendered":"Genitale \u00c4sthetik"},"content":{"rendered":"\t\t<div data-elementor-type=\"wp-page\" data-elementor-id=\"14170\" class=\"elementor elementor-14170 elementor-12158\" data-elementor-post-type=\"page\">\n\t\t\t\t<div class=\"elementor-element elementor-element-1e50423 elementor-hidden-mobile elementor-hidden-tablet e-flex e-con-boxed e-con e-parent\" data-id=\"1e50423\" data-element_type=\"container\" data-e-type=\"container\" data-settings=\"{&quot;background_background&quot;:&quot;classic&quot;,&quot;sticky&quot;:&quot;top&quot;,&quot;sticky_offset&quot;:135,&quot;sticky_on&quot;:[&quot;desktop&quot;,&quot;tablet&quot;,&quot;mobile&quot;],&quot;sticky_effects_offset&quot;:0,&quot;sticky_anchor_link_offset&quot;:0}\">\n\t\t\t\t\t<div class=\"e-con-inner\">\n\t\t\t\t\t<\/div>\n\t\t\t\t<\/div>\n\t\t<div class=\"elementor-element elementor-element-6587144 e-flex e-con-boxed e-con e-parent\" data-id=\"6587144\" data-element_type=\"container\" data-e-type=\"container\">\n\t\t\t\t\t<div class=\"e-con-inner\">\n\t\t\t\t<div class=\"elementor-element elementor-element-995f2d4 elementor-cta--layout-image-above elementor-cta--mobile-layout-image-above elementor-cta--valign-middle elementor-widget__width-initial elementor-widget-mobile__width-initial elementor-cta--skin-classic elementor-animated-content elementor-widget elementor-widget-call-to-action\" data-id=\"995f2d4\" data-element_type=\"widget\" data-e-type=\"widget\" data-widget_type=\"call-to-action.default\">\n\t\t\t\t<div class=\"elementor-widget-container\">\n\t\t\t\t\t\t\t<a class=\"elementor-cta\" href=\"https:\/\/urolognet.com\/genital-estetik\/erkek-genital-estetik\/\">\n\t\t\t\t\t<div class=\"elementor-cta__bg-wrapper\">\n\t\t\t\t<div class=\"elementor-cta__bg elementor-bg\" style=\"background-image: url(https:\/\/urolognet.com\/wp-content\/uploads\/2024\/03\/Erkek.webp);\" role=\"img\" aria-label=\"Erkek\"><\/div>\n\t\t\t\t<div class=\"elementor-cta__bg-overlay\"><\/div>\n\t\t\t<\/div>\n\t\t\t\t\t\t\t<div class=\"elementor-cta__content\">\n\t\t\t\t\n\t\t\t\t\t\t\t\t\t<h2 class=\"elementor-cta__title elementor-cta__content-item elementor-content-item\">\n\t\t\t\t\t\t\u00c4sthetik der m\u00e4nnlichen Genitalien\t\t\t\t\t<\/h2>\n\t\t\t\t\n\t\t\t\t\n\t\t\t\t\t\t\t<\/div>\n\t\t\t\t\t\t<\/a>\n\t\t\t\t\t\t<\/div>\n\t\t\t\t<\/div>\n\t\t\t\t<div class=\"elementor-element elementor-element-4884e16 elementor-cta--layout-image-above elementor-cta--mobile-layout-image-above elementor-cta--valign-middle elementor-widget__width-initial elementor-widget-mobile__width-initial elementor-cta--skin-classic elementor-animated-content elementor-widget elementor-widget-call-to-action\" data-id=\"4884e16\" data-element_type=\"widget\" data-e-type=\"widget\" data-widget_type=\"call-to-action.default\">\n\t\t\t\t<div class=\"elementor-widget-container\">\n\t\t\t\t\t\t\t<a class=\"elementor-cta\" href=\"https:\/\/urolognet.com\/genital-estetik\/kadin-genital-estetik\/\">\n\t\t\t\t\t<div class=\"elementor-cta__bg-wrapper\">\n\t\t\t\t<div class=\"elementor-cta__bg elementor-bg\" style=\"background-image: url(https:\/\/urolognet.com\/wp-content\/uploads\/2024\/03\/Kadin.webp);\" role=\"img\" aria-label=\"Kad\u0131n\"><\/div>\n\t\t\t\t<div class=\"elementor-cta__bg-overlay\"><\/div>\n\t\t\t<\/div>\n\t\t\t\t\t\t\t<div class=\"elementor-cta__content\">\n\t\t\t\t\n\t\t\t\t\t\t\t\t\t<h2 class=\"elementor-cta__title elementor-cta__content-item elementor-content-item\">\n\t\t\t\t\t\tWeibliche Genital\u00e4sthetik\t\t\t\t\t<\/h2>\n\t\t\t\t\n\t\t\t\t\n\t\t\t\t\t\t\t<\/div>\n\t\t\t\t\t\t<\/a>\n\t\t\t\t\t\t<\/div>\n\t\t\t\t<\/div>\n\t\t\t\t\t<\/div>\n\t\t\t\t<\/div>\n\t\t\t\t<\/div>\n\t\t","protected":false},"excerpt":{"rendered":"<p>Mit unseren genital\u00e4sthetischen Dienstleistungen bieten wir spezielle L\u00f6sungen f\u00fcr Sie an. Mit der Erfahrung und Zuverl\u00e4ssigkeit unserer Experten erhalten Sie das gew\u00fcnschte Aussehen.<\/p>\n","protected":false},"author":1,"featured_media":0,"parent":0,"menu_order":0,"comment_status":"closed","ping_status":"closed","template":"elementor_header_footer","meta":{"footnotes":""},"class_list":["post-14170","page","type-page","status-publish","hentry"],"_links":{"self":[{"href":"https:\/\/urolognet.com\/de\/wp-json\/wp\/v2\/pages\/14170","targetHints":{"allow":["GET"]}}],"collection":[{"href":"https:\/\/urolognet.com\/de\/wp-json\/wp\/v2\/pages"}],"about":[{"href":"https:\/\/urolognet.com\/de\/wp-json\/wp\/v2\/types\/page"}],"author":[{"embeddable":true,"href":"https:\/\/urolognet.com\/de\/wp-json\/wp\/v2\/users\/1"}],"replies":[{"embeddable":true,"href":"https:\/\/urolognet.com\/de\/wp-json\/wp\/v2\/comments?post=14170"}],"version-history":[{"count":0,"href":"https:\/\/urolognet.com\/de\/wp-json\/wp\/v2\/pages\/14170\/revisions"}],"wp:attachment":[{"href":"https:\/\/urolognet.com\/de\/wp-json\/wp\/v2\/media?parent=14170"}],"curies":[{"name":"wp","href":"https:\/\/api.w.org\/{rel}","templated":true}]}}