{"id":14242,"date":"2024-03-29T09:05:18","date_gmt":"2024-03-29T06:05:18","guid":{"rendered":"https:\/\/urolognet.com\/genitale-aesthetik\/weibliche-genitalaesthetik\/barbie-vagina\/"},"modified":"2024-04-02T12:31:05","modified_gmt":"2024-04-02T09:31:05","slug":"barbie-vagina","status":"publish","type":"page","link":"https:\/\/urolognet.com\/de\/genitale-aesthetik\/weibliche-genitalaesthetik\/barbie-vagina\/","title":{"rendered":"Barbie Vagina"},"content":{"rendered":"\t\t<div data-elementor-type=\"wp-page\" data-elementor-id=\"14242\" class=\"elementor elementor-14242 elementor-12387\" data-elementor-post-type=\"page\">\n\t\t\t\t<div class=\"elementor-element elementor-element-7e2b719 elementor-hidden-mobile elementor-hidden-tablet e-flex e-con-boxed e-con e-parent\" data-id=\"7e2b719\" data-element_type=\"container\" data-e-type=\"container\" data-settings=\"{&quot;background_background&quot;:&quot;classic&quot;,&quot;sticky&quot;:&quot;top&quot;,&quot;sticky_offset&quot;:135,&quot;sticky_on&quot;:[&quot;desktop&quot;,&quot;tablet&quot;,&quot;mobile&quot;],&quot;sticky_effects_offset&quot;:0,&quot;sticky_anchor_link_offset&quot;:0}\">\n\t\t\t\t\t<div class=\"e-con-inner\">\n\t\t\t\t\t<\/div>\n\t\t\t\t<\/div>\n\t\t<div class=\"elementor-element elementor-element-ed04575 e-flex e-con-boxed e-con e-parent\" data-id=\"ed04575\" data-element_type=\"container\" data-e-type=\"container\">\n\t\t\t\t\t<div class=\"e-con-inner\">\n\t\t<div class=\"elementor-element elementor-element-325d69c e-con-full elementor-hidden-tablet elementor-hidden-mobile e-flex e-con e-child\" data-id=\"325d69c\" data-element_type=\"container\" data-e-type=\"container\">\n\t\t\t\t<div class=\"elementor-element elementor-element-3a75a3c elementor-widget elementor-widget-heading\" data-id=\"3a75a3c\" data-element_type=\"widget\" data-e-type=\"widget\" data-widget_type=\"heading.default\">\n\t\t\t\t<div class=\"elementor-widget-container\">\n\t\t\t\t\t<div class=\"elementor-heading-title elementor-size-default\">Weibliches Genital<\/div>\t\t\t\t<\/div>\n\t\t\t\t<\/div>\n\t\t\t\t<div class=\"elementor-element elementor-element-017b961 elementor-nav-menu__text-align-aside elementor-widget elementor-widget-nav-menu\" data-id=\"017b961\" data-element_type=\"widget\" data-e-type=\"widget\" data-settings=\"{&quot;layout&quot;:&quot;dropdown&quot;,&quot;submenu_icon&quot;:{&quot;value&quot;:&quot;&lt;i class=\\&quot;\\&quot;&gt;&lt;\\\/i&gt;&quot;,&quot;library&quot;:&quot;&quot;}}\" data-widget_type=\"nav-menu.default\">\n\t\t\t\t<div class=\"elementor-widget-container\">\n\t\t\t\t\t\t\t\t<nav class=\"elementor-nav-menu--dropdown elementor-nav-menu__container\" aria-hidden=\"true\">\n\t\t\t\t<ul id=\"menu-2-017b961\" class=\"elementor-nav-menu\"><li class=\"menu-item menu-item-type-post_type menu-item-object-page menu-item-12633\"><a href=\"https:\/\/urolognet.com\/genital-estetik\/kadin-genital-estetik\/barbie-vajina\/\" class=\"elementor-item\" tabindex=\"-1\">Barbie Vagina<\/a><\/li>\n<li class=\"menu-item menu-item-type-post_type menu-item-object-page menu-item-12636\"><a href=\"https:\/\/urolognet.com\/genital-estetik\/kadin-genital-estetik\/vajen-estetigi\/\" class=\"elementor-item\" tabindex=\"-1\">Vaginale \u00c4sthetik<\/a><\/li>\n<li class=\"menu-item menu-item-type-post_type menu-item-object-page menu-item-12637\"><a href=\"https:\/\/urolognet.com\/genital-estetik\/kadin-genital-estetik\/vajina-daraltma\/\" class=\"elementor-item\" tabindex=\"-1\">Vagina Straffung<\/a><\/li>\n<li class=\"menu-item menu-item-type-post_type menu-item-object-page menu-item-12638\"><a href=\"https:\/\/urolognet.com\/genital-estetik\/kadin-genital-estetik\/vajinal-genclestirme\/\" class=\"elementor-item\" tabindex=\"-1\">Vaginalverj\u00fcngung<\/a><\/li>\n<li class=\"menu-item menu-item-type-post_type menu-item-object-page menu-item-12634\"><a href=\"https:\/\/urolognet.com\/genital-estetik\/kadin-genital-estetik\/genital-beyazlatma\/\" class=\"elementor-item\" tabindex=\"-1\">Genitalaufhellung<\/a><\/li>\n<li class=\"menu-item menu-item-type-post_type menu-item-object-page menu-item-12635\"><a href=\"https:\/\/urolognet.com\/genital-estetik\/kadin-genital-estetik\/idrar-kacirma-tedavisi\/\" class=\"elementor-item\" tabindex=\"-1\">Behandlung von Harninkontinenz<\/a><\/li>\n<li class=\"menu-item menu-item-type-post_type menu-item-object-page menu-item-14865\"><a href=\"https:\/\/urolognet.com\/genital-estetik\/kadin-genital-estetik\/metoidioplasty\/\" class=\"elementor-item\" tabindex=\"-1\">Metoidioplastik<\/a><\/li>\n<\/ul>\t\t\t<\/nav>\n\t\t\t\t\t\t<\/div>\n\t\t\t\t<\/div>\n\t\t<div class=\"elementor-element elementor-element-f8c6678 e-con-full e-flex e-con e-child\" data-id=\"f8c6678\" data-element_type=\"container\" data-e-type=\"container\" data-settings=\"{&quot;background_background&quot;:&quot;classic&quot;,&quot;sticky&quot;:&quot;top&quot;,&quot;sticky_offset&quot;:170,&quot;sticky_parent&quot;:&quot;yes&quot;,&quot;sticky_on&quot;:[&quot;desktop&quot;,&quot;tablet&quot;,&quot;mobile&quot;],&quot;sticky_effects_offset&quot;:0,&quot;sticky_anchor_link_offset&quot;:0}\">\n\t\t<div class=\"elementor-element elementor-element-6dd94b2 e-con-full e-flex e-con e-child\" data-id=\"6dd94b2\" data-element_type=\"container\" data-e-type=\"container\" data-settings=\"{&quot;background_background&quot;:&quot;classic&quot;}\">\n\t\t\t\t<div class=\"elementor-element elementor-element-8b40883 elementor-widget elementor-widget-heading\" data-id=\"8b40883\" data-element_type=\"widget\" data-e-type=\"widget\" data-widget_type=\"heading.default\">\n\t\t\t\t<div class=\"elementor-widget-container\">\n\t\t\t\t\t<div class=\"elementor-heading-title elementor-size-default\">Antragsformular<\/div>\t\t\t\t<\/div>\n\t\t\t\t<\/div>\n\t\t\t\t<div class=\"elementor-element elementor-element-3ab117b elementor-widget elementor-widget-heading\" data-id=\"3ab117b\" data-element_type=\"widget\" data-e-type=\"widget\" data-widget_type=\"heading.default\">\n\t\t\t\t<div class=\"elementor-widget-container\">\n\t\t\t\t\t<div class=\"elementor-heading-title elementor-size-default\">Kontaktieren Sie uns<\/div>\t\t\t\t<\/div>\n\t\t\t\t<\/div>\n\t\t\t\t<div class=\"elementor-element elementor-element-c58ff0e elementor-widget__width-initial elementor-widget-mobile__width-initial elementor-button-align-stretch elementor-widget elementor-widget-global elementor-global-14494 elementor-global-12293 elementor-widget-form\" data-id=\"c58ff0e\" data-element_type=\"widget\" data-e-type=\"widget\" data-settings=\"{&quot;step_next_label&quot;:&quot;Weiter&quot;,&quot;step_previous_label&quot;:&quot;Vorherige&quot;,&quot;button_width&quot;:&quot;100&quot;,&quot;step_type&quot;:&quot;number_text&quot;,&quot;step_icon_shape&quot;:&quot;circle&quot;}\" data-widget_type=\"form.default\">\n\t\t\t\t<div class=\"elementor-widget-container\">\n\t\t\t\t\t\t\t<form class=\"elementor-form\" method=\"post\" name=\"New Form\">\n\t\t\t<input type=\"hidden\" name=\"post_id\" value=\"14242\"\/>\n\t\t\t<input type=\"hidden\" name=\"form_id\" value=\"c58ff0e\"\/>\n\t\t\t<input type=\"hidden\" name=\"referer_title\" value=\"\" \/>\n\n\t\t\t\n\t\t\t<div class=\"elementor-form-fields-wrapper elementor-labels-\">\n\t\t\t\t\t\t\t\t<div class=\"elementor-field-type-text elementor-field-group elementor-column elementor-field-group-name elementor-col-50 elementor-field-required\">\n\t\t\t\t\t\t\t\t\t\t\t\t<label for=\"form-field-name\" class=\"elementor-field-label elementor-screen-only\">\n\t\t\t\t\t\t\t\tIhr Name\t\t\t\t\t\t\t<\/label>\n\t\t\t\t\t\t\t\t\t\t\t\t\t\t<input size=\"1\" type=\"text\" name=\"form_fields[name]\" id=\"form-field-name\" class=\"elementor-field elementor-size-md  elementor-field-textual\" placeholder=\"Ihr Name\" required=\"required\">\n\t\t\t\t\t\t\t\t\t\t\t<\/div>\n\t\t\t\t\t\t\t\t<div class=\"elementor-field-type-text elementor-field-group elementor-column elementor-field-group-field_67d5a4d elementor-col-50 elementor-field-required\">\n\t\t\t\t\t\t\t\t\t\t\t\t<label for=\"form-field-field_67d5a4d\" class=\"elementor-field-label elementor-screen-only\">\n\t\t\t\t\t\t\t\tIhr Nachname\t\t\t\t\t\t\t<\/label>\n\t\t\t\t\t\t\t\t\t\t\t\t\t\t<input size=\"1\" type=\"text\" name=\"form_fields[field_67d5a4d]\" id=\"form-field-field_67d5a4d\" class=\"elementor-field elementor-size-md  elementor-field-textual\" placeholder=\"Ihr Nachname\" required=\"required\">\n\t\t\t\t\t\t\t\t\t\t\t<\/div>\n\t\t\t\t\t\t\t\t<div class=\"elementor-field-type-text elementor-field-group elementor-column elementor-field-group-field_9d798d9 elementor-col-50 elementor-field-required\">\n\t\t\t\t\t\t\t\t\t\t\t\t<label for=\"form-field-field_9d798d9\" class=\"elementor-field-label elementor-screen-only\">\n\t\t\t\t\t\t\t\tIhr Telefon\t\t\t\t\t\t\t<\/label>\n\t\t\t\t\t\t\t\t\t\t\t\t\t\t<input size=\"1\" type=\"text\" name=\"form_fields[field_9d798d9]\" id=\"form-field-field_9d798d9\" class=\"elementor-field elementor-size-md  elementor-field-textual\" placeholder=\"Ihr Telefon\" required=\"required\">\n\t\t\t\t\t\t\t\t\t\t\t<\/div>\n\t\t\t\t\t\t\t\t<div class=\"elementor-field-type-email elementor-field-group elementor-column elementor-field-group-email elementor-col-50 elementor-field-required\">\n\t\t\t\t\t\t\t\t\t\t\t\t<label for=\"form-field-email\" class=\"elementor-field-label elementor-screen-only\">\n\t\t\t\t\t\t\t\tEmail\t\t\t\t\t\t\t<\/label>\n\t\t\t\t\t\t\t\t\t\t\t\t\t\t<input size=\"1\" type=\"email\" name=\"form_fields[email]\" id=\"form-field-email\" class=\"elementor-field elementor-size-md  elementor-field-textual\" placeholder=\"Email\" required=\"required\">\n\t\t\t\t\t\t\t\t\t\t\t<\/div>\n\t\t\t\t\t\t\t\t<div class=\"elementor-field-type-textarea elementor-field-group elementor-column elementor-field-group-message elementor-col-100 elementor-field-required\">\n\t\t\t\t\t\t\t\t\t\t\t\t<label for=\"form-field-message\" class=\"elementor-field-label elementor-screen-only\">\n\t\t\t\t\t\t\t\tIhre Nachricht\t\t\t\t\t\t\t<\/label>\n\t\t\t\t\t\t<textarea class=\"elementor-field-textual elementor-field  elementor-size-md\" name=\"form_fields[message]\" id=\"form-field-message\" rows=\"4\" placeholder=\"Ihre Nachricht\" required=\"required\"><\/textarea>\t\t\t\t<\/div>\n\t\t\t\t\t\t\t\t<div class=\"elementor-field-type-recaptcha_v3 elementor-field-group elementor-column elementor-field-group-field_7a2265e elementor-col-100 recaptcha_v3-bottomright\">\n\t\t\t\t\t<div class=\"elementor-field\" id=\"form-field-field_7a2265e\"><div class=\"elementor-g-recaptcha\" data-sitekey=\"6LdjVaYpAAAAAGyRwcsnwA1DePtJXazZ67y1ANe_\" data-type=\"v3\" data-action=\"Form\" data-badge=\"bottomright\" data-size=\"invisible\"><\/div><\/div>\t\t\t\t<\/div>\n\t\t\t\t\t\t\t\t<div class=\"elementor-field-group elementor-column elementor-field-type-submit elementor-col-100 e-form__buttons\">\n\t\t\t\t\t<button class=\"elementor-button elementor-size-sm\" type=\"submit\">\n\t\t\t\t\t\t<span class=\"elementor-button-content-wrapper\">\n\t\t\t\t\t\t\t\t\t\t\t\t\t\t\t\t\t\t\t\t\t\t<span class=\"elementor-button-text\">Senden<\/span>\n\t\t\t\t\t\t\t\t\t\t\t\t\t<\/span>\n\t\t\t\t\t<\/button>\n\t\t\t\t<\/div>\n\t\t\t<\/div>\n\t\t<\/form>\n\t\t\t\t\t\t<\/div>\n\t\t\t\t<\/div>\n\t\t\t\t<\/div>\n\t\t<div class=\"elementor-element elementor-element-729d491 e-con-full e-flex e-con e-child\" data-id=\"729d491\" data-element_type=\"container\" data-e-type=\"container\" data-settings=\"{&quot;background_background&quot;:&quot;classic&quot;}\">\n\t\t\t\t<div class=\"elementor-element elementor-element-e7e9f4a elementor-view-stacked elementor-shape-square elementor-position-inline-start elementor-mobile-position-block-start elementor-widget elementor-widget-global elementor-global-14488 elementor-global-12296 elementor-widget-icon-box\" data-id=\"e7e9f4a\" data-element_type=\"widget\" data-e-type=\"widget\" data-widget_type=\"icon-box.default\">\n\t\t\t\t<div class=\"elementor-widget-container\">\n\t\t\t\t\t\t\t<div class=\"elementor-icon-box-wrapper\">\n\n\t\t\t\t\t\t<div class=\"elementor-icon-box-icon\">\n\t\t\t\t<span  class=\"elementor-icon\">\n\t\t\t\t<i aria-hidden=\"true\" class=\"fas fa-phone-alt\"><\/i>\t\t\t\t<\/span>\n\t\t\t<\/div>\n\t\t\t\n\t\t\t\t\t\t<div class=\"elementor-icon-box-content\">\n\n\t\t\t\t\t\t\t\t\t<div class=\"elementor-icon-box-title\">\n\t\t\t\t\t\t<span  >\n\t\t\t\t\t\t\tJetzt anrufen\t\t\t\t\t\t<\/span>\n\t\t\t\t\t<\/div>\n\t\t\t\t\n\t\t\t\t\t\t\t\t\t<p class=\"elementor-icon-box-description\">\n\t\t\t\t\t\t+90 535 463 53 33\t\t\t\t\t<\/p>\n\t\t\t\t\n\t\t\t<\/div>\n\t\t\t\n\t\t<\/div>\n\t\t\t\t\t\t<\/div>\n\t\t\t\t<\/div>\n\t\t\t\t<\/div>\n\t\t<div class=\"elementor-element elementor-element-f4d100c e-con-full e-flex e-con e-child\" data-id=\"f4d100c\" data-element_type=\"container\" data-e-type=\"container\" data-settings=\"{&quot;background_background&quot;:&quot;classic&quot;}\">\n\t\t\t\t<div class=\"elementor-element elementor-element-1eeb8c1 elementor-widget elementor-widget-heading\" data-id=\"1eeb8c1\" data-element_type=\"widget\" data-e-type=\"widget\" data-widget_type=\"heading.default\">\n\t\t\t\t<div class=\"elementor-widget-container\">\n\t\t\t\t\t<div class=\"elementor-heading-title elementor-size-default\">Folgen Sie uns<\/div>\t\t\t\t<\/div>\n\t\t\t\t<\/div>\n\t\t\t\t<div class=\"elementor-element elementor-element-9ee1fee elementor-shape-rounded elementor-grid-0 e-grid-align-center elementor-widget elementor-widget-global elementor-global-14482 elementor-global-12299 elementor-widget-social-icons\" data-id=\"9ee1fee\" data-element_type=\"widget\" data-e-type=\"widget\" data-widget_type=\"social-icons.default\">\n\t\t\t\t<div class=\"elementor-widget-container\">\n\t\t\t\t\t\t\t<div class=\"elementor-social-icons-wrapper elementor-grid\" role=\"list\">\n\t\t\t\t\t\t\t<span class=\"elementor-grid-item\" role=\"listitem\">\n\t\t\t\t\t<a class=\"elementor-icon elementor-social-icon elementor-social-icon-facebook elementor-repeater-item-9c5f75f\" href=\"https:\/\/www.facebook.com\/doktorcemozluk\" target=\"_blank\" rel=\"noopener\">\n\t\t\t\t\t\t<span class=\"elementor-screen-only\">Facebook<\/span>\n\t\t\t\t\t\t<i aria-hidden=\"true\" class=\"fab fa-facebook\"><\/i>\t\t\t\t\t<\/a>\n\t\t\t\t<\/span>\n\t\t\t\t\t\t\t<span class=\"elementor-grid-item\" role=\"listitem\">\n\t\t\t\t\t<a class=\"elementor-icon elementor-social-icon elementor-social-icon-instagram elementor-repeater-item-90b8afb\" href=\"https:\/\/www.instagram.com\/drcemozluk\/\" target=\"_blank\" rel=\"noopener\">\n\t\t\t\t\t\t<span class=\"elementor-screen-only\">Instagram<\/span>\n\t\t\t\t\t\t<i aria-hidden=\"true\" class=\"fab fa-instagram\"><\/i>\t\t\t\t\t<\/a>\n\t\t\t\t<\/span>\n\t\t\t\t\t\t\t<span class=\"elementor-grid-item\" role=\"listitem\">\n\t\t\t\t\t<a class=\"elementor-icon elementor-social-icon elementor-social-icon-youtube elementor-repeater-item-4b7d7ce\" href=\"https:\/\/www.youtube.com\/@op.dr.cemozluk5132\" target=\"_blank\" rel=\"noopener\">\n\t\t\t\t\t\t<span class=\"elementor-screen-only\">Youtube<\/span>\n\t\t\t\t\t\t<i aria-hidden=\"true\" class=\"fab fa-youtube\"><\/i>\t\t\t\t\t<\/a>\n\t\t\t\t<\/span>\n\t\t\t\t\t<\/div>\n\t\t\t\t\t\t<\/div>\n\t\t\t\t<\/div>\n\t\t\t\t<\/div>\n\t\t<div class=\"elementor-element elementor-element-69108fd e-con-full e-flex e-con e-child\" data-id=\"69108fd\" data-element_type=\"container\" data-e-type=\"container\" data-settings=\"{&quot;background_background&quot;:&quot;classic&quot;}\">\n\t\t\t\t<div class=\"elementor-element elementor-element-5ab8d75 elementor-position-inline-start elementor-view-default elementor-mobile-position-block-start elementor-widget elementor-widget-global elementor-global-14476 elementor-global-12302 elementor-widget-icon-box\" data-id=\"5ab8d75\" data-element_type=\"widget\" data-e-type=\"widget\" data-widget_type=\"icon-box.default\">\n\t\t\t\t<div class=\"elementor-widget-container\">\n\t\t\t\t\t\t\t<div class=\"elementor-icon-box-wrapper\">\n\n\t\t\t\t\t\t<div class=\"elementor-icon-box-icon\">\n\t\t\t\t<a href=\"http:\/\/wa.me\/905354635333\" class=\"elementor-icon\" tabindex=\"-1\" aria-label=\"Kontakt \u00fcber WhatsApp\" target=\"_blank\" rel=\"noopener\">\n\t\t\t\t<i aria-hidden=\"true\" class=\"fab fa-whatsapp\"><\/i>\t\t\t\t<\/a>\n\t\t\t<\/div>\n\t\t\t\n\t\t\t\t\t\t<div class=\"elementor-icon-box-content\">\n\n\t\t\t\t\t\t\t\t\t<div class=\"elementor-icon-box-title\">\n\t\t\t\t\t\t<a href=\"http:\/\/wa.me\/905354635333\" target=\"_blank\" rel=\"noopener\">\n\t\t\t\t\t\t\tKontakt \u00fcber WhatsApp\t\t\t\t\t\t<\/a>\n\t\t\t\t\t<\/div>\n\t\t\t\t\n\t\t\t\t\n\t\t\t<\/div>\n\t\t\t\n\t\t<\/div>\n\t\t\t\t\t\t<\/div>\n\t\t\t\t<\/div>\n\t\t\t\t<\/div>\n\t\t\t\t<\/div>\n\t\t\t\t<\/div>\n\t\t<div class=\"elementor-element elementor-element-e6b5e9a e-con-full e-flex e-con e-child\" data-id=\"e6b5e9a\" data-element_type=\"container\" data-e-type=\"container\">\n\t\t\t\t<div class=\"elementor-element elementor-element-062b9b7 elementor-widget elementor-widget-image\" data-id=\"062b9b7\" data-element_type=\"widget\" data-e-type=\"widget\" data-widget_type=\"image.default\">\n\t\t\t\t<div class=\"elementor-widget-container\">\n\t\t\t\t\t\t\t\t\t\t\t\t\t\t\t<img fetchpriority=\"high\" decoding=\"async\" width=\"798\" height=\"400\" src=\"https:\/\/urolognet.com\/wp-content\/uploads\/2024\/03\/Barbie-Vajina.webp\" class=\"attachment-full size-full wp-image-12393\" alt=\"\" srcset=\"https:\/\/urolognet.com\/wp-content\/uploads\/2024\/03\/Barbie-Vajina.webp 798w, https:\/\/urolognet.com\/wp-content\/uploads\/2024\/03\/Barbie-Vajina-300x150.webp 300w, https:\/\/urolognet.com\/wp-content\/uploads\/2024\/03\/Barbie-Vajina-768x385.webp 768w\" sizes=\"(max-width: 798px) 100vw, 798px\" title=\"\">\t\t\t\t\t\t\t\t\t\t\t\t\t\t\t<\/div>\n\t\t\t\t<\/div>\n\t\t\t\t<div class=\"elementor-element elementor-element-adf0c69 elementor-widget elementor-widget-heading\" data-id=\"adf0c69\" data-element_type=\"widget\" data-e-type=\"widget\" data-widget_type=\"heading.default\">\n\t\t\t\t<div class=\"elementor-widget-container\">\n\t\t\t\t\t<h1 class=\"elementor-heading-title elementor-size-default\">Barbie Vagina<\/h1>\t\t\t\t<\/div>\n\t\t\t\t<\/div>\n\t\t\t\t<div class=\"elementor-element elementor-element-03a5e55 elementor-widget elementor-widget-text-editor\" data-id=\"03a5e55\" data-element_type=\"widget\" data-e-type=\"widget\" data-widget_type=\"text-editor.default\">\n\t\t\t\t<div class=\"elementor-widget-container\">\n\t\t\t\t\t\t\t\t\t<p>Die Barbie-Vagina-\u00c4sthetik ist eine Anwendung, die medizinisch auch als Schamlippenplastik bezeichnet wird. Durch diese Operation f\u00fchlen sich die Frauen besser, da unerw\u00fcnschte Bilder im Genitalbereich korrigiert werden und das sexuelle Selbstvertrauen gest\u00e4rkt wird. Die Barbie-Vagina-\u00c4sthetik wurde zum ersten Mal in den USA durchgef\u00fchrt und wird im Allgemeinen bevorzugt, um das Aussehen erschlaffter und gro\u00dfer Genitalien zu korrigieren.<\/p>\n<p>Bei dieser Operation werden die inneren Schamlippen der Vagina verk\u00fcrzt, so dass die Frauen das gew\u00fcnschte Aussehen erhalten. Die Barbie-Vagina-Operation geh\u00f6rt zu den von Frauen h\u00e4ufig bevorzugten \u00e4sthetisch-chirurgischen Eingriffen und sorgt f\u00fcr Perfektion durch Personalisierung mit verschiedenen Techniken.<\/p>\n\t\t\t\t\t\t\t\t<\/div>\n\t\t\t\t<\/div>\n\t\t\t\t<div class=\"elementor-element elementor-element-3c52d92 elementor-widget elementor-widget-heading\" data-id=\"3c52d92\" data-element_type=\"widget\" data-e-type=\"widget\" data-widget_type=\"heading.default\">\n\t\t\t\t<div class=\"elementor-widget-container\">\n\t\t\t\t\t<h2 class=\"elementor-heading-title elementor-size-default\">Wie funktioniert die Barbie-Vagina-Operation?<\/h2>\t\t\t\t<\/div>\n\t\t\t\t<\/div>\n\t\t\t\t<div class=\"elementor-element elementor-element-3d06180 elementor-widget elementor-widget-text-editor\" data-id=\"3d06180\" data-element_type=\"widget\" data-e-type=\"widget\" data-widget_type=\"text-editor.default\">\n\t\t\t\t<div class=\"elementor-widget-container\">\n\t\t\t\t\t\t\t\t\t<p>Die Barbie-Vagina-Operation ist eine spezielle Anwendung, die von einem erfahrenen plastischen Chirurgen durchgef\u00fchrt wird. Diese Operation wird mit verschiedenen Techniken durchgef\u00fchrt, wobei Methoden wie die Schamlippenkorrektur und die Hudoplastik im Allgemeinen bevorzugt werden.<\/p>\n<p>Die Schamlippenplastik wird durchgef\u00fchrt, um \u00e4sthetische Defekte an den inneren Schamlippen zu korrigieren. Dieser Eingriff wird durchgef\u00fchrt, um die inneren Lippen zu verkleinern und ein \u00e4sthetischeres Aussehen zu erreichen. Es ist eine der am h\u00e4ufigsten bevorzugten Anwendungen in der Barbie-Vagina-\u00c4sthetik und ist wirksam bei der Korrektur der \u00fcberm\u00e4\u00dfigen Gr\u00f6\u00dfe der inneren Lippen.<\/p>\n<p>Die Technik der Hudoplastik zielt auf die Korrektur des Gewebes um die Klitoris herum ab. Bei diesem Verfahren wird durch die Entfernung von \u00fcbersch\u00fcssigem Gewebe um die Klitoris ein regelm\u00e4\u00dfigeres und \u00e4sthetischeres Aussehen erreicht. Die Hudoplastik ist wichtig, um ein \u00e4sthetisches Gleichgewicht im Vaginalbereich zu schaffen und das Wohlbefinden der Frauen zu steigern.<\/p>\n<p>Die Barbie-Vagina-Operation wird auf die individuellen Bed\u00fcrfnisse und Vorlieben jeder Frau abgestimmt. Diese Operationen, die von einem professionellen Chirurgen durchgef\u00fchrt werden, werden sorgf\u00e4ltig geplant und durchgef\u00fchrt, um \u00e4sthetische und funktionelle Ergebnisse zu erzielen. Zusammenfassend l\u00e4sst sich sagen, dass die Barbie-Vagina-Operation ein wichtiger \u00e4sthetischer Eingriff ist, der den Frauen hilft, sich selbstbewusster und wohler zu f\u00fchlen.<\/p>\n\t\t\t\t\t\t\t\t<\/div>\n\t\t\t\t<\/div>\n\t\t\t\t<div class=\"elementor-element elementor-element-fa1535f elementor-widget elementor-widget-heading\" data-id=\"fa1535f\" data-element_type=\"widget\" data-e-type=\"widget\" data-widget_type=\"heading.default\">\n\t\t\t\t<div class=\"elementor-widget-container\">\n\t\t\t\t\t<h2 class=\"elementor-heading-title elementor-size-default\">Was sind die Vorteile der Barbie-Vagina-\u00c4sthetik?<\/h2>\t\t\t\t<\/div>\n\t\t\t\t<\/div>\n\t\t\t\t<div class=\"elementor-element elementor-element-c9c9b61 elementor-widget elementor-widget-text-editor\" data-id=\"c9c9b61\" data-element_type=\"widget\" data-e-type=\"widget\" data-widget_type=\"text-editor.default\">\n\t\t\t\t<div class=\"elementor-widget-container\">\n\t\t\t\t\t\t\t\t\t<p>Die Barbie-Vagina-\u00c4sthetik ist ein spezieller Service, der es Frauen erm\u00f6glicht, die von ihnen gew\u00fcnschten Ver\u00e4nderungen im Aussehen des Vaginalbereichs zu realisieren. Es gibt viele Vorteile, sich f\u00fcr eine Barbie-Vagina-Operation im Rahmen der vaginalen \u00c4sthetik zu entscheiden, um sich sicherer und gl\u00fccklicher zu f\u00fchlen.<\/p>\n<p>Diese Operation wird von unseren Fach\u00e4rzten f\u00fcr \u00e4sthetische Chirurgie durchgef\u00fchrt und erm\u00f6glicht es Frauen, mehr Selbstvertrauen in ihr Sexualleben zu gewinnen. Das glatte Aussehen der Vagina erh\u00f6ht den Komfort und das Vergn\u00fcgen beim Geschlechtsverkehr. Es entsteht ein ideales Aussehen, das wir als Venusspalte bezeichnen, wodurch sich die Frauen attraktiver f\u00fchlen.<\/p>\n<p>Die \u00c4sthetik der Barbie-Vagina bietet auch funktionelle Vorteile. Nach der Operation ist das Schmerzempfinden beim Geschlechtsverkehr geringer, was zu einem angenehmeren Erlebnis f\u00fchrt.<\/p>\n<p>Indem Sie sich an unsere klinischen Experten wenden, k\u00f6nnen Sie mehr Informationen \u00fcber die Barbie-Vagina-\u00c4sthetik erhalten und Schritte unternehmen, um die von Ihnen gew\u00fcnschten Ver\u00e4nderungen zu erreichen. Wir laden Sie ein, sich mit uns in Verbindung zu setzen, um das Aussehen Ihrer Tr\u00e4ume zu erhalten und Ihr Selbstvertrauen zu st\u00e4rken. Wir freuen uns darauf, Ihnen mit unseren ma\u00dfgeschneiderten L\u00f6sungen zu einem gl\u00fccklicheren und erf\u00fcllteren Leben zu verhelfen.<\/p>\n\t\t\t\t\t\t\t\t<\/div>\n\t\t\t\t<\/div>\n\t\t\t\t<div class=\"elementor-element elementor-element-bd726d1 elementor-widget elementor-widget-heading\" data-id=\"bd726d1\" data-element_type=\"widget\" data-e-type=\"widget\" data-widget_type=\"heading.default\">\n\t\t\t\t<div class=\"elementor-widget-container\">\n\t\t\t\t\t<h2 class=\"elementor-heading-title elementor-size-default\">Gibt es Risiken bei Barbie Vagina?<\/h2>\t\t\t\t<\/div>\n\t\t\t\t<\/div>\n\t\t\t\t<div class=\"elementor-element elementor-element-ed1aff3 elementor-widget elementor-widget-text-editor\" data-id=\"ed1aff3\" data-element_type=\"widget\" data-e-type=\"widget\" data-widget_type=\"text-editor.default\">\n\t\t\t\t<div class=\"elementor-widget-container\">\n\t\t\t\t\t\t\t\t\t<p>Barbie Vagina, die unter den \u00e4sthetischen Anwendungen im Genitalbereich hervorsticht, hilft Frauen, sich selbstbewusster zu f\u00fchlen, indem sie erschlafften und gro\u00dfen Vaginas ein \u00e4sthetischeres Aussehen verleiht. Neben dem \u00e4sthetischen Ergebnis hat dieser Eingriff auch funktionelle Vorteile. Es ist jedoch wichtig zu wissen, dass die Barbie-Vagina-Operation Risiken bergen kann, wenn sie in ungeeigneten H\u00e4nden durchgef\u00fchrt wird.<\/p>\n<p>Wenn wir in unserer Klinik einen sensiblen Eingriff wie die Barbie-Vagina-\u00c4sthetik durchf\u00fchren, stehen die Sicherheit und die Zufriedenheit unserer Patientinnen immer im Vordergrund. Dank der Erfahrung und des Fachwissens unserer professionellen \u00c4sthetikerinnen werden die Risiken dieses Eingriffs minimiert und unseren Patientinnen wird bei jedem Schritt eine sichere Umgebung geboten. Sie k\u00f6nnen in unsere Klinik kommen und mit unseren Experten sprechen, um die f\u00fcr Sie am besten geeigneten und zuverl\u00e4ssigsten L\u00f6sungen zu finden. Kommen Sie noch heute zu uns, um sich sicherer und gl\u00fccklicher zu f\u00fchlen!<\/p>\n\t\t\t\t\t\t\t\t<\/div>\n\t\t\t\t<\/div>\n\t\t\t\t<\/div>\n\t\t\t\t\t<\/div>\n\t\t\t\t<\/div>\n\t\t\t\t<\/div>\n\t\t","protected":false},"excerpt":{"rendered":"<p>Die Barbie-Vagina-\u00c4sthetik ist eine Anwendung, die medizinisch auch als Schamlippenplastik bezeichnet wird. Durch diese Operation f\u00fchlen sich die Frauen besser, da unerw\u00fcnschte Bilder im Genitalbereich korrigiert werden und das sexuelle Selbstvertrauen gest\u00e4rkt wird.<\/p>\n","protected":false},"author":1,"featured_media":13901,"parent":14236,"menu_order":0,"comment_status":"closed","ping_status":"closed","template":"elementor_header_footer","meta":{"footnotes":""},"class_list":["post-14242","page","type-page","status-publish","has-post-thumbnail","hentry"],"_links":{"self":[{"href":"https:\/\/urolognet.com\/de\/wp-json\/wp\/v2\/pages\/14242","targetHints":{"allow":["GET"]}}],"collection":[{"href":"https:\/\/urolognet.com\/de\/wp-json\/wp\/v2\/pages"}],"about":[{"href":"https:\/\/urolognet.com\/de\/wp-json\/wp\/v2\/types\/page"}],"author":[{"embeddable":true,"href":"https:\/\/urolognet.com\/de\/wp-json\/wp\/v2\/users\/1"}],"replies":[{"embeddable":true,"href":"https:\/\/urolognet.com\/de\/wp-json\/wp\/v2\/comments?post=14242"}],"version-history":[{"count":0,"href":"https:\/\/urolognet.com\/de\/wp-json\/wp\/v2\/pages\/14242\/revisions"}],"up":[{"embeddable":true,"href":"https:\/\/urolognet.com\/de\/wp-json\/wp\/v2\/pages\/14236"}],"wp:featuredmedia":[{"embeddable":true,"href":"https:\/\/urolognet.com\/de\/wp-json\/wp\/v2\/media\/13901"}],"wp:attachment":[{"href":"https:\/\/urolognet.com\/de\/wp-json\/wp\/v2\/media?parent=14242"}],"curies":[{"name":"wp","href":"https:\/\/api.w.org\/{rel}","templated":true}]}}