{"id":14260,"date":"2024-03-29T09:15:48","date_gmt":"2024-03-29T06:15:48","guid":{"rendered":"https:\/\/urolognet.com\/genitale-aesthetik\/weibliche-genitalaesthetik\/vaginale-aesthetik\/"},"modified":"2024-04-06T11:34:40","modified_gmt":"2024-04-06T08:34:40","slug":"vaginale-aesthetik","status":"publish","type":"page","link":"https:\/\/urolognet.com\/de\/genitale-aesthetik\/weibliche-genitalaesthetik\/vaginale-aesthetik\/","title":{"rendered":"Vaginale \u00c4sthetik"},"content":{"rendered":"\t\t<div data-elementor-type=\"wp-page\" data-elementor-id=\"14260\" class=\"elementor elementor-14260 elementor-12398\" data-elementor-post-type=\"page\">\n\t\t\t\t<div class=\"elementor-element elementor-element-367b2a8 elementor-hidden-mobile elementor-hidden-tablet e-flex e-con-boxed e-con e-parent\" data-id=\"367b2a8\" data-element_type=\"container\" data-e-type=\"container\" data-settings=\"{&quot;background_background&quot;:&quot;classic&quot;,&quot;sticky&quot;:&quot;top&quot;,&quot;sticky_offset&quot;:135,&quot;sticky_on&quot;:[&quot;desktop&quot;,&quot;tablet&quot;,&quot;mobile&quot;],&quot;sticky_effects_offset&quot;:0,&quot;sticky_anchor_link_offset&quot;:0}\">\n\t\t\t\t\t<div class=\"e-con-inner\">\n\t\t\t\t\t<\/div>\n\t\t\t\t<\/div>\n\t\t<div class=\"elementor-element elementor-element-2cb59ff e-flex e-con-boxed e-con e-parent\" data-id=\"2cb59ff\" data-element_type=\"container\" data-e-type=\"container\">\n\t\t\t\t\t<div class=\"e-con-inner\">\n\t\t<div class=\"elementor-element elementor-element-487bfb0 e-con-full elementor-hidden-tablet elementor-hidden-mobile e-flex e-con e-child\" data-id=\"487bfb0\" data-element_type=\"container\" data-e-type=\"container\">\n\t\t\t\t<div class=\"elementor-element elementor-element-d88e977 elementor-widget elementor-widget-heading\" data-id=\"d88e977\" data-element_type=\"widget\" data-e-type=\"widget\" data-widget_type=\"heading.default\">\n\t\t\t\t<div class=\"elementor-widget-container\">\n\t\t\t\t\t<div class=\"elementor-heading-title elementor-size-default\">Weibliches Genital<\/div>\t\t\t\t<\/div>\n\t\t\t\t<\/div>\n\t\t\t\t<div class=\"elementor-element elementor-element-1a9c071 elementor-nav-menu__text-align-aside elementor-widget elementor-widget-nav-menu\" data-id=\"1a9c071\" data-element_type=\"widget\" data-e-type=\"widget\" data-settings=\"{&quot;layout&quot;:&quot;dropdown&quot;,&quot;submenu_icon&quot;:{&quot;value&quot;:&quot;&lt;i class=\\&quot;\\&quot;&gt;&lt;\\\/i&gt;&quot;,&quot;library&quot;:&quot;&quot;}}\" data-widget_type=\"nav-menu.default\">\n\t\t\t\t<div class=\"elementor-widget-container\">\n\t\t\t\t\t\t\t\t<nav class=\"elementor-nav-menu--dropdown elementor-nav-menu__container\" aria-hidden=\"true\">\n\t\t\t\t<ul id=\"menu-2-1a9c071\" class=\"elementor-nav-menu\"><li class=\"menu-item menu-item-type-post_type menu-item-object-page menu-item-12633\"><a href=\"https:\/\/urolognet.com\/genital-estetik\/kadin-genital-estetik\/barbie-vajina\/\" class=\"elementor-item\" tabindex=\"-1\">Barbie Vagina<\/a><\/li>\n<li class=\"menu-item menu-item-type-post_type menu-item-object-page menu-item-12636\"><a href=\"https:\/\/urolognet.com\/genital-estetik\/kadin-genital-estetik\/vajen-estetigi\/\" class=\"elementor-item\" tabindex=\"-1\">Vaginale \u00c4sthetik<\/a><\/li>\n<li class=\"menu-item menu-item-type-post_type menu-item-object-page menu-item-12637\"><a href=\"https:\/\/urolognet.com\/genital-estetik\/kadin-genital-estetik\/vajina-daraltma\/\" class=\"elementor-item\" tabindex=\"-1\">Vagina Straffung<\/a><\/li>\n<li class=\"menu-item menu-item-type-post_type menu-item-object-page menu-item-12638\"><a href=\"https:\/\/urolognet.com\/genital-estetik\/kadin-genital-estetik\/vajinal-genclestirme\/\" class=\"elementor-item\" tabindex=\"-1\">Vaginalverj\u00fcngung<\/a><\/li>\n<li class=\"menu-item menu-item-type-post_type menu-item-object-page menu-item-12634\"><a href=\"https:\/\/urolognet.com\/genital-estetik\/kadin-genital-estetik\/genital-beyazlatma\/\" class=\"elementor-item\" tabindex=\"-1\">Genitalaufhellung<\/a><\/li>\n<li class=\"menu-item menu-item-type-post_type menu-item-object-page menu-item-12635\"><a href=\"https:\/\/urolognet.com\/genital-estetik\/kadin-genital-estetik\/idrar-kacirma-tedavisi\/\" class=\"elementor-item\" tabindex=\"-1\">Behandlung von Harninkontinenz<\/a><\/li>\n<li class=\"menu-item menu-item-type-post_type menu-item-object-page menu-item-14865\"><a href=\"https:\/\/urolognet.com\/genital-estetik\/kadin-genital-estetik\/metoidioplasty\/\" class=\"elementor-item\" tabindex=\"-1\">Metoidioplastik<\/a><\/li>\n<\/ul>\t\t\t<\/nav>\n\t\t\t\t\t\t<\/div>\n\t\t\t\t<\/div>\n\t\t<div class=\"elementor-element elementor-element-1f608bb e-con-full e-flex e-con e-child\" data-id=\"1f608bb\" data-element_type=\"container\" data-e-type=\"container\" data-settings=\"{&quot;background_background&quot;:&quot;classic&quot;,&quot;sticky&quot;:&quot;top&quot;,&quot;sticky_offset&quot;:170,&quot;sticky_parent&quot;:&quot;yes&quot;,&quot;sticky_on&quot;:[&quot;desktop&quot;,&quot;tablet&quot;,&quot;mobile&quot;],&quot;sticky_effects_offset&quot;:0,&quot;sticky_anchor_link_offset&quot;:0}\">\n\t\t<div class=\"elementor-element elementor-element-98a8133 e-con-full e-flex e-con e-child\" data-id=\"98a8133\" data-element_type=\"container\" data-e-type=\"container\" data-settings=\"{&quot;background_background&quot;:&quot;classic&quot;}\">\n\t\t\t\t<div class=\"elementor-element elementor-element-8e1e2e1 elementor-widget elementor-widget-heading\" data-id=\"8e1e2e1\" data-element_type=\"widget\" data-e-type=\"widget\" data-widget_type=\"heading.default\">\n\t\t\t\t<div class=\"elementor-widget-container\">\n\t\t\t\t\t<div class=\"elementor-heading-title elementor-size-default\">Antragsformular<\/div>\t\t\t\t<\/div>\n\t\t\t\t<\/div>\n\t\t\t\t<div class=\"elementor-element elementor-element-f21d0fc elementor-widget elementor-widget-heading\" data-id=\"f21d0fc\" data-element_type=\"widget\" data-e-type=\"widget\" data-widget_type=\"heading.default\">\n\t\t\t\t<div class=\"elementor-widget-container\">\n\t\t\t\t\t<div class=\"elementor-heading-title elementor-size-default\">Kontaktieren Sie uns<\/div>\t\t\t\t<\/div>\n\t\t\t\t<\/div>\n\t\t\t\t<div class=\"elementor-element elementor-element-e9be0b2 elementor-widget__width-initial elementor-widget-mobile__width-initial elementor-button-align-stretch elementor-widget elementor-widget-global elementor-global-14494 elementor-global-12293 elementor-widget-form\" data-id=\"e9be0b2\" data-element_type=\"widget\" data-e-type=\"widget\" data-settings=\"{&quot;step_next_label&quot;:&quot;Weiter&quot;,&quot;step_previous_label&quot;:&quot;Vorherige&quot;,&quot;button_width&quot;:&quot;100&quot;,&quot;step_type&quot;:&quot;number_text&quot;,&quot;step_icon_shape&quot;:&quot;circle&quot;}\" data-widget_type=\"form.default\">\n\t\t\t\t<div class=\"elementor-widget-container\">\n\t\t\t\t\t\t\t<form class=\"elementor-form\" method=\"post\" name=\"New Form\">\n\t\t\t<input type=\"hidden\" name=\"post_id\" value=\"14260\"\/>\n\t\t\t<input type=\"hidden\" name=\"form_id\" value=\"e9be0b2\"\/>\n\t\t\t<input type=\"hidden\" name=\"referer_title\" value=\"\" \/>\n\n\t\t\t\n\t\t\t<div class=\"elementor-form-fields-wrapper elementor-labels-\">\n\t\t\t\t\t\t\t\t<div class=\"elementor-field-type-text elementor-field-group elementor-column elementor-field-group-name elementor-col-50 elementor-field-required\">\n\t\t\t\t\t\t\t\t\t\t\t\t<label for=\"form-field-name\" class=\"elementor-field-label elementor-screen-only\">\n\t\t\t\t\t\t\t\tIhr Name\t\t\t\t\t\t\t<\/label>\n\t\t\t\t\t\t\t\t\t\t\t\t\t\t<input size=\"1\" type=\"text\" name=\"form_fields[name]\" id=\"form-field-name\" class=\"elementor-field elementor-size-md  elementor-field-textual\" placeholder=\"Ihr Name\" required=\"required\">\n\t\t\t\t\t\t\t\t\t\t\t<\/div>\n\t\t\t\t\t\t\t\t<div class=\"elementor-field-type-text elementor-field-group elementor-column elementor-field-group-field_67d5a4d elementor-col-50 elementor-field-required\">\n\t\t\t\t\t\t\t\t\t\t\t\t<label for=\"form-field-field_67d5a4d\" class=\"elementor-field-label elementor-screen-only\">\n\t\t\t\t\t\t\t\tIhr Nachname\t\t\t\t\t\t\t<\/label>\n\t\t\t\t\t\t\t\t\t\t\t\t\t\t<input size=\"1\" type=\"text\" name=\"form_fields[field_67d5a4d]\" id=\"form-field-field_67d5a4d\" class=\"elementor-field elementor-size-md  elementor-field-textual\" placeholder=\"Ihr Nachname\" required=\"required\">\n\t\t\t\t\t\t\t\t\t\t\t<\/div>\n\t\t\t\t\t\t\t\t<div class=\"elementor-field-type-text elementor-field-group elementor-column elementor-field-group-field_9d798d9 elementor-col-50 elementor-field-required\">\n\t\t\t\t\t\t\t\t\t\t\t\t<label for=\"form-field-field_9d798d9\" class=\"elementor-field-label elementor-screen-only\">\n\t\t\t\t\t\t\t\tIhr Telefon\t\t\t\t\t\t\t<\/label>\n\t\t\t\t\t\t\t\t\t\t\t\t\t\t<input size=\"1\" type=\"text\" name=\"form_fields[field_9d798d9]\" id=\"form-field-field_9d798d9\" class=\"elementor-field elementor-size-md  elementor-field-textual\" placeholder=\"Ihr Telefon\" required=\"required\">\n\t\t\t\t\t\t\t\t\t\t\t<\/div>\n\t\t\t\t\t\t\t\t<div class=\"elementor-field-type-email elementor-field-group elementor-column elementor-field-group-email elementor-col-50 elementor-field-required\">\n\t\t\t\t\t\t\t\t\t\t\t\t<label for=\"form-field-email\" class=\"elementor-field-label elementor-screen-only\">\n\t\t\t\t\t\t\t\tEmail\t\t\t\t\t\t\t<\/label>\n\t\t\t\t\t\t\t\t\t\t\t\t\t\t<input size=\"1\" type=\"email\" name=\"form_fields[email]\" id=\"form-field-email\" class=\"elementor-field elementor-size-md  elementor-field-textual\" placeholder=\"Email\" required=\"required\">\n\t\t\t\t\t\t\t\t\t\t\t<\/div>\n\t\t\t\t\t\t\t\t<div class=\"elementor-field-type-textarea elementor-field-group elementor-column elementor-field-group-message elementor-col-100 elementor-field-required\">\n\t\t\t\t\t\t\t\t\t\t\t\t<label for=\"form-field-message\" class=\"elementor-field-label elementor-screen-only\">\n\t\t\t\t\t\t\t\tIhre Nachricht\t\t\t\t\t\t\t<\/label>\n\t\t\t\t\t\t<textarea class=\"elementor-field-textual elementor-field  elementor-size-md\" name=\"form_fields[message]\" id=\"form-field-message\" rows=\"4\" placeholder=\"Ihre Nachricht\" required=\"required\"><\/textarea>\t\t\t\t<\/div>\n\t\t\t\t\t\t\t\t<div class=\"elementor-field-type-recaptcha_v3 elementor-field-group elementor-column elementor-field-group-field_7a2265e elementor-col-100 recaptcha_v3-bottomright\">\n\t\t\t\t\t<div class=\"elementor-field\" id=\"form-field-field_7a2265e\"><div class=\"elementor-g-recaptcha\" data-sitekey=\"6LdjVaYpAAAAAGyRwcsnwA1DePtJXazZ67y1ANe_\" data-type=\"v3\" data-action=\"Form\" data-badge=\"bottomright\" data-size=\"invisible\"><\/div><\/div>\t\t\t\t<\/div>\n\t\t\t\t\t\t\t\t<div class=\"elementor-field-group elementor-column elementor-field-type-submit elementor-col-100 e-form__buttons\">\n\t\t\t\t\t<button class=\"elementor-button elementor-size-sm\" type=\"submit\">\n\t\t\t\t\t\t<span class=\"elementor-button-content-wrapper\">\n\t\t\t\t\t\t\t\t\t\t\t\t\t\t\t\t\t\t\t\t\t\t<span class=\"elementor-button-text\">Senden<\/span>\n\t\t\t\t\t\t\t\t\t\t\t\t\t<\/span>\n\t\t\t\t\t<\/button>\n\t\t\t\t<\/div>\n\t\t\t<\/div>\n\t\t<\/form>\n\t\t\t\t\t\t<\/div>\n\t\t\t\t<\/div>\n\t\t\t\t<\/div>\n\t\t<div class=\"elementor-element elementor-element-bf3f274 e-con-full e-flex e-con e-child\" data-id=\"bf3f274\" data-element_type=\"container\" data-e-type=\"container\" data-settings=\"{&quot;background_background&quot;:&quot;classic&quot;}\">\n\t\t\t\t<div class=\"elementor-element elementor-element-4369da2 elementor-view-stacked elementor-shape-square elementor-position-inline-start elementor-mobile-position-block-start elementor-widget elementor-widget-global elementor-global-14488 elementor-global-12296 elementor-widget-icon-box\" data-id=\"4369da2\" data-element_type=\"widget\" data-e-type=\"widget\" data-widget_type=\"icon-box.default\">\n\t\t\t\t<div class=\"elementor-widget-container\">\n\t\t\t\t\t\t\t<div class=\"elementor-icon-box-wrapper\">\n\n\t\t\t\t\t\t<div class=\"elementor-icon-box-icon\">\n\t\t\t\t<span  class=\"elementor-icon\">\n\t\t\t\t<i aria-hidden=\"true\" class=\"fas fa-phone-alt\"><\/i>\t\t\t\t<\/span>\n\t\t\t<\/div>\n\t\t\t\n\t\t\t\t\t\t<div class=\"elementor-icon-box-content\">\n\n\t\t\t\t\t\t\t\t\t<div class=\"elementor-icon-box-title\">\n\t\t\t\t\t\t<span  >\n\t\t\t\t\t\t\tJetzt anrufen\t\t\t\t\t\t<\/span>\n\t\t\t\t\t<\/div>\n\t\t\t\t\n\t\t\t\t\t\t\t\t\t<p class=\"elementor-icon-box-description\">\n\t\t\t\t\t\t+90 535 463 53 33\t\t\t\t\t<\/p>\n\t\t\t\t\n\t\t\t<\/div>\n\t\t\t\n\t\t<\/div>\n\t\t\t\t\t\t<\/div>\n\t\t\t\t<\/div>\n\t\t\t\t<\/div>\n\t\t<div class=\"elementor-element elementor-element-6f055d2 e-con-full e-flex e-con e-child\" data-id=\"6f055d2\" data-element_type=\"container\" data-e-type=\"container\" data-settings=\"{&quot;background_background&quot;:&quot;classic&quot;}\">\n\t\t\t\t<div class=\"elementor-element elementor-element-dd0431e elementor-widget elementor-widget-heading\" data-id=\"dd0431e\" data-element_type=\"widget\" data-e-type=\"widget\" data-widget_type=\"heading.default\">\n\t\t\t\t<div class=\"elementor-widget-container\">\n\t\t\t\t\t<div class=\"elementor-heading-title elementor-size-default\">Folgen Sie uns<\/div>\t\t\t\t<\/div>\n\t\t\t\t<\/div>\n\t\t\t\t<div class=\"elementor-element elementor-element-7ea6319 elementor-shape-rounded elementor-grid-0 e-grid-align-center elementor-widget elementor-widget-global elementor-global-14482 elementor-global-12299 elementor-widget-social-icons\" data-id=\"7ea6319\" data-element_type=\"widget\" data-e-type=\"widget\" data-widget_type=\"social-icons.default\">\n\t\t\t\t<div class=\"elementor-widget-container\">\n\t\t\t\t\t\t\t<div class=\"elementor-social-icons-wrapper elementor-grid\" role=\"list\">\n\t\t\t\t\t\t\t<span class=\"elementor-grid-item\" role=\"listitem\">\n\t\t\t\t\t<a class=\"elementor-icon elementor-social-icon elementor-social-icon-facebook elementor-repeater-item-9c5f75f\" href=\"https:\/\/www.facebook.com\/doktorcemozluk\" target=\"_blank\" rel=\"noopener\">\n\t\t\t\t\t\t<span class=\"elementor-screen-only\">Facebook<\/span>\n\t\t\t\t\t\t<i aria-hidden=\"true\" class=\"fab fa-facebook\"><\/i>\t\t\t\t\t<\/a>\n\t\t\t\t<\/span>\n\t\t\t\t\t\t\t<span class=\"elementor-grid-item\" role=\"listitem\">\n\t\t\t\t\t<a class=\"elementor-icon elementor-social-icon elementor-social-icon-instagram elementor-repeater-item-90b8afb\" href=\"https:\/\/www.instagram.com\/drcemozluk\/\" target=\"_blank\" rel=\"noopener\">\n\t\t\t\t\t\t<span class=\"elementor-screen-only\">Instagram<\/span>\n\t\t\t\t\t\t<i aria-hidden=\"true\" class=\"fab fa-instagram\"><\/i>\t\t\t\t\t<\/a>\n\t\t\t\t<\/span>\n\t\t\t\t\t\t\t<span class=\"elementor-grid-item\" role=\"listitem\">\n\t\t\t\t\t<a class=\"elementor-icon elementor-social-icon elementor-social-icon-youtube elementor-repeater-item-4b7d7ce\" href=\"https:\/\/www.youtube.com\/@op.dr.cemozluk5132\" target=\"_blank\" rel=\"noopener\">\n\t\t\t\t\t\t<span class=\"elementor-screen-only\">Youtube<\/span>\n\t\t\t\t\t\t<i aria-hidden=\"true\" class=\"fab fa-youtube\"><\/i>\t\t\t\t\t<\/a>\n\t\t\t\t<\/span>\n\t\t\t\t\t<\/div>\n\t\t\t\t\t\t<\/div>\n\t\t\t\t<\/div>\n\t\t\t\t<\/div>\n\t\t<div class=\"elementor-element elementor-element-971c9e6 e-con-full e-flex e-con e-child\" data-id=\"971c9e6\" data-element_type=\"container\" data-e-type=\"container\" data-settings=\"{&quot;background_background&quot;:&quot;classic&quot;}\">\n\t\t\t\t<div class=\"elementor-element elementor-element-4307415 elementor-position-inline-start elementor-view-default elementor-mobile-position-block-start elementor-widget elementor-widget-global elementor-global-14476 elementor-global-12302 elementor-widget-icon-box\" data-id=\"4307415\" data-element_type=\"widget\" data-e-type=\"widget\" data-widget_type=\"icon-box.default\">\n\t\t\t\t<div class=\"elementor-widget-container\">\n\t\t\t\t\t\t\t<div class=\"elementor-icon-box-wrapper\">\n\n\t\t\t\t\t\t<div class=\"elementor-icon-box-icon\">\n\t\t\t\t<a href=\"http:\/\/wa.me\/905354635333\" class=\"elementor-icon\" tabindex=\"-1\" aria-label=\"Kontakt \u00fcber WhatsApp\" target=\"_blank\" rel=\"noopener\">\n\t\t\t\t<i aria-hidden=\"true\" class=\"fab fa-whatsapp\"><\/i>\t\t\t\t<\/a>\n\t\t\t<\/div>\n\t\t\t\n\t\t\t\t\t\t<div class=\"elementor-icon-box-content\">\n\n\t\t\t\t\t\t\t\t\t<div class=\"elementor-icon-box-title\">\n\t\t\t\t\t\t<a href=\"http:\/\/wa.me\/905354635333\" target=\"_blank\" rel=\"noopener\">\n\t\t\t\t\t\t\tKontakt \u00fcber WhatsApp\t\t\t\t\t\t<\/a>\n\t\t\t\t\t<\/div>\n\t\t\t\t\n\t\t\t\t\n\t\t\t<\/div>\n\t\t\t\n\t\t<\/div>\n\t\t\t\t\t\t<\/div>\n\t\t\t\t<\/div>\n\t\t\t\t<\/div>\n\t\t\t\t<\/div>\n\t\t\t\t<\/div>\n\t\t<div class=\"elementor-element elementor-element-b2bf40c e-con-full e-flex e-con e-child\" data-id=\"b2bf40c\" data-element_type=\"container\" data-e-type=\"container\">\n\t\t\t\t<div class=\"elementor-element elementor-element-85d064e elementor-widget elementor-widget-image\" data-id=\"85d064e\" data-element_type=\"widget\" data-e-type=\"widget\" data-widget_type=\"image.default\">\n\t\t\t\t<div class=\"elementor-widget-container\">\n\t\t\t\t\t\t\t\t\t\t\t\t\t\t\t<img fetchpriority=\"high\" decoding=\"async\" width=\"798\" height=\"400\" src=\"https:\/\/urolognet.com\/wp-content\/uploads\/2024\/03\/Vajen-Estetigi.webp\" class=\"attachment-full size-full wp-image-12400\" alt=\"\" srcset=\"https:\/\/urolognet.com\/wp-content\/uploads\/2024\/03\/Vajen-Estetigi.webp 798w, https:\/\/urolognet.com\/wp-content\/uploads\/2024\/03\/Vajen-Estetigi-300x150.webp 300w, https:\/\/urolognet.com\/wp-content\/uploads\/2024\/03\/Vajen-Estetigi-768x385.webp 768w\" sizes=\"(max-width: 798px) 100vw, 798px\" title=\"\">\t\t\t\t\t\t\t\t\t\t\t\t\t\t\t<\/div>\n\t\t\t\t<\/div>\n\t\t\t\t<div class=\"elementor-element elementor-element-f80bf79 elementor-widget elementor-widget-heading\" data-id=\"f80bf79\" data-element_type=\"widget\" data-e-type=\"widget\" data-widget_type=\"heading.default\">\n\t\t\t\t<div class=\"elementor-widget-container\">\n\t\t\t\t\t<h1 class=\"elementor-heading-title elementor-size-default\">Vaginale \u00c4sthetik<\/h1>\t\t\t\t<\/div>\n\t\t\t\t<\/div>\n\t\t\t\t<div class=\"elementor-element elementor-element-b9846f8 elementor-widget elementor-widget-text-editor\" data-id=\"b9846f8\" data-element_type=\"widget\" data-e-type=\"widget\" data-widget_type=\"text-editor.default\">\n\t\t\t\t<div class=\"elementor-widget-container\">\n\t\t\t\t\t\t\t\t\t<p>Vagina \u00c4sthetik, Frauen achten auf jedes Detail aus ihrer Kleidung, um das \u00e4u\u00dfere Erscheinungsbild ihres K\u00f6rpers. \u00c4sthetische St\u00f6rungen, die bei manchen Frauen im Genitalbereich auftreten, k\u00f6nnen dazu f\u00fchren, dass sie ihr Selbstvertrauen verlieren. \u00c4sthetische Operationen an der Vagina geh\u00f6ren heute zu den von Frauen am meisten bevorzugten Eingriffen.<\/p>\n<p>Diese Operationen sind in der Regel auf den \u00e4u\u00dferen Teil des Genitalbereichs ausgerichtet. Vor allem bei Frauen, die h\u00e4ufig geb\u00e4ren, sind St\u00f6rungen und Erschlaffungen im Genitalbereich zu beobachten. Diese Erkrankungen k\u00f6nnen auch durch angeborene k\u00f6rperliche Merkmale entstehen.<\/p>\n<p>Die h\u00e4ufigsten Operationen im Bereich der Vaginal\u00e4sthetik sind die Straffung der Vagina (Vaginoplastik) und der kleinen Schamlippen (Labia minora).<\/p>\n\t\t\t\t\t\t\t\t<\/div>\n\t\t\t\t<\/div>\n\t\t\t\t<div class=\"elementor-element elementor-element-3feb00f elementor-widget elementor-widget-heading\" data-id=\"3feb00f\" data-element_type=\"widget\" data-e-type=\"widget\" data-widget_type=\"heading.default\">\n\t\t\t\t<div class=\"elementor-widget-container\">\n\t\t\t\t\t<h2 class=\"elementor-heading-title elementor-size-default\">\u00c4sthetische Vagina-Operationen<\/h2>\t\t\t\t<\/div>\n\t\t\t\t<\/div>\n\t\t\t\t<div class=\"elementor-element elementor-element-3bd4e57 elementor-widget elementor-widget-text-editor\" data-id=\"3bd4e57\" data-element_type=\"widget\" data-e-type=\"widget\" data-widget_type=\"text-editor.default\">\n\t\t\t\t<div class=\"elementor-widget-container\">\n\t\t\t\t\t\t\t\t\t<p>Funktionelle Operationen sind vaginale Straffungsoperationen, die durchgef\u00fchrt werden, um vaginale Probleme im Zusammenhang mit strukturellen Ver\u00e4nderungen bei Frauen zu korrigieren, die durch Geburten oder andere Ursachen verursacht wurden. Es handelt sich um eine der h\u00e4ufigsten und bevorzugten \u00e4sthetischen Operationen an der Vagina. Probleme, die durch Ursachen wie Geburten und Scheidenvergr\u00f6\u00dferungen verursacht werden, k\u00f6nnen zu Inkontinenz und anderen St\u00f6rungen im Genitalbereich f\u00fchren. Bei einem Blasenvorfall wird die Blase herausgezogen und \u00fcber der Vagina aufgeh\u00e4ngt. Dieses Verfahren wird als anteriore Reparatur (Kolporafi Anterior) bezeichnet. Das Verfahren, bei dem der letzte Teil des Darms in die untere Wand der Vagina eingebettet wird, nennt man posteriore Reparatur. Harninkontinenz tritt meist bei Frauen auf, die viele Geburten hinter sich haben. Solche Operationen sind recht einfach und dauern in der Regel 30-45 Minuten. Geb\u00e4rmuttersenkungsoperationen werden durchgef\u00fchrt, wenn die Senkung bereits fortgeschritten ist. Wenn sich die Geb\u00e4rmutter nach unten vorw\u00f6lbt, besteht die Gefahr eines Prolapses. In diesen F\u00e4llen kann die Geb\u00e4rmutter vaginal nach oben geh\u00e4ngt oder vollst\u00e4ndig entfernt werden. Bei jungen Patientinnen wird die Geb\u00e4rmutter in der Regel nicht entfernt, sondern durch Einh\u00e4ngen in den oberen Teil der Vagina fixiert.<\/p>\n\t\t\t\t\t\t\t\t<\/div>\n\t\t\t\t<\/div>\n\t\t\t\t<div class=\"elementor-element elementor-element-d5e16fa elementor-widget elementor-widget-heading\" data-id=\"d5e16fa\" data-element_type=\"widget\" data-e-type=\"widget\" data-widget_type=\"heading.default\">\n\t\t\t\t<div class=\"elementor-widget-container\">\n\t\t\t\t\t<h2 class=\"elementor-heading-title elementor-size-default\">\u00c4sthetische und funktionelle Operationen der Vagina<\/h2>\t\t\t\t<\/div>\n\t\t\t\t<\/div>\n\t\t\t\t<div class=\"elementor-element elementor-element-87182cd elementor-widget elementor-widget-text-editor\" data-id=\"87182cd\" data-element_type=\"widget\" data-e-type=\"widget\" data-widget_type=\"text-editor.default\">\n\t\t\t\t<div class=\"elementor-widget-container\">\n\t\t\t\t\t\t\t\t\t<p>Operationen zur Vergr\u00f6\u00dferung der Vagina werden in der Regel durchgef\u00fchrt, um die Probleme zwischen frisch verheirateten Paaren zu beseitigen. Es ist eine ideale L\u00f6sung f\u00fcr Frauen, die beim Geschlechtsverkehr Schmerzen und Unbehagen versp\u00fcren, die sogenannte Dyspareunie. Mit einer einfachen Untersuchung werden empfindliche Stellen ermittelt und diese Bereiche bet\u00e4ubt und korrigiert. Auf diese Weise wird die Vagina vergr\u00f6\u00dfert und der Geschlechtsverkehr kann reibungslos erlebt werden.<\/p>\n<p>Bei der Schamlippenkorrektur handelt es sich um die Korrektur der inneren Schamlippen der Vagina. &#8222;Labium&#8220; Im Lateinischen bedeutet es &#8222;Lippen&#8220; und wird im Singular verwendet, w\u00e4hrend &#8222;labia&#8220; im Plural &#8222;Lippen&#8220; bedeutet. Bei einigen Frauen k\u00f6nnen die inneren Schamlippen strukturell unregelm\u00e4\u00dfiger als normal sein. Asymmetrische innere Lippen k\u00f6nnen bei den meisten Frauen psychologische Auswirkungen haben. Breite oder lange innere Lippen k\u00f6nnen beim Geschlechtsverkehr Unbehagen verursachen. H\u00e4ngende oder lange Innenlippen k\u00f6nnen durch \u00fcberm\u00e4\u00dfiges Schwitzen zu Pilzinfektionen f\u00fchren.<\/p>\n<p>Solche Operationen k\u00f6nnen auch an M\u00e4dchen durchgef\u00fchrt werden, die noch Jungfrauen sind. Diese Operationen stellen f\u00fcr Frauen, die schon einmal entbunden haben, kein Hindernis dar. Die Operationen haben keine Auswirkungen auf das Jungfernh\u00e4utchen. Psychologisch und physiologisch sind solche Operationen f\u00fcr Frauen sehr vorteilhaft.<\/p>\n\t\t\t\t\t\t\t\t<\/div>\n\t\t\t\t<\/div>\n\t\t\t\t<\/div>\n\t\t\t\t\t<\/div>\n\t\t\t\t<\/div>\n\t\t\t\t<\/div>\n\t\t","protected":false},"excerpt":{"rendered":"<p>Jede Frau verdient es, sich sch\u00f6n und selbstbewusst zu f\u00fchlen. Daher sind Operationen wie die Vaginal\u00e4sthetik wichtige Schritte, die sich auf das \u00e4u\u00dfere Erscheinungsbild und das innere Selbstvertrauen der Frau konzentrieren.<\/p>\n","protected":false},"author":1,"featured_media":13904,"parent":14236,"menu_order":0,"comment_status":"closed","ping_status":"closed","template":"elementor_header_footer","meta":{"footnotes":""},"class_list":["post-14260","page","type-page","status-publish","has-post-thumbnail","hentry"],"_links":{"self":[{"href":"https:\/\/urolognet.com\/de\/wp-json\/wp\/v2\/pages\/14260","targetHints":{"allow":["GET"]}}],"collection":[{"href":"https:\/\/urolognet.com\/de\/wp-json\/wp\/v2\/pages"}],"about":[{"href":"https:\/\/urolognet.com\/de\/wp-json\/wp\/v2\/types\/page"}],"author":[{"embeddable":true,"href":"https:\/\/urolognet.com\/de\/wp-json\/wp\/v2\/users\/1"}],"replies":[{"embeddable":true,"href":"https:\/\/urolognet.com\/de\/wp-json\/wp\/v2\/comments?post=14260"}],"version-history":[{"count":2,"href":"https:\/\/urolognet.com\/de\/wp-json\/wp\/v2\/pages\/14260\/revisions"}],"predecessor-version":[{"id":14923,"href":"https:\/\/urolognet.com\/de\/wp-json\/wp\/v2\/pages\/14260\/revisions\/14923"}],"up":[{"embeddable":true,"href":"https:\/\/urolognet.com\/de\/wp-json\/wp\/v2\/pages\/14236"}],"wp:featuredmedia":[{"embeddable":true,"href":"https:\/\/urolognet.com\/de\/wp-json\/wp\/v2\/media\/13904"}],"wp:attachment":[{"href":"https:\/\/urolognet.com\/de\/wp-json\/wp\/v2\/media?parent=14260"}],"curies":[{"name":"wp","href":"https:\/\/api.w.org\/{rel}","templated":true}]}}