{"id":14110,"date":"2024-03-29T14:23:50","date_gmt":"2024-03-29T11:23:50","guid":{"rendered":""},"modified":"2024-04-01T14:46:22","modified_gmt":"2024-04-01T11:46:22","slug":"%d0%b6%d0%b5%d0%bd%d1%81%d0%ba%d0%b8%d0%b5-%d1%81%d0%b5%d0%ba%d1%81%d1%83%d0%b0%d0%bb%d1%8c%d0%bd%d1%8b%d0%b5-%d0%bf%d1%80%d0%be%d0%b1%d0%bb%d0%b5%d0%bc%d1%8b","status":"publish","type":"page","link":"https:\/\/urolognet.com\/ru\/%d1%81%d0%b5%d0%ba%d1%81%d1%83%d0%b0%d0%bb%d1%8c%d0%bd%d1%8b%d0%b5-%d0%bf%d1%80%d0%be%d0%b1%d0%bb%d0%b5%d0%bc%d1%8b\/%d0%b6%d0%b5%d0%bd%d1%81%d0%ba%d0%b8%d0%b5-%d1%81%d0%b5%d0%ba%d1%81%d1%83%d0%b0%d0%bb%d1%8c%d0%bd%d1%8b%d0%b5-%d0%bf%d1%80%d0%be%d0%b1%d0%bb%d0%b5%d0%bc%d1%8b\/","title":{"rendered":"\u0416\u0435\u043d\u0441\u043a\u0438\u0435 \u0441\u0435\u043a\u0441\u0443\u0430\u043b\u044c\u043d\u044b\u0435 \u043f\u0440\u043e\u0431\u043b\u0435\u043c\u044b"},"content":{"rendered":"\t\t<div data-elementor-type=\"wp-page\" data-elementor-id=\"14110\" class=\"elementor elementor-14110 elementor-12520\" data-elementor-post-type=\"page\">\n\t\t\t\t<div class=\"elementor-element elementor-element-e58782e elementor-hidden-mobile elementor-hidden-tablet e-flex e-con-boxed e-con e-parent\" data-id=\"e58782e\" data-element_type=\"container\" data-e-type=\"container\" data-settings=\"{&quot;background_background&quot;:&quot;classic&quot;,&quot;sticky&quot;:&quot;top&quot;,&quot;sticky_offset&quot;:135,&quot;sticky_on&quot;:[&quot;desktop&quot;,&quot;tablet&quot;,&quot;mobile&quot;],&quot;sticky_effects_offset&quot;:0,&quot;sticky_anchor_link_offset&quot;:0}\">\n\t\t\t\t\t<div class=\"e-con-inner\">\n\t\t\t\t\t<\/div>\n\t\t\t\t<\/div>\n\t\t<div class=\"elementor-element elementor-element-7900304 e-flex e-con-boxed e-con e-parent\" data-id=\"7900304\" data-element_type=\"container\" data-e-type=\"container\">\n\t\t\t\t\t<div class=\"e-con-inner\">\n\t\t\t\t<div class=\"elementor-element elementor-element-46742d0 elementor-cta--layout-image-above elementor-cta--mobile-layout-image-above elementor-cta--valign-middle elementor-widget__width-initial elementor-widget-mobile__width-initial elementor-cta--skin-classic elementor-animated-content elementor-widget elementor-widget-call-to-action\" data-id=\"46742d0\" data-element_type=\"widget\" data-e-type=\"widget\" data-widget_type=\"call-to-action.default\">\n\t\t\t\t<div class=\"elementor-widget-container\">\n\t\t\t\t\t\t\t<a class=\"elementor-cta\" href=\"https:\/\/urolognet.com\/cinsel-sorunlar\/kadin-cinsel-sorunlar\/vajinusmus\/\">\n\t\t\t\t\t<div class=\"elementor-cta__bg-wrapper\">\n\t\t\t\t<div class=\"elementor-cta__bg elementor-bg\" style=\"background-image: url(https:\/\/urolognet.com\/wp-content\/uploads\/2024\/03\/Vajinusmus.webp);\" role=\"img\" aria-label=\"Vajinusmus\"><\/div>\n\t\t\t\t<div class=\"elementor-cta__bg-overlay\"><\/div>\n\t\t\t<\/div>\n\t\t\t\t\t\t\t<div class=\"elementor-cta__content\">\n\t\t\t\t\n\t\t\t\t\t\t\t\t\t<h2 class=\"elementor-cta__title elementor-cta__content-item elementor-content-item\">\n\t\t\t\t\t\t\u0412\u0430\u0433\u0438\u043d\u0443\u0441\u043c\u0443\u0441\t\t\t\t\t<\/h2>\n\t\t\t\t\n\t\t\t\t\t\t\t\t\t<div class=\"elementor-cta__description elementor-cta__content-item elementor-content-item\">\n\t\t\t\t\t\t<p>\u0420\u0430\u0441\u0441\u043b\u0430\u0431\u044c\u0442\u0435\u0441\u044c \u0438 \u043d\u0430\u0441\u043b\u0430\u0436\u0434\u0430\u0439\u0442\u0435\u0441\u044c \u043f\u043e\u043b\u043e\u0432\u044b\u043c \u0430\u043a\u0442\u043e\u043c \u0441 \u043f\u043e\u043c\u043e\u0449\u044c\u044e \u043b\u0435\u0447\u0435\u043d\u0438\u044f \u0432\u0430\u0433\u0438\u043d\u0443\u0441\u043c\u0443\u0441\u043e\u043c.<\/p>\n\t\t\t\t\t<\/div>\n\t\t\t\t\n\t\t\t\t\t\t\t<\/div>\n\t\t\t\t\t\t<\/a>\n\t\t\t\t\t\t<\/div>\n\t\t\t\t<\/div>\n\t\t\t\t<div class=\"elementor-element elementor-element-d95addc elementor-cta--layout-image-above elementor-cta--mobile-layout-image-above elementor-cta--valign-middle elementor-widget__width-initial elementor-widget-mobile__width-initial elementor-cta--skin-classic elementor-animated-content elementor-widget elementor-widget-call-to-action\" data-id=\"d95addc\" data-element_type=\"widget\" data-e-type=\"widget\" data-widget_type=\"call-to-action.default\">\n\t\t\t\t<div class=\"elementor-widget-container\">\n\t\t\t\t\t\t\t<a class=\"elementor-cta\" href=\"https:\/\/urolognet.com\/cinsel-sorunlar\/kadin-cinsel-sorunlar\/o-shot-orgazm-asisi\/\">\n\t\t\t\t\t<div class=\"elementor-cta__bg-wrapper\">\n\t\t\t\t<div class=\"elementor-cta__bg elementor-bg\" style=\"background-image: url(https:\/\/urolognet.com\/wp-content\/uploads\/2024\/03\/O-Shot-Orgazm-Asisi.webp);\" role=\"img\" aria-label=\"O Shot Orgazm A\u015f\u0131s\u0131\"><\/div>\n\t\t\t\t<div class=\"elementor-cta__bg-overlay\"><\/div>\n\t\t\t<\/div>\n\t\t\t\t\t\t\t<div class=\"elementor-cta__content\">\n\t\t\t\t\n\t\t\t\t\t\t\t\t\t<h2 class=\"elementor-cta__title elementor-cta__content-item elementor-content-item\">\n\t\t\t\t\t\t\u0412\u0430\u043a\u0446\u0438\u043d\u0430 \u043f\u0440\u043e\u0442\u0438\u0432 \u043e\u0440\u0433\u0430\u0437\u043c\u0430 O Shot\t\t\t\t\t<\/h2>\n\t\t\t\t\n\t\t\t\t\t\t\t\t\t<div class=\"elementor-cta__description elementor-cta__content-item elementor-content-item\">\n\t\t\t\t\t\t<p>\u0418\u043d\u043d\u043e\u0432\u0430\u0446\u0438\u043e\u043d\u043d\u043e\u0435 \u0440\u0435\u0448\u0435\u043d\u0438\u0435 \u043f\u0440\u043e\u0431\u043b\u0435\u043c \u0441 \u043e\u0440\u0433\u0430\u0437\u043c\u043e\u043c - \u0432\u0430\u043a\u0446\u0438\u043d\u0430 \u043e\u0442 \u043e\u0440\u0433\u0430\u0437\u043c\u0430 O Shot.<\/p>\n\t\t\t\t\t<\/div>\n\t\t\t\t\n\t\t\t\t\t\t\t<\/div>\n\t\t\t\t\t\t<\/a>\n\t\t\t\t\t\t<\/div>\n\t\t\t\t<\/div>\n\t\t\t\t<div class=\"elementor-element elementor-element-fd5cfcc elementor-cta--layout-image-above elementor-cta--mobile-layout-image-above elementor-cta--valign-middle elementor-widget__width-initial elementor-widget-mobile__width-initial elementor-cta--skin-classic elementor-animated-content elementor-widget elementor-widget-call-to-action\" data-id=\"fd5cfcc\" data-element_type=\"widget\" data-e-type=\"widget\" data-widget_type=\"call-to-action.default\">\n\t\t\t\t<div class=\"elementor-widget-container\">\n\t\t\t\t\t\t\t<a class=\"elementor-cta\" href=\"https:\/\/urolognet.com\/cinsel-sorunlar\/kadin-cinsel-sorunlar\/vajinal-akinti-ve-koku\/\">\n\t\t\t\t\t<div class=\"elementor-cta__bg-wrapper\">\n\t\t\t\t<div class=\"elementor-cta__bg elementor-bg\" style=\"background-image: url(https:\/\/urolognet.com\/wp-content\/uploads\/2024\/03\/Vajinal-Akinti-ve-Koku.webp);\" role=\"img\" aria-label=\"Vajinal Ak\u0131nt\u0131 ve Koku\"><\/div>\n\t\t\t\t<div class=\"elementor-cta__bg-overlay\"><\/div>\n\t\t\t<\/div>\n\t\t\t\t\t\t\t<div class=\"elementor-cta__content\">\n\t\t\t\t\n\t\t\t\t\t\t\t\t\t<h2 class=\"elementor-cta__title elementor-cta__content-item elementor-content-item\">\n\t\t\t\t\t\t\u0412\u0430\u0433\u0438\u043d\u0430\u043b\u044c\u043d\u044b\u0435 \u0432\u044b\u0434\u0435\u043b\u0435\u043d\u0438\u044f \u0438 \u0437\u0430\u043f\u0430\u0445\t\t\t\t\t<\/h2>\n\t\t\t\t\n\t\t\t\t\t\t\t\t\t<div class=\"elementor-cta__description elementor-cta__content-item elementor-content-item\">\n\t\t\t\t\t\t<p>\u0420\u0435\u0448\u0438\u0442\u0435 \u043f\u0440\u043e\u0431\u043b\u0435\u043c\u0443 \u0432\u0430\u0433\u0438\u043d\u0430\u043b\u044c\u043d\u044b\u0445 \u0432\u044b\u0434\u0435\u043b\u0435\u043d\u0438\u0439 \u0438 \u043d\u0435\u043f\u0440\u0438\u044f\u0442\u043d\u043e\u0433\u043e \u0437\u0430\u043f\u0430\u0445\u0430, \u0441\u0434\u0435\u043b\u0430\u0439\u0442\u0435 \u0448\u0430\u0433 \u043a \u0437\u0434\u043e\u0440\u043e\u0432\u043e\u0439 \u0436\u0438\u0437\u043d\u0438.<\/p>\n\t\t\t\t\t<\/div>\n\t\t\t\t\n\t\t\t\t\t\t\t<\/div>\n\t\t\t\t\t\t<\/a>\n\t\t\t\t\t\t<\/div>\n\t\t\t\t<\/div>\n\t\t\t\t<div class=\"elementor-element elementor-element-aaffbd1 elementor-cta--layout-image-above elementor-cta--mobile-layout-image-above elementor-cta--valign-middle elementor-widget__width-initial elementor-widget-mobile__width-initial elementor-cta--skin-classic elementor-animated-content elementor-widget elementor-widget-call-to-action\" data-id=\"aaffbd1\" data-element_type=\"widget\" data-e-type=\"widget\" data-widget_type=\"call-to-action.default\">\n\t\t\t\t<div class=\"elementor-widget-container\">\n\t\t\t\t\t\t\t<a class=\"elementor-cta\" href=\"https:\/\/urolognet.com\/cinsel-sorunlar\/kadin-cinsel-sorunlar\/cinsel-isteksizlik\/\">\n\t\t\t\t\t<div class=\"elementor-cta__bg-wrapper\">\n\t\t\t\t<div class=\"elementor-cta__bg elementor-bg\" style=\"background-image: url(https:\/\/urolognet.com\/wp-content\/uploads\/2024\/03\/Kadin-Cinsel-Isteksizlik.webp);\" role=\"img\" aria-label=\"Kad\u0131n Cinsel \u0130steksizlik\"><\/div>\n\t\t\t\t<div class=\"elementor-cta__bg-overlay\"><\/div>\n\t\t\t<\/div>\n\t\t\t\t\t\t\t<div class=\"elementor-cta__content\">\n\t\t\t\t\n\t\t\t\t\t\t\t\t\t<h2 class=\"elementor-cta__title elementor-cta__content-item elementor-content-item\">\n\t\t\t\t\t\t\u0421\u0435\u043a\u0441\u0443\u0430\u043b\u044c\u043d\u0430\u044f \u043d\u0435\u043e\u0445\u043e\u0442\u0430\t\t\t\t\t<\/h2>\n\t\t\t\t\n\t\t\t\t\t\t\t\t\t<div class=\"elementor-cta__description elementor-cta__content-item elementor-content-item\">\n\t\t\t\t\t\t<p>\u041c\u044b \u043f\u0440\u0435\u0434\u043b\u0430\u0433\u0430\u0435\u043c \u0441\u043f\u0435\u0446\u0438\u0430\u043b\u0438\u0437\u0438\u0440\u043e\u0432\u0430\u043d\u043d\u044b\u0435 \u043c\u0435\u0442\u043e\u0434\u044b \u043b\u0435\u0447\u0435\u043d\u0438\u044f \u0434\u043b\u044f \u0442\u0435\u0445, \u043a\u0442\u043e \u0441\u0442\u0440\u0430\u0434\u0430\u0435\u0442 \u043e\u0442 \u043d\u0435\u0436\u0435\u043b\u0430\u043d\u0438\u044f \u0436\u0438\u0442\u044c \u043f\u043e\u043b\u043e\u0432\u043e\u0439 \u0436\u0438\u0437\u043d\u044c\u044e.<\/p>\n\t\t\t\t\t<\/div>\n\t\t\t\t\n\t\t\t\t\t\t\t<\/div>\n\t\t\t\t\t\t<\/a>\n\t\t\t\t\t\t<\/div>\n\t\t\t\t<\/div>\n\t\t\t\t<div class=\"elementor-element elementor-element-1670988 elementor-cta--layout-image-above elementor-cta--mobile-layout-image-above elementor-cta--valign-middle elementor-widget__width-initial elementor-widget-mobile__width-initial elementor-cta--skin-classic elementor-animated-content elementor-widget elementor-widget-call-to-action\" data-id=\"1670988\" data-element_type=\"widget\" data-e-type=\"widget\" data-widget_type=\"call-to-action.default\">\n\t\t\t\t<div class=\"elementor-widget-container\">\n\t\t\t\t\t\t\t<a class=\"elementor-cta\" href=\"https:\/\/urolognet.com\/cinsel-sorunlar\/kadin-cinsel-sorunlar\/anorgazmi\/\">\n\t\t\t\t\t<div class=\"elementor-cta__bg-wrapper\">\n\t\t\t\t<div class=\"elementor-cta__bg elementor-bg\" style=\"background-image: url(https:\/\/urolognet.com\/wp-content\/uploads\/2024\/03\/Anorgazmi.webp);\" role=\"img\" aria-label=\"Anorgazmi\"><\/div>\n\t\t\t\t<div class=\"elementor-cta__bg-overlay\"><\/div>\n\t\t\t<\/div>\n\t\t\t\t\t\t\t<div class=\"elementor-cta__content\">\n\t\t\t\t\n\t\t\t\t\t\t\t\t\t<h2 class=\"elementor-cta__title elementor-cta__content-item elementor-content-item\">\n\t\t\t\t\t\t\u0410\u043d\u043e\u0440\u0433\u0430\u0437\u043c\u0438\u044f\t\t\t\t\t<\/h2>\n\t\t\t\t\n\t\t\t\t\t\t\t\t\t<div class=\"elementor-cta__description elementor-cta__content-item elementor-content-item\">\n\t\t\t\t\t\t<p>\u041d\u0430\u0439\u0434\u0438\u0442\u0435 \u0440\u0435\u0448\u0435\u043d\u0438\u0435 \u043f\u0440\u043e\u0431\u043b\u0435\u043c\u044b \u0430\u043d\u043e\u0440\u0433\u0430\u0437\u043c\u0438\u0438 \u0441 \u043f\u043e\u043c\u043e\u0449\u044c\u044e \u043d\u0430\u0448\u0438\u0445 \u044d\u043a\u0441\u043f\u0435\u0440\u0442\u043e\u0432 \u0438 \u0441\u0434\u0435\u043b\u0430\u0439\u0442\u0435 \u0448\u0430\u0433 \u043a \u0443\u0434\u043e\u0432\u043b\u0435\u0442\u0432\u043e\u0440\u0438\u0442\u0435\u043b\u044c\u043d\u043e\u0439 \u0441\u0435\u043a\u0441\u0443\u0430\u043b\u044c\u043d\u043e\u0439 \u0436\u0438\u0437\u043d\u0438.<\/p>\n\t\t\t\t\t<\/div>\n\t\t\t\t\n\t\t\t\t\t\t\t<\/div>\n\t\t\t\t\t\t<\/a>\n\t\t\t\t\t\t<\/div>\n\t\t\t\t<\/div>\n\t\t\t\t<div class=\"elementor-element elementor-element-97df0c9 elementor-cta--layout-image-above elementor-cta--mobile-layout-image-above elementor-cta--valign-middle elementor-widget__width-initial elementor-widget-mobile__width-initial elementor-cta--skin-classic elementor-animated-content elementor-widget elementor-widget-call-to-action\" data-id=\"97df0c9\" data-element_type=\"widget\" data-e-type=\"widget\" data-widget_type=\"call-to-action.default\">\n\t\t\t\t<div class=\"elementor-widget-container\">\n\t\t\t\t\t\t\t<a class=\"elementor-cta\" href=\"https:\/\/urolognet.com\/cinsel-sorunlar\/kadin-cinsel-sorunlar\/islanma-problemleri\/\">\n\t\t\t\t\t<div class=\"elementor-cta__bg-wrapper\">\n\t\t\t\t<div class=\"elementor-cta__bg elementor-bg\" style=\"background-image: url(https:\/\/urolognet.com\/wp-content\/uploads\/2024\/03\/Islanma-Problemleri.webp);\" role=\"img\" aria-label=\"Islanma Problemleri\"><\/div>\n\t\t\t\t<div class=\"elementor-cta__bg-overlay\"><\/div>\n\t\t\t<\/div>\n\t\t\t\t\t\t\t<div class=\"elementor-cta__content\">\n\t\t\t\t\n\t\t\t\t\t\t\t\t\t<h2 class=\"elementor-cta__title elementor-cta__content-item elementor-content-item\">\n\t\t\t\t\t\t\u041f\u0440\u043e\u0431\u043b\u0435\u043c\u044b \u0441\u043e \u0441\u043c\u0430\u0447\u0438\u0432\u0430\u043d\u0438\u0435\u043c\t\t\t\t\t<\/h2>\n\t\t\t\t\n\t\t\t\t\t\t\t\t\t<div class=\"elementor-cta__description elementor-cta__content-item elementor-content-item\">\n\t\t\t\t\t\t<p>\u041e\u0431\u043b\u0435\u0433\u0447\u0438\u0442\u0435 \u0441\u0432\u043e\u0438 \u043f\u0435\u0440\u0435\u0436\u0438\u0432\u0430\u043d\u0438\u044f \u043f\u043e \u043f\u043e\u0432\u043e\u0434\u0443 \u043f\u0440\u043e\u0431\u043b\u0435\u043c \u0441 \u043c\u043e\u0447\u0435\u0438\u0441\u043f\u0443\u0441\u043a\u0430\u043d\u0438\u0435\u043c \u0441 \u043f\u043e\u043c\u043e\u0449\u044c\u044e \u0443\u043f\u0440\u0430\u0436\u043d\u0435\u043d\u0438\u0439 \u041a\u0435\u0433\u0435\u043b\u044f.<\/p>\n\t\t\t\t\t<\/div>\n\t\t\t\t\n\t\t\t\t\t\t\t<\/div>\n\t\t\t\t\t\t<\/a>\n\t\t\t\t\t\t<\/div>\n\t\t\t\t<\/div>\n\t\t\t\t<div class=\"elementor-element elementor-element-0077acb elementor-cta--layout-image-above elementor-cta--mobile-layout-image-above elementor-cta--valign-middle elementor-widget__width-initial elementor-widget-mobile__width-initial elementor-cta--skin-classic elementor-animated-content elementor-widget elementor-widget-call-to-action\" data-id=\"0077acb\" data-element_type=\"widget\" data-e-type=\"widget\" data-widget_type=\"call-to-action.default\">\n\t\t\t\t<div class=\"elementor-widget-container\">\n\t\t\t\t\t\t\t<a class=\"elementor-cta\" href=\"https:\/\/urolognet.com\/cinsel-sorunlar\/kadin-cinsel-sorunlar\/kegel-egzersizleri\/\">\n\t\t\t\t\t<div class=\"elementor-cta__bg-wrapper\">\n\t\t\t\t<div class=\"elementor-cta__bg elementor-bg\" style=\"background-image: url(https:\/\/urolognet.com\/wp-content\/uploads\/2024\/03\/Kegel-Egzersizleri.webp);\" role=\"img\" aria-label=\"Kegel Egzersizleri\"><\/div>\n\t\t\t\t<div class=\"elementor-cta__bg-overlay\"><\/div>\n\t\t\t<\/div>\n\t\t\t\t\t\t\t<div class=\"elementor-cta__content\">\n\t\t\t\t\n\t\t\t\t\t\t\t\t\t<h2 class=\"elementor-cta__title elementor-cta__content-item elementor-content-item\">\n\t\t\t\t\t\t\u0423\u043f\u0440\u0430\u0436\u043d\u0435\u043d\u0438\u044f \u041a\u0435\u0433\u0435\u043b\u044f\t\t\t\t\t<\/h2>\n\t\t\t\t\n\t\t\t\t\t\t\t\t\t<div class=\"elementor-cta__description elementor-cta__content-item elementor-content-item\">\n\t\t\t\t\t\t<p>\u0423\u043a\u0440\u0435\u043f\u0438\u0442\u0435 \u0437\u0434\u043e\u0440\u043e\u0432\u044c\u0435 \u0432\u043b\u0430\u0433\u0430\u043b\u0438\u0449\u0430 \u0438 \u0443\u043b\u0443\u0447\u0448\u0438\u0442\u0435 \u0441\u0432\u043e\u044e \u0441\u0435\u043a\u0441\u0443\u0430\u043b\u044c\u043d\u0443\u044e \u0436\u0438\u0437\u043d\u044c \u0441 \u043f\u043e\u043c\u043e\u0449\u044c\u044e \u0443\u043f\u0440\u0430\u0436\u043d\u0435\u043d\u0438\u0439 \u041a\u0435\u0433\u0435\u043b\u044f.<\/p>\n\t\t\t\t\t<\/div>\n\t\t\t\t\n\t\t\t\t\t\t\t<\/div>\n\t\t\t\t\t\t<\/a>\n\t\t\t\t\t\t<\/div>\n\t\t\t\t<\/div>\n\t\t\t\t\t<\/div>\n\t\t\t\t<\/div>\n\t\t\t\t<\/div>\n\t\t","protected":false},"excerpt":{"rendered":"<p>\u041c\u044b \u043f\u043e\u043c\u043e\u0436\u0435\u043c \u0432\u0430\u043c \u043d\u0430\u0439\u0442\u0438 \u0440\u0435\u0448\u0435\u043d\u0438\u0435 \u0436\u0435\u043d\u0441\u043a\u0438\u0445 \u0441\u0435\u043a\u0441\u0443\u0430\u043b\u044c\u043d\u044b\u0445 \u043f\u0440\u043e\u0431\u043b\u0435\u043c. \u0412\u0435\u0440\u043d\u0438\u0442\u0435 \u0441\u0435\u0431\u0435 \u0441\u0435\u043a\u0441\u0443\u0430\u043b\u044c\u043d\u043e\u0435 \u0437\u0434\u043e\u0440\u043e\u0432\u044c\u0435 \u0441 \u043f\u043e\u043c\u043e\u0449\u044c\u044e \u0443\u0434\u043e\u0431\u043d\u044b\u0445 \u0438 \u043d\u0430\u0434\u0435\u0436\u043d\u044b\u0445 \u043c\u0435\u0442\u043e\u0434\u043e\u0432 \u043b\u0435\u0447\u0435\u043d\u0438\u044f.<\/p>\n","protected":false},"author":1,"featured_media":0,"parent":14058,"menu_order":0,"comment_status":"closed","ping_status":"closed","template":"elementor_header_footer","meta":{"footnotes":""},"class_list":["post-14110","page","type-page","status-publish","hentry"],"_links":{"self":[{"href":"https:\/\/urolognet.com\/ru\/wp-json\/wp\/v2\/pages\/14110","targetHints":{"allow":["GET"]}}],"collection":[{"href":"https:\/\/urolognet.com\/ru\/wp-json\/wp\/v2\/pages"}],"about":[{"href":"https:\/\/urolognet.com\/ru\/wp-json\/wp\/v2\/types\/page"}],"author":[{"embeddable":true,"href":"https:\/\/urolognet.com\/ru\/wp-json\/wp\/v2\/users\/1"}],"replies":[{"embeddable":true,"href":"https:\/\/urolognet.com\/ru\/wp-json\/wp\/v2\/comments?post=14110"}],"version-history":[{"count":0,"href":"https:\/\/urolognet.com\/ru\/wp-json\/wp\/v2\/pages\/14110\/revisions"}],"up":[{"embeddable":true,"href":"https:\/\/urolognet.com\/ru\/wp-json\/wp\/v2\/pages\/14058"}],"wp:attachment":[{"href":"https:\/\/urolognet.com\/ru\/wp-json\/wp\/v2\/media?parent=14110"}],"curies":[{"name":"wp","href":"https:\/\/api.w.org\/{rel}","templated":true}]}}