{"id":14178,"date":"2024-03-28T10:00:10","date_gmt":"2024-03-28T07:00:10","guid":{"rendered":""},"modified":"2024-04-02T09:03:34","modified_gmt":"2024-04-02T06:03:34","slug":"%d1%8d%d1%81%d1%82%d0%b5%d1%82%d0%b8%d0%ba%d0%b0-%d0%bc%d1%83%d0%b6%d1%81%d0%ba%d0%b8%d1%85-%d0%bf%d0%be%d0%bb%d0%be%d0%b2%d1%8b%d1%85-%d0%be%d1%80%d0%b3%d0%b0%d0%bd%d0%be%d0%b2","status":"publish","type":"page","link":"https:\/\/urolognet.com\/ru\/%d1%8d%d1%81%d1%82%d0%b5%d1%82%d0%b8%d0%ba%d0%b0-%d0%b3%d0%b5%d0%bd%d0%b8%d1%82%d0%b0%d0%bb%d0%b8%d0%b9\/%d1%8d%d1%81%d1%82%d0%b5%d1%82%d0%b8%d0%ba%d0%b0-%d0%bc%d1%83%d0%b6%d1%81%d0%ba%d0%b8%d1%85-%d0%bf%d0%be%d0%bb%d0%be%d0%b2%d1%8b%d1%85-%d0%be%d1%80%d0%b3%d0%b0%d0%bd%d0%be%d0%b2\/","title":{"rendered":"\u042d\u0441\u0442\u0435\u0442\u0438\u043a\u0430 \u043c\u0443\u0436\u0441\u043a\u0438\u0445 \u043f\u043e\u043b\u043e\u0432\u044b\u0445 \u043e\u0440\u0433\u0430\u043d\u043e\u0432"},"content":{"rendered":"\t\t<div data-elementor-type=\"wp-page\" data-elementor-id=\"14178\" class=\"elementor elementor-14178\" data-elementor-post-type=\"page\">\n\t\t\t\t<div class=\"elementor-element elementor-element-9b82c08 elementor-hidden-mobile elementor-hidden-tablet e-flex e-con-boxed e-con e-parent\" data-id=\"9b82c08\" data-element_type=\"container\" data-e-type=\"container\" data-settings=\"{&quot;background_background&quot;:&quot;classic&quot;,&quot;sticky&quot;:&quot;top&quot;,&quot;sticky_offset&quot;:135,&quot;sticky_on&quot;:[&quot;desktop&quot;,&quot;tablet&quot;,&quot;mobile&quot;],&quot;sticky_effects_offset&quot;:0}\">\n\t\t\t\t\t<div class=\"e-con-inner\">\n\t\t\t\t\t<\/div>\n\t\t\t\t<\/div>\n\t\t<div class=\"elementor-element elementor-element-cd5ee75 e-flex e-con-boxed e-con e-parent\" data-id=\"cd5ee75\" data-element_type=\"container\" data-e-type=\"container\">\n\t\t\t\t\t<div class=\"e-con-inner\">\n\t\t\t\t<div class=\"elementor-element elementor-element-9e39c15 elementor-cta--layout-image-above elementor-cta--mobile-layout-image-above elementor-cta--valign-middle elementor-widget__width-initial elementor-widget-mobile__width-initial elementor-cta--skin-classic elementor-animated-content elementor-widget elementor-widget-call-to-action\" data-id=\"9e39c15\" data-element_type=\"widget\" data-e-type=\"widget\" data-widget_type=\"call-to-action.default\">\n\t\t\t\t<div class=\"elementor-widget-container\">\n\t\t\t\t\t\t\t<a class=\"elementor-cta\" href=\"https:\/\/urolognet.com\/genital-estetik\/erkek-genital-estetik\/penis-buyutme\/\">\n\t\t\t\t\t<div class=\"elementor-cta__bg-wrapper\">\n\t\t\t\t<div class=\"elementor-cta__bg elementor-bg\" style=\"background-image: url(https:\/\/urolognet.com\/wp-content\/uploads\/2024\/03\/Penis-Buyutme.webp);\" role=\"img\" aria-label=\"Penis B\u00fcy\u00fctme\"><\/div>\n\t\t\t\t<div class=\"elementor-cta__bg-overlay\"><\/div>\n\t\t\t<\/div>\n\t\t\t\t\t\t\t<div class=\"elementor-cta__content\">\n\t\t\t\t\n\t\t\t\t\t\t\t\t\t<h2 class=\"elementor-cta__title elementor-cta__content-item elementor-content-item\">\n\t\t\t\t\t\t\u0423\u0432\u0435\u043b\u0438\u0447\u0435\u043d\u0438\u0435 \u043f\u0435\u043d\u0438\u0441\u0430\t\t\t\t\t<\/h2>\n\t\t\t\t\n\t\t\t\t\t\t\t\t\t<div class=\"elementor-cta__description elementor-cta__content-item elementor-content-item\">\n\t\t\t\t\t\t<p>\u041f\u043e\u0437\u043d\u0430\u043a\u043e\u043c\u044c\u0442\u0435\u0441\u044c \u0441 \u043d\u0430\u0448\u0435\u0439 \u0443\u0441\u043b\u0443\u0433\u043e\u0439 \u043f\u043e \u0443\u0432\u0435\u043b\u0438\u0447\u0435\u043d\u0438\u044e \u043f\u043e\u043b\u043e\u0432\u043e\u0433\u043e \u0447\u043b\u0435\u043d\u0430 \u0434\u043b\u044f \u0431\u043e\u043b\u0435\u0435 \u0443\u0432\u0435\u0440\u0435\u043d\u043d\u043e\u0439 \u0436\u0438\u0437\u043d\u0438!<\/p>\n\t\t\t\t\t<\/div>\n\t\t\t\t\n\t\t\t\t\t\t\t<\/div>\n\t\t\t\t\t\t<\/a>\n\t\t\t\t\t\t<\/div>\n\t\t\t\t<\/div>\n\t\t\t\t<div class=\"elementor-element elementor-element-387e3ad elementor-cta--layout-image-above elementor-cta--mobile-layout-image-above elementor-cta--valign-middle elementor-widget__width-initial elementor-widget-mobile__width-initial elementor-cta--skin-classic elementor-animated-content elementor-widget elementor-widget-call-to-action\" data-id=\"387e3ad\" data-element_type=\"widget\" data-e-type=\"widget\" data-widget_type=\"call-to-action.default\">\n\t\t\t\t<div class=\"elementor-widget-container\">\n\t\t\t\t\t\t\t<a class=\"elementor-cta\" href=\"https:\/\/urolognet.com\/genital-estetik\/erkek-genital-estetik\/penis-kalinlastirma\/\">\n\t\t\t\t\t<div class=\"elementor-cta__bg-wrapper\">\n\t\t\t\t<div class=\"elementor-cta__bg elementor-bg\" style=\"background-image: url(https:\/\/urolognet.com\/wp-content\/uploads\/2024\/03\/Penis-Kalinlastirma.webp);\" role=\"img\" aria-label=\"Penis Kal\u0131nla\u015ft\u0131rma\"><\/div>\n\t\t\t\t<div class=\"elementor-cta__bg-overlay\"><\/div>\n\t\t\t<\/div>\n\t\t\t\t\t\t\t<div class=\"elementor-cta__content\">\n\t\t\t\t\n\t\t\t\t\t\t\t\t\t<h2 class=\"elementor-cta__title elementor-cta__content-item elementor-content-item\">\n\t\t\t\t\t\t\u0423\u0442\u043e\u043b\u0449\u0435\u043d\u0438\u0435 \u043f\u0435\u043d\u0438\u0441\u0430\t\t\t\t\t<\/h2>\n\t\t\t\t\n\t\t\t\t\t\t\t\t\t<div class=\"elementor-cta__description elementor-cta__content-item elementor-content-item\">\n\t\t\t\t\t\t<p>\u041c\u044b \u043f\u0440\u0435\u0434\u043b\u0430\u0433\u0430\u0435\u043c \u044d\u0444\u0444\u0435\u043a\u0442\u0438\u0432\u043d\u044b\u0435 \u0440\u0435\u0448\u0435\u043d\u0438\u044f \u0434\u043b\u044f \u0443\u0432\u0435\u043b\u0438\u0447\u0435\u043d\u0438\u044f \u0442\u043e\u043b\u0449\u0438\u043d\u044b \u043f\u0435\u043d\u0438\u0441\u0430.<\/p>\n\t\t\t\t\t<\/div>\n\t\t\t\t\n\t\t\t\t\t\t\t<\/div>\n\t\t\t\t\t\t<\/a>\n\t\t\t\t\t\t<\/div>\n\t\t\t\t<\/div>\n\t\t\t\t<div class=\"elementor-element elementor-element-df26d8f elementor-cta--layout-image-above elementor-cta--mobile-layout-image-above elementor-cta--valign-middle elementor-widget__width-initial elementor-widget-mobile__width-initial elementor-cta--skin-classic elementor-animated-content elementor-widget elementor-widget-call-to-action\" data-id=\"df26d8f\" data-element_type=\"widget\" data-e-type=\"widget\" data-widget_type=\"call-to-action.default\">\n\t\t\t\t<div class=\"elementor-widget-container\">\n\t\t\t\t\t\t\t<a class=\"elementor-cta\" href=\"https:\/\/urolognet.com\/genital-estetik\/erkek-genital-estetik\/penis-egriligi\/\">\n\t\t\t\t\t<div class=\"elementor-cta__bg-wrapper\">\n\t\t\t\t<div class=\"elementor-cta__bg elementor-bg\" style=\"background-image: url(https:\/\/urolognet.com\/wp-content\/uploads\/2024\/03\/Penis-Egriligi.webp);\" role=\"img\" aria-label=\"Penis E\u011frili\u011fi\"><\/div>\n\t\t\t\t<div class=\"elementor-cta__bg-overlay\"><\/div>\n\t\t\t<\/div>\n\t\t\t\t\t\t\t<div class=\"elementor-cta__content\">\n\t\t\t\t\n\t\t\t\t\t\t\t\t\t<h2 class=\"elementor-cta__title elementor-cta__content-item elementor-content-item\">\n\t\t\t\t\t\t\u0418\u0441\u043a\u0440\u0438\u0432\u043b\u0435\u043d\u0438\u0435 \u043f\u0435\u043d\u0438\u0441\u0430\t\t\t\t\t<\/h2>\n\t\t\t\t\n\t\t\t\t\t\t\t\t\t<div class=\"elementor-cta__description elementor-cta__content-item elementor-content-item\">\n\t\t\t\t\t\t<p>\u0421\u0434\u0435\u043b\u0430\u0439\u0442\u0435 \u0448\u0430\u0433 \u043a \u0431\u043e\u043b\u0435\u0435 \u043a\u043e\u043c\u0444\u043e\u0440\u0442\u043d\u043e\u0439 \u0441\u0435\u043a\u0441\u0443\u0430\u043b\u044c\u043d\u043e\u0439 \u0436\u0438\u0437\u043d\u0438 \u0441 \u043f\u043e\u043c\u043e\u0449\u044c\u044e \u043b\u0435\u0447\u0435\u043d\u0438\u044f \u0438\u0441\u043a\u0440\u0438\u0432\u043b\u0435\u043d\u0438\u044f \u043f\u043e\u043b\u043e\u0432\u043e\u0433\u043e \u0447\u043b\u0435\u043d\u0430.<\/p>\n\t\t\t\t\t<\/div>\n\t\t\t\t\n\t\t\t\t\t\t\t<\/div>\n\t\t\t\t\t\t<\/a>\n\t\t\t\t\t\t<\/div>\n\t\t\t\t<\/div>\n\t\t\t\t<div class=\"elementor-element elementor-element-d094206 elementor-cta--layout-image-above elementor-cta--mobile-layout-image-above elementor-cta--valign-middle elementor-widget__width-initial elementor-widget-mobile__width-initial elementor-cta--skin-classic elementor-animated-content elementor-widget elementor-widget-call-to-action\" data-id=\"d094206\" data-element_type=\"widget\" data-e-type=\"widget\" data-widget_type=\"call-to-action.default\">\n\t\t\t\t<div class=\"elementor-widget-container\">\n\t\t\t\t\t\t\t<a class=\"elementor-cta\" href=\"https:\/\/urolognet.com\/genital-estetik\/erkek-genital-estetik\/penis-dolgusu\/\">\n\t\t\t\t\t<div class=\"elementor-cta__bg-wrapper\">\n\t\t\t\t<div class=\"elementor-cta__bg elementor-bg\" style=\"background-image: url(https:\/\/urolognet.com\/wp-content\/uploads\/2024\/03\/Penis-Dolgusu.webp);\" role=\"img\" aria-label=\"Penis Dolgusu\"><\/div>\n\t\t\t\t<div class=\"elementor-cta__bg-overlay\"><\/div>\n\t\t\t<\/div>\n\t\t\t\t\t\t\t<div class=\"elementor-cta__content\">\n\t\t\t\t\n\t\t\t\t\t\t\t\t\t<h2 class=\"elementor-cta__title elementor-cta__content-item elementor-content-item\">\n\t\t\t\t\t\t\u041d\u0430\u043f\u043e\u043b\u043d\u0438\u0442\u0435\u043b\u044c \u0434\u043b\u044f \u043f\u0435\u043d\u0438\u0441\u0430\t\t\t\t\t<\/h2>\n\t\t\t\t\n\t\t\t\t\t\t\t\t\t<div class=\"elementor-cta__description elementor-cta__content-item elementor-content-item\">\n\t\t\t\t\t\t<p>\u041f\u043e\u043b\u0443\u0447\u0438\u0442\u0435 \u0436\u0435\u043b\u0430\u0435\u043c\u044b\u0439 \u0432\u0438\u0434 \u0437\u0430 \u043a\u043e\u0440\u043e\u0442\u043a\u043e\u0435 \u0432\u0440\u0435\u043c\u044f \u0441 \u043f\u043e\u043c\u043e\u0449\u044c\u044e \u043d\u0430\u043f\u043e\u043b\u043d\u0435\u043d\u0438\u044f \u043f\u0435\u043d\u0438\u0441\u0430!<\/p>\n\t\t\t\t\t<\/div>\n\t\t\t\t\n\t\t\t\t\t\t\t<\/div>\n\t\t\t\t\t\t<\/a>\n\t\t\t\t\t\t<\/div>\n\t\t\t\t<\/div>\n\t\t\t\t<div class=\"elementor-element elementor-element-74db26f elementor-cta--layout-image-above elementor-cta--mobile-layout-image-above elementor-cta--valign-middle elementor-widget__width-initial elementor-widget-mobile__width-initial elementor-cta--skin-classic elementor-animated-content elementor-widget elementor-widget-call-to-action\" data-id=\"74db26f\" data-element_type=\"widget\" data-e-type=\"widget\" data-widget_type=\"call-to-action.default\">\n\t\t\t\t<div class=\"elementor-widget-container\">\n\t\t\t\t\t\t\t<a class=\"elementor-cta\" href=\"https:\/\/urolognet.com\/genital-estetik\/erkek-genital-estetik\/penis-ucu-dolgusu\/\">\n\t\t\t\t\t<div class=\"elementor-cta__bg-wrapper\">\n\t\t\t\t<div class=\"elementor-cta__bg elementor-bg\" style=\"background-image: url(https:\/\/urolognet.com\/wp-content\/uploads\/2024\/03\/Penis-Ucu-Dolgusu.webp);\" role=\"img\" aria-label=\"Penis Ucu Dolgusu\"><\/div>\n\t\t\t\t<div class=\"elementor-cta__bg-overlay\"><\/div>\n\t\t\t<\/div>\n\t\t\t\t\t\t\t<div class=\"elementor-cta__content\">\n\t\t\t\t\n\t\t\t\t\t\t\t\t\t<h2 class=\"elementor-cta__title elementor-cta__content-item elementor-content-item\">\n\t\t\t\t\t\t\u041d\u0430\u043f\u043e\u043b\u043d\u0435\u043d\u0438\u0435 \u043a\u043e\u043d\u0447\u0438\u043a\u0430 \u043f\u0435\u043d\u0438\u0441\u0430\t\t\t\t\t<\/h2>\n\t\t\t\t\n\t\t\t\t\t\t\t\t\t<div class=\"elementor-cta__description elementor-cta__content-item elementor-content-item\">\n\t\t\t\t\t\t<p>\u0412\u044b\u043f\u043e\u043b\u043d\u0438\u0442\u0435 \u044d\u0441\u0442\u0435\u0442\u0438\u0447\u0435\u0441\u043a\u0443\u044e \u0438 \u0444\u0443\u043d\u043a\u0446\u0438\u043e\u043d\u0430\u043b\u044c\u043d\u0443\u044e \u043a\u043e\u0440\u0440\u0435\u043a\u0446\u0438\u044e \u0441 \u043f\u043e\u043c\u043e\u0449\u044c\u044e \u043f\u043b\u043e\u043c\u0431\u0438\u0440\u043e\u0432\u0430\u043d\u0438\u044f \u043a\u043e\u043d\u0447\u0438\u043a\u0430 \u043f\u0435\u043d\u0438\u0441\u0430.<\/p>\n\t\t\t\t\t<\/div>\n\t\t\t\t\n\t\t\t\t\t\t\t<\/div>\n\t\t\t\t\t\t<\/a>\n\t\t\t\t\t\t<\/div>\n\t\t\t\t<\/div>\n\t\t\t\t<div class=\"elementor-element elementor-element-cb1d70d elementor-cta--layout-image-above elementor-cta--mobile-layout-image-above elementor-cta--valign-middle elementor-widget__width-initial elementor-widget-mobile__width-initial elementor-cta--skin-classic elementor-animated-content elementor-widget elementor-widget-call-to-action\" data-id=\"cb1d70d\" data-element_type=\"widget\" data-e-type=\"widget\" data-widget_type=\"call-to-action.default\">\n\t\t\t\t<div class=\"elementor-widget-container\">\n\t\t\t\t\t\t\t<a class=\"elementor-cta\" href=\"https:\/\/urolognet.com\/genital-estetik\/erkek-genital-estetik\/penis-uzatma\/\">\n\t\t\t\t\t<div class=\"elementor-cta__bg-wrapper\">\n\t\t\t\t<div class=\"elementor-cta__bg elementor-bg\" style=\"background-image: url(https:\/\/urolognet.com\/wp-content\/uploads\/2024\/03\/Penis-Uzatma.webp);\" role=\"img\" aria-label=\"Penis Uzatma\"><\/div>\n\t\t\t\t<div class=\"elementor-cta__bg-overlay\"><\/div>\n\t\t\t<\/div>\n\t\t\t\t\t\t\t<div class=\"elementor-cta__content\">\n\t\t\t\t\n\t\t\t\t\t\t\t\t\t<h2 class=\"elementor-cta__title elementor-cta__content-item elementor-content-item\">\n\t\t\t\t\t\t\u0423\u0434\u043b\u0438\u043d\u0435\u043d\u0438\u0435 \u043f\u0435\u043d\u0438\u0441\u0430\t\t\t\t\t<\/h2>\n\t\t\t\t\n\t\t\t\t\t\t\t\t\t<div class=\"elementor-cta__description elementor-cta__content-item elementor-content-item\">\n\t\t\t\t\t\t<p>\u0414\u043e\u0441\u0442\u0438\u0433\u043d\u0438\u0442\u0435 \u0436\u0435\u043b\u0430\u0435\u043c\u043e\u0433\u043e \u0440\u0430\u0437\u043c\u0435\u0440\u0430 \u0441 \u043f\u043e\u043c\u043e\u0449\u044c\u044e \u043e\u043f\u0435\u0440\u0430\u0446\u0438\u0439 \u043f\u043e \u0443\u0434\u043b\u0438\u043d\u0435\u043d\u0438\u044e \u043f\u043e\u043b\u043e\u0432\u043e\u0433\u043e \u0447\u043b\u0435\u043d\u0430!<\/p>\n\t\t\t\t\t<\/div>\n\t\t\t\t\n\t\t\t\t\t\t\t<\/div>\n\t\t\t\t\t\t<\/a>\n\t\t\t\t\t\t<\/div>\n\t\t\t\t<\/div>\n\t\t\t\t<div class=\"elementor-element elementor-element-85ad647 elementor-cta--layout-image-above elementor-cta--mobile-layout-image-above elementor-cta--valign-middle elementor-widget__width-initial elementor-widget-mobile__width-initial elementor-cta--skin-classic elementor-animated-content elementor-widget elementor-widget-call-to-action\" data-id=\"85ad647\" data-element_type=\"widget\" data-e-type=\"widget\" data-widget_type=\"call-to-action.default\">\n\t\t\t\t<div class=\"elementor-widget-container\">\n\t\t\t\t\t\t\t<a class=\"elementor-cta\" href=\"https:\/\/urolognet.com\/genital-estetik\/erkek-genital-estetik\/penis-protezi\/\">\n\t\t\t\t\t<div class=\"elementor-cta__bg-wrapper\">\n\t\t\t\t<div class=\"elementor-cta__bg elementor-bg\" style=\"background-image: url(https:\/\/urolognet.com\/wp-content\/uploads\/2024\/03\/Penis-Protezi.webp);\" role=\"img\" aria-label=\"Penis Protezi\"><\/div>\n\t\t\t\t<div class=\"elementor-cta__bg-overlay\"><\/div>\n\t\t\t<\/div>\n\t\t\t\t\t\t\t<div class=\"elementor-cta__content\">\n\t\t\t\t\n\t\t\t\t\t\t\t\t\t<h2 class=\"elementor-cta__title elementor-cta__content-item elementor-content-item\">\n\t\t\t\t\t\t\u041f\u0440\u043e\u0442\u0435\u0437 \u043f\u043e\u043b\u043e\u0432\u043e\u0433\u043e \u0447\u043b\u0435\u043d\u0430\t\t\t\t\t<\/h2>\n\t\t\t\t\n\t\t\t\t\t\t\t\t\t<div class=\"elementor-cta__description elementor-cta__content-item elementor-content-item\">\n\t\t\t\t\t\t<p>\u041e\u0442\u043a\u0440\u043e\u0439\u0442\u0435 \u0434\u043b\u044f \u0441\u0435\u0431\u044f \u043d\u0430\u0448\u0438 \u0440\u0435\u0448\u0435\u043d\u0438\u044f \u043f\u043e \u043f\u0440\u043e\u0442\u0435\u0437\u0438\u0440\u043e\u0432\u0430\u043d\u0438\u044e \u043f\u043e\u043b\u043e\u0432\u043e\u0433\u043e \u0447\u043b\u0435\u043d\u0430 \u0434\u043b\u044f \u0431\u0435\u0441\u043f\u0440\u043e\u0431\u043b\u0435\u043c\u043d\u043e\u0439 \u0441\u0435\u043a\u0441\u0443\u0430\u043b\u044c\u043d\u043e\u0439 \u0436\u0438\u0437\u043d\u0438.<\/p>\n\t\t\t\t\t<\/div>\n\t\t\t\t\n\t\t\t\t\t\t\t<\/div>\n\t\t\t\t\t\t<\/a>\n\t\t\t\t\t\t<\/div>\n\t\t\t\t<\/div>\n\t\t\t\t<div class=\"elementor-element elementor-element-7871626 elementor-cta--layout-image-above elementor-cta--mobile-layout-image-above elementor-cta--valign-middle elementor-widget__width-initial elementor-widget-mobile__width-initial elementor-cta--skin-classic elementor-animated-content elementor-widget elementor-widget-call-to-action\" data-id=\"7871626\" data-element_type=\"widget\" data-e-type=\"widget\" data-widget_type=\"call-to-action.default\">\n\t\t\t\t<div class=\"elementor-widget-container\">\n\t\t\t\t\t\t\t<a class=\"elementor-cta\" href=\"https:\/\/urolognet.com\/genital-estetik\/erkek-genital-estetik\/sunnet\/\">\n\t\t\t\t\t<div class=\"elementor-cta__bg-wrapper\">\n\t\t\t\t<div class=\"elementor-cta__bg elementor-bg\" style=\"background-image: url(https:\/\/urolognet.com\/wp-content\/uploads\/2024\/03\/Sunnet.webp);\" role=\"img\" aria-label=\"S\u00fcnnet\"><\/div>\n\t\t\t\t<div class=\"elementor-cta__bg-overlay\"><\/div>\n\t\t\t<\/div>\n\t\t\t\t\t\t\t<div class=\"elementor-cta__content\">\n\t\t\t\t\n\t\t\t\t\t\t\t\t\t<h2 class=\"elementor-cta__title elementor-cta__content-item elementor-content-item\">\n\t\t\t\t\t\t\u041e\u0431\u0440\u0435\u0437\u0430\u043d\u0438\u0435\t\t\t\t\t<\/h2>\n\t\t\t\t\n\t\t\t\t\t\t\t\t\t<div class=\"elementor-cta__description elementor-cta__content-item elementor-content-item\">\n\t\t\t\t\t\t<p>\u041f\u0440\u0438\u0434\u0430\u0439\u0442\u0435 \u0437\u043d\u0430\u0447\u0435\u043d\u0438\u0435 \u0441\u0432\u043e\u0435\u043c\u0443 \u0437\u0434\u043e\u0440\u043e\u0432\u044c\u044e \u0441 \u043f\u043e\u043c\u043e\u0449\u044c\u044e \u043d\u0430\u0448\u0435\u0439 \u0433\u0438\u0433\u0438\u0435\u043d\u0438\u0447\u043d\u043e\u0439 \u0438 \u043a\u0432\u0430\u043b\u0438\u0444\u0438\u0446\u0438\u0440\u043e\u0432\u0430\u043d\u043d\u043e\u0439 \u0443\u0441\u043b\u0443\u0433\u0438 \u043e\u0431\u0440\u0435\u0437\u0430\u043d\u0438\u044f.<\/p>\n\t\t\t\t\t<\/div>\n\t\t\t\t\n\t\t\t\t\t\t\t<\/div>\n\t\t\t\t\t\t<\/a>\n\t\t\t\t\t\t<\/div>\n\t\t\t\t<\/div>\n\t\t\t\t<div class=\"elementor-element elementor-element-98c4d2c elementor-cta--layout-image-above elementor-cta--mobile-layout-image-above elementor-cta--valign-middle elementor-widget__width-initial elementor-widget-mobile__width-initial elementor-cta--skin-classic elementor-animated-content elementor-widget elementor-widget-call-to-action\" data-id=\"98c4d2c\" data-element_type=\"widget\" data-e-type=\"widget\" data-widget_type=\"call-to-action.default\">\n\t\t\t\t<div class=\"elementor-widget-container\">\n\t\t\t\t\t\t\t<a class=\"elementor-cta\" href=\"https:\/\/urolognet.com\/genital-estetik\/erkek-genital-estetik\/peygamber-sunneti\/\">\n\t\t\t\t\t<div class=\"elementor-cta__bg-wrapper\">\n\t\t\t\t<div class=\"elementor-cta__bg elementor-bg\" style=\"background-image: url(https:\/\/urolognet.com\/wp-content\/uploads\/2024\/03\/Peygamber-Sunneti-1.webp);\" role=\"img\" aria-label=\"Peygamber S\u00fcnneti\"><\/div>\n\t\t\t\t<div class=\"elementor-cta__bg-overlay\"><\/div>\n\t\t\t<\/div>\n\t\t\t\t\t\t\t<div class=\"elementor-cta__content\">\n\t\t\t\t\n\t\t\t\t\t\t\t\t\t<h2 class=\"elementor-cta__title elementor-cta__content-item elementor-content-item\">\n\t\t\t\t\t\t\u041f\u0440\u043e\u0440\u043e\u043a \u0421\u0443\u043d\u043d\u0430\t\t\t\t\t<\/h2>\n\t\t\t\t\n\t\t\t\t\t\t\t\t\t<div class=\"elementor-cta__description elementor-cta__content-item elementor-content-item\">\n\t\t\t\t\t\t<p>\u041d\u0430\u0434\u0435\u0436\u043d\u044b\u0439 \u0430\u0434\u0440\u0435\u0441 \u0434\u043b\u044f \u043f\u0440\u043e\u0432\u0435\u0434\u0435\u043d\u0438\u044f \u0442\u0440\u0430\u0434\u0438\u0446\u0438\u043e\u043d\u043d\u043e\u0439 \u043f\u0440\u043e\u0440\u043e\u0447\u0435\u0441\u043a\u043e\u0439 \u043f\u0440\u043e\u0446\u0435\u0434\u0443\u0440\u044b \u043e\u0431\u0440\u0435\u0437\u0430\u043d\u0438\u044f.<\/p>\n\t\t\t\t\t<\/div>\n\t\t\t\t\n\t\t\t\t\t\t\t<\/div>\n\t\t\t\t\t\t<\/a>\n\t\t\t\t\t\t<\/div>\n\t\t\t\t<\/div>\n\t\t\t\t\t<\/div>\n\t\t\t\t<\/div>\n\t\t\t\t<\/div>\n\t\t","protected":false},"excerpt":{"rendered":"<p>\u041f\u043e\u043b\u0443\u0447\u0438\u0442\u0435 \u0443\u043d\u0438\u043a\u0430\u043b\u044c\u043d\u044b\u0439 \u0432\u043d\u0435\u0448\u043d\u0438\u0439 \u0432\u0438\u0434 \u0441 \u043f\u043e\u043c\u043e\u0449\u044c\u044e \u043d\u0430\u0448\u0438\u0445 \u0443\u0441\u043b\u0443\u0433 \u043f\u043e \u044d\u0441\u0442\u0435\u0442\u0438\u043a\u0435 \u043c\u0443\u0436\u0441\u043a\u0438\u0445 \u043f\u043e\u043b\u043e\u0432\u044b\u0445 \u043e\u0440\u0433\u0430\u043d\u043e\u0432. \u0411\u043b\u0430\u0433\u043e\u0434\u0430\u0440\u044f \u043e\u043f\u044b\u0442\u0443 \u0438 \u043a\u0440\u043e\u043f\u043e\u0442\u043b\u0438\u0432\u043e\u0439 \u0440\u0430\u0431\u043e\u0442\u0435 \u043d\u0430\u0448\u0438\u0445 \u0441\u043f\u0435\u0446\u0438\u0430\u043b\u0438\u0441\u0442\u043e\u0432 \u043c\u044b \u043e\u0431\u0435\u0441\u043f\u0435\u0447\u0438\u0432\u0430\u0435\u043c \u043f\u043e\u0441\u0442\u043e\u044f\u043d\u043d\u044b\u0439 \u0440\u0435\u0437\u0443\u043b\u044c\u0442\u0430\u0442.<\/p>\n","protected":false},"author":1,"featured_media":0,"parent":14172,"menu_order":0,"comment_status":"closed","ping_status":"closed","template":"elementor_header_footer","meta":{"footnotes":""},"class_list":["post-14178","page","type-page","status-publish","hentry"],"_links":{"self":[{"href":"https:\/\/urolognet.com\/ru\/wp-json\/wp\/v2\/pages\/14178","targetHints":{"allow":["GET"]}}],"collection":[{"href":"https:\/\/urolognet.com\/ru\/wp-json\/wp\/v2\/pages"}],"about":[{"href":"https:\/\/urolognet.com\/ru\/wp-json\/wp\/v2\/types\/page"}],"author":[{"embeddable":true,"href":"https:\/\/urolognet.com\/ru\/wp-json\/wp\/v2\/users\/1"}],"replies":[{"embeddable":true,"href":"https:\/\/urolognet.com\/ru\/wp-json\/wp\/v2\/comments?post=14178"}],"version-history":[{"count":0,"href":"https:\/\/urolognet.com\/ru\/wp-json\/wp\/v2\/pages\/14178\/revisions"}],"up":[{"embeddable":true,"href":"https:\/\/urolognet.com\/ru\/wp-json\/wp\/v2\/pages\/14172"}],"wp:attachment":[{"href":"https:\/\/urolognet.com\/ru\/wp-json\/wp\/v2\/media?parent=14178"}],"curies":[{"name":"wp","href":"https:\/\/api.w.org\/{rel}","templated":true}]}}