{"id":14238,"date":"2024-03-29T09:04:03","date_gmt":"2024-03-29T06:04:03","guid":{"rendered":""},"modified":"2024-04-02T12:14:23","modified_gmt":"2024-04-02T09:14:23","slug":"%d1%8d%d1%81%d1%82%d0%b5%d1%82%d0%b8%d0%ba%d0%b0-%d0%b6%d0%b5%d0%bd%d1%81%d0%ba%d0%b8%d1%85-%d0%bf%d0%be%d0%bb%d0%be%d0%b2%d1%8b%d1%85-%d0%be%d1%80%d0%b3%d0%b0%d0%bd%d0%be%d0%b2","status":"publish","type":"page","link":"https:\/\/urolognet.com\/ru\/%d1%8d%d1%81%d1%82%d0%b5%d1%82%d0%b8%d0%ba%d0%b0-%d0%b3%d0%b5%d0%bd%d0%b8%d1%82%d0%b0%d0%bb%d0%b8%d0%b9\/%d1%8d%d1%81%d1%82%d0%b5%d1%82%d0%b8%d0%ba%d0%b0-%d0%b6%d0%b5%d0%bd%d1%81%d0%ba%d0%b8%d1%85-%d0%bf%d0%be%d0%bb%d0%be%d0%b2%d1%8b%d1%85-%d0%be%d1%80%d0%b3%d0%b0%d0%bd%d0%be%d0%b2\/","title":{"rendered":"\u042d\u0441\u0442\u0435\u0442\u0438\u043a\u0430 \u0436\u0435\u043d\u0441\u043a\u0438\u0445 \u043f\u043e\u043b\u043e\u0432\u044b\u0445 \u043e\u0440\u0433\u0430\u043d\u043e\u0432"},"content":{"rendered":"\t\t<div data-elementor-type=\"wp-page\" data-elementor-id=\"14238\" class=\"elementor elementor-14238 elementor-12385\" data-elementor-post-type=\"page\">\n\t\t\t\t<div class=\"elementor-element elementor-element-dc04fbc elementor-hidden-mobile elementor-hidden-tablet e-flex e-con-boxed e-con e-parent\" data-id=\"dc04fbc\" data-element_type=\"container\" data-e-type=\"container\" data-settings=\"{&quot;background_background&quot;:&quot;classic&quot;,&quot;sticky&quot;:&quot;top&quot;,&quot;sticky_offset&quot;:135,&quot;sticky_on&quot;:[&quot;desktop&quot;,&quot;tablet&quot;,&quot;mobile&quot;],&quot;sticky_effects_offset&quot;:0,&quot;sticky_anchor_link_offset&quot;:0}\">\n\t\t\t\t\t<div class=\"e-con-inner\">\n\t\t\t\t\t<\/div>\n\t\t\t\t<\/div>\n\t\t<div class=\"elementor-element elementor-element-819a6dc e-flex e-con-boxed e-con e-parent\" data-id=\"819a6dc\" data-element_type=\"container\" data-e-type=\"container\">\n\t\t\t\t\t<div class=\"e-con-inner\">\n\t\t\t\t<div class=\"elementor-element elementor-element-ebda15a elementor-cta--layout-image-above elementor-cta--mobile-layout-image-above elementor-cta--valign-middle elementor-widget__width-initial elementor-widget-mobile__width-initial elementor-cta--skin-classic elementor-animated-content elementor-widget elementor-widget-call-to-action\" data-id=\"ebda15a\" data-element_type=\"widget\" data-e-type=\"widget\" data-widget_type=\"call-to-action.default\">\n\t\t\t\t<div class=\"elementor-widget-container\">\n\t\t\t\t\t\t\t<a class=\"elementor-cta\" href=\"https:\/\/urolognet.com\/genital-estetik\/kadin-genital-estetik\/barbie-vajina\/\">\n\t\t\t\t\t<div class=\"elementor-cta__bg-wrapper\">\n\t\t\t\t<div class=\"elementor-cta__bg elementor-bg\" style=\"background-image: url(https:\/\/urolognet.com\/wp-content\/uploads\/2024\/03\/Barbie-Vajina.webp);\" role=\"img\" aria-label=\"Barbie Vajina\"><\/div>\n\t\t\t\t<div class=\"elementor-cta__bg-overlay\"><\/div>\n\t\t\t<\/div>\n\t\t\t\t\t\t\t<div class=\"elementor-cta__content\">\n\t\t\t\t\n\t\t\t\t\t\t\t\t\t<h2 class=\"elementor-cta__title elementor-cta__content-item elementor-content-item\">\n\t\t\t\t\t\t\u0412\u0430\u0433\u0438\u043d\u0430 \u0411\u0430\u0440\u0431\u0438\t\t\t\t\t<\/h2>\n\t\t\t\t\n\t\t\t\t\t\t\t\t\t<div class=\"elementor-cta__description elementor-cta__content-item elementor-content-item\">\n\t\t\t\t\t\t<p>\u041f\u043e\u0447\u0443\u0432\u0441\u0442\u0432\u0443\u0439\u0442\u0435 \u0441\u0435\u0431\u044f \u0441\u0438\u043b\u044c\u043d\u0435\u0435 \u0441 \u044d\u0441\u0442\u0435\u0442\u0438\u043a\u043e\u0439 \u0432\u0430\u0433\u0438\u043d\u044b Barbie!<\/p>\n\t\t\t\t\t<\/div>\n\t\t\t\t\n\t\t\t\t\t\t\t<\/div>\n\t\t\t\t\t\t<\/a>\n\t\t\t\t\t\t<\/div>\n\t\t\t\t<\/div>\n\t\t\t\t<div class=\"elementor-element elementor-element-7000923 elementor-cta--layout-image-above elementor-cta--mobile-layout-image-above elementor-cta--valign-middle elementor-widget__width-initial elementor-widget-mobile__width-initial elementor-cta--skin-classic elementor-animated-content elementor-widget elementor-widget-call-to-action\" data-id=\"7000923\" data-element_type=\"widget\" data-e-type=\"widget\" data-widget_type=\"call-to-action.default\">\n\t\t\t\t<div class=\"elementor-widget-container\">\n\t\t\t\t\t\t\t<a class=\"elementor-cta\" href=\"https:\/\/urolognet.com\/genital-estetik\/kadin-genital-estetik\/vajen-estetigi\/\">\n\t\t\t\t\t<div class=\"elementor-cta__bg-wrapper\">\n\t\t\t\t<div class=\"elementor-cta__bg elementor-bg\" style=\"background-image: url(https:\/\/urolognet.com\/wp-content\/uploads\/2024\/03\/Vajen-Estetigi.webp);\" role=\"img\" aria-label=\"Vajen Esteti\u011fi\"><\/div>\n\t\t\t\t<div class=\"elementor-cta__bg-overlay\"><\/div>\n\t\t\t<\/div>\n\t\t\t\t\t\t\t<div class=\"elementor-cta__content\">\n\t\t\t\t\n\t\t\t\t\t\t\t\t\t<h2 class=\"elementor-cta__title elementor-cta__content-item elementor-content-item\">\n\t\t\t\t\t\t\u042d\u0441\u0442\u0435\u0442\u0438\u043a\u0430 \u0432\u043b\u0430\u0433\u0430\u043b\u0438\u0449\u0430\t\t\t\t\t<\/h2>\n\t\t\t\t\n\t\t\t\t\t\t\t\t\t<div class=\"elementor-cta__description elementor-cta__content-item elementor-content-item\">\n\t\t\t\t\t\t<p>\u0414\u043e\u0431\u0435\u0439\u0442\u0435\u0441\u044c \u0435\u0441\u0442\u0435\u0441\u0442\u0432\u0435\u043d\u043d\u043e\u0433\u043e \u0438 \u044d\u0441\u0442\u0435\u0442\u0438\u0447\u043d\u043e\u0433\u043e \u0432\u0438\u0434\u0430 \u0441 \u043f\u043e\u043c\u043e\u0449\u044c\u044e \u043d\u0430\u0448\u0435\u0439 \u0443\u0441\u043b\u0443\u0433\u0438 \u043f\u043e \u0432\u0430\u0433\u0438\u043d\u0430\u043b\u044c\u043d\u043e\u0439 \u044d\u0441\u0442\u0435\u0442\u0438\u043a\u0435.<\/p>\n\t\t\t\t\t<\/div>\n\t\t\t\t\n\t\t\t\t\t\t\t<\/div>\n\t\t\t\t\t\t<\/a>\n\t\t\t\t\t\t<\/div>\n\t\t\t\t<\/div>\n\t\t\t\t<div class=\"elementor-element elementor-element-039abd3 elementor-cta--layout-image-above elementor-cta--mobile-layout-image-above elementor-cta--valign-middle elementor-widget__width-initial elementor-widget-mobile__width-initial elementor-cta--skin-classic elementor-animated-content elementor-widget elementor-widget-call-to-action\" data-id=\"039abd3\" data-element_type=\"widget\" data-e-type=\"widget\" data-widget_type=\"call-to-action.default\">\n\t\t\t\t<div class=\"elementor-widget-container\">\n\t\t\t\t\t\t\t<a class=\"elementor-cta\" href=\"https:\/\/urolognet.com\/genital-estetik\/kadin-genital-estetik\/vajina-daraltma\/\">\n\t\t\t\t\t<div class=\"elementor-cta__bg-wrapper\">\n\t\t\t\t<div class=\"elementor-cta__bg elementor-bg\" style=\"background-image: url(https:\/\/urolognet.com\/wp-content\/uploads\/2024\/03\/Vajina-Daraltma.webp);\" role=\"img\" aria-label=\"Vajina Daraltma\"><\/div>\n\t\t\t\t<div class=\"elementor-cta__bg-overlay\"><\/div>\n\t\t\t<\/div>\n\t\t\t\t\t\t\t<div class=\"elementor-cta__content\">\n\t\t\t\t\n\t\t\t\t\t\t\t\t\t<h2 class=\"elementor-cta__title elementor-cta__content-item elementor-content-item\">\n\t\t\t\t\t\t\u041f\u043e\u0434\u0442\u044f\u0433\u0438\u0432\u0430\u043d\u0438\u0435 \u0432\u0430\u0433\u0438\u043d\u044b\t\t\t\t\t<\/h2>\n\t\t\t\t\n\t\t\t\t\t\t\t\t\t<div class=\"elementor-cta__description elementor-cta__content-item elementor-content-item\">\n\t\t\t\t\t\t<p>\u041f\u043e\u0432\u044b\u0441\u044c\u0442\u0435 \u0443\u0440\u043e\u0432\u0435\u043d\u044c \u0441\u0432\u043e\u0435\u0433\u043e \u0437\u0434\u043e\u0440\u043e\u0432\u044c\u044f \u0438 \u043a\u043e\u043c\u0444\u043e\u0440\u0442\u0430 \u0441 \u043f\u043e\u043c\u043e\u0449\u044c\u044e \u043e\u043f\u0435\u0440\u0430\u0446\u0438\u0438 \u043f\u043e \u043f\u043e\u0434\u0442\u044f\u0436\u043a\u0435 \u0432\u043b\u0430\u0433\u0430\u043b\u0438\u0449\u0430.<\/p>\n\t\t\t\t\t<\/div>\n\t\t\t\t\n\t\t\t\t\t\t\t<\/div>\n\t\t\t\t\t\t<\/a>\n\t\t\t\t\t\t<\/div>\n\t\t\t\t<\/div>\n\t\t\t\t<div class=\"elementor-element elementor-element-f4389b0 elementor-cta--layout-image-above elementor-cta--mobile-layout-image-above elementor-cta--valign-middle elementor-widget__width-initial elementor-widget-mobile__width-initial elementor-cta--skin-classic elementor-animated-content elementor-widget elementor-widget-call-to-action\" data-id=\"f4389b0\" data-element_type=\"widget\" data-e-type=\"widget\" data-widget_type=\"call-to-action.default\">\n\t\t\t\t<div class=\"elementor-widget-container\">\n\t\t\t\t\t\t\t<a class=\"elementor-cta\" href=\"https:\/\/urolognet.com\/genital-estetik\/kadin-genital-estetik\/vajinal-genclestirme\/\">\n\t\t\t\t\t<div class=\"elementor-cta__bg-wrapper\">\n\t\t\t\t<div class=\"elementor-cta__bg elementor-bg\" style=\"background-image: url(https:\/\/urolognet.com\/wp-content\/uploads\/2024\/03\/Vajinal-Genclestirme.webp);\" role=\"img\" aria-label=\"Vajinal Gen\u00e7le\u015ftirme\"><\/div>\n\t\t\t\t<div class=\"elementor-cta__bg-overlay\"><\/div>\n\t\t\t<\/div>\n\t\t\t\t\t\t\t<div class=\"elementor-cta__content\">\n\t\t\t\t\n\t\t\t\t\t\t\t\t\t<h2 class=\"elementor-cta__title elementor-cta__content-item elementor-content-item\">\n\t\t\t\t\t\t\u041e\u043c\u043e\u043b\u043e\u0436\u0435\u043d\u0438\u0435 \u0432\u043b\u0430\u0433\u0430\u043b\u0438\u0449\u0430\t\t\t\t\t<\/h2>\n\t\t\t\t\n\t\t\t\t\t\t\t\t\t<div class=\"elementor-cta__description elementor-cta__content-item elementor-content-item\">\n\t\t\t\t\t\t<p>\u041f\u043e\u0447\u0443\u0432\u0441\u0442\u0432\u0443\u0439\u0442\u0435 \u0441\u0435\u0431\u044f \u0431\u043e\u043b\u0435\u0435 \u0436\u0438\u0432\u043e\u0439 \u0441 \u043f\u043e\u043c\u043e\u0449\u044c\u044e \u0432\u0430\u0433\u0438\u043d\u0430\u043b\u044c\u043d\u043e\u0433\u043e \u043e\u043c\u043e\u043b\u043e\u0436\u0435\u043d\u0438\u044f.<\/p>\n\t\t\t\t\t<\/div>\n\t\t\t\t\n\t\t\t\t\t\t\t<\/div>\n\t\t\t\t\t\t<\/a>\n\t\t\t\t\t\t<\/div>\n\t\t\t\t<\/div>\n\t\t\t\t<div class=\"elementor-element elementor-element-9c6e80d elementor-cta--layout-image-above elementor-cta--mobile-layout-image-above elementor-cta--valign-middle elementor-widget__width-initial elementor-widget-mobile__width-initial elementor-cta--skin-classic elementor-animated-content elementor-widget elementor-widget-call-to-action\" data-id=\"9c6e80d\" data-element_type=\"widget\" data-e-type=\"widget\" data-widget_type=\"call-to-action.default\">\n\t\t\t\t<div class=\"elementor-widget-container\">\n\t\t\t\t\t\t\t<a class=\"elementor-cta\" href=\"https:\/\/urolognet.com\/genital-estetik\/kadin-genital-estetik\/genital-beyazlatma\/\">\n\t\t\t\t\t<div class=\"elementor-cta__bg-wrapper\">\n\t\t\t\t<div class=\"elementor-cta__bg elementor-bg\" style=\"background-image: url(https:\/\/urolognet.com\/wp-content\/uploads\/2024\/03\/Genital-Beyazlatma.webp);\" role=\"img\" aria-label=\"Genital Beyazlatma\"><\/div>\n\t\t\t\t<div class=\"elementor-cta__bg-overlay\"><\/div>\n\t\t\t<\/div>\n\t\t\t\t\t\t\t<div class=\"elementor-cta__content\">\n\t\t\t\t\n\t\t\t\t\t\t\t\t\t<h2 class=\"elementor-cta__title elementor-cta__content-item elementor-content-item\">\n\t\t\t\t\t\t\u041e\u0442\u0431\u0435\u043b\u0438\u0432\u0430\u043d\u0438\u0435 \u043f\u043e\u043b\u043e\u0432\u044b\u0445 \u043e\u0440\u0433\u0430\u043d\u043e\u0432\t\t\t\t\t<\/h2>\n\t\t\t\t\n\t\t\t\t\t\t\t\t\t<div class=\"elementor-cta__description elementor-cta__content-item elementor-content-item\">\n\t\t\t\t\t\t<p>\u0421\u043e\u0445\u0440\u0430\u043d\u0438\u0442\u0435 \u0442\u043e\u043d \u043a\u043e\u0436\u0438 \u0441\u0431\u0430\u043b\u0430\u043d\u0441\u0438\u0440\u043e\u0432\u0430\u043d\u043d\u044b\u043c \u0438 \u044f\u0440\u043a\u0438\u043c \u0441 \u043f\u043e\u043c\u043e\u0449\u044c\u044e \u043f\u0440\u043e\u0446\u0435\u0434\u0443\u0440\u044b \u043e\u0442\u0431\u0435\u043b\u0438\u0432\u0430\u043d\u0438\u044f \u0433\u0435\u043d\u0438\u0442\u0430\u043b\u0438\u0439.<\/p>\n\t\t\t\t\t<\/div>\n\t\t\t\t\n\t\t\t\t\t\t\t<\/div>\n\t\t\t\t\t\t<\/a>\n\t\t\t\t\t\t<\/div>\n\t\t\t\t<\/div>\n\t\t\t\t<div class=\"elementor-element elementor-element-74301a3 elementor-cta--layout-image-above elementor-cta--mobile-layout-image-above elementor-cta--valign-middle elementor-widget__width-initial elementor-widget-mobile__width-initial elementor-cta--skin-classic elementor-animated-content elementor-widget elementor-widget-call-to-action\" data-id=\"74301a3\" data-element_type=\"widget\" data-e-type=\"widget\" data-widget_type=\"call-to-action.default\">\n\t\t\t\t<div class=\"elementor-widget-container\">\n\t\t\t\t\t\t\t<a class=\"elementor-cta\" href=\"https:\/\/urolognet.com\/genital-estetik\/kadin-genital-estetik\/idrar-kacirma-tedavisi\/\">\n\t\t\t\t\t<div class=\"elementor-cta__bg-wrapper\">\n\t\t\t\t<div class=\"elementor-cta__bg elementor-bg\" style=\"background-image: url(https:\/\/urolognet.com\/wp-content\/uploads\/2024\/03\/Kadin-Idrar-Kacirma.webp);\" role=\"img\" aria-label=\"Kad\u0131n \u0130drar Ka\u00e7\u0131rma\"><\/div>\n\t\t\t\t<div class=\"elementor-cta__bg-overlay\"><\/div>\n\t\t\t<\/div>\n\t\t\t\t\t\t\t<div class=\"elementor-cta__content\">\n\t\t\t\t\n\t\t\t\t\t\t\t\t\t<h2 class=\"elementor-cta__title elementor-cta__content-item elementor-content-item\">\n\t\t\t\t\t\t\u041b\u0435\u0447\u0435\u043d\u0438\u0435 \u043d\u0435\u0434\u0435\u0440\u0436\u0430\u043d\u0438\u044f \u043c\u043e\u0447\u0438\t\t\t\t\t<\/h2>\n\t\t\t\t\n\t\t\t\t\t\t\t\t\t<div class=\"elementor-cta__description elementor-cta__content-item elementor-content-item\">\n\t\t\t\t\t\t<p>\u0421\u0434\u0435\u043b\u0430\u0439\u0442\u0435 \u0448\u0430\u0433 \u043a \u043a\u043e\u043c\u0444\u043e\u0440\u0442\u043d\u043e\u0439 \u0438 \u0431\u0435\u0437\u043e\u043f\u0430\u0441\u043d\u043e\u0439 \u0436\u0438\u0437\u043d\u0438 \u0441 \u043f\u043e\u043c\u043e\u0449\u044c\u044e \u043b\u0435\u0447\u0435\u043d\u0438\u044f \u043d\u0435\u0434\u0435\u0440\u0436\u0430\u043d\u0438\u044f \u043c\u043e\u0447\u0438.<\/p>\n\t\t\t\t\t<\/div>\n\t\t\t\t\n\t\t\t\t\t\t\t<\/div>\n\t\t\t\t\t\t<\/a>\n\t\t\t\t\t\t<\/div>\n\t\t\t\t<\/div>\n\t\t\t\t\t<\/div>\n\t\t\t\t<\/div>\n\t\t\t\t<\/div>\n\t\t","protected":false},"excerpt":{"rendered":"<p>\u041f\u043e\u0447\u0443\u0432\u0441\u0442\u0432\u0443\u0439\u0442\u0435 \u0441\u0435\u0431\u044f \u0445\u043e\u0440\u043e\u0448\u043e \u0441 \u043d\u0430\u0448\u0438\u043c\u0438 \u0443\u0441\u043b\u0443\u0433\u0430\u043c\u0438 \u043f\u043e \u044d\u0441\u0442\u0435\u0442\u0438\u043a\u0435 \u0436\u0435\u043d\u0441\u043a\u0438\u0445 \u043f\u043e\u043b\u043e\u0432\u044b\u0445 \u043e\u0440\u0433\u0430\u043d\u043e\u0432, \u043a\u043e\u0442\u043e\u0440\u044b\u0435 \u0441\u043e\u0447\u0435\u0442\u0430\u044e\u0442 \u0432 \u0441\u0435\u0431\u0435 \u0437\u0434\u043e\u0440\u043e\u0432\u044c\u0435 \u0438 \u044d\u0441\u0442\u0435\u0442\u0438\u043a\u0443. \u041f\u043e\u0437\u043d\u0430\u043a\u043e\u043c\u044c\u0442\u0435\u0441\u044c \u0441 \u043d\u0430\u0448\u0435\u0439 \u043f\u0440\u043e\u0444\u0435\u0441\u0441\u0438\u043e\u043d\u0430\u043b\u044c\u043d\u043e\u0439 \u043a\u043e\u043c\u0430\u043d\u0434\u043e\u0439 \u0438 \u043e\u0442\u043a\u0440\u043e\u0439\u0442\u0435 \u0434\u043b\u044f \u0441\u0435\u0431\u044f \u043d\u0430\u0448\u0438 \u0441\u043f\u0435\u0446\u0438\u0430\u043b\u044c\u043d\u044b\u0435 \u0440\u0435\u0448\u0435\u043d\u0438\u044f.<\/p>\n","protected":false},"author":1,"featured_media":0,"parent":14172,"menu_order":0,"comment_status":"closed","ping_status":"closed","template":"elementor_header_footer","meta":{"footnotes":""},"class_list":["post-14238","page","type-page","status-publish","hentry"],"_links":{"self":[{"href":"https:\/\/urolognet.com\/ru\/wp-json\/wp\/v2\/pages\/14238","targetHints":{"allow":["GET"]}}],"collection":[{"href":"https:\/\/urolognet.com\/ru\/wp-json\/wp\/v2\/pages"}],"about":[{"href":"https:\/\/urolognet.com\/ru\/wp-json\/wp\/v2\/types\/page"}],"author":[{"embeddable":true,"href":"https:\/\/urolognet.com\/ru\/wp-json\/wp\/v2\/users\/1"}],"replies":[{"embeddable":true,"href":"https:\/\/urolognet.com\/ru\/wp-json\/wp\/v2\/comments?post=14238"}],"version-history":[{"count":0,"href":"https:\/\/urolognet.com\/ru\/wp-json\/wp\/v2\/pages\/14238\/revisions"}],"up":[{"embeddable":true,"href":"https:\/\/urolognet.com\/ru\/wp-json\/wp\/v2\/pages\/14172"}],"wp:attachment":[{"href":"https:\/\/urolognet.com\/ru\/wp-json\/wp\/v2\/media?parent=14238"}],"curies":[{"name":"wp","href":"https:\/\/api.w.org\/{rel}","templated":true}]}}